{"id":267942,"date":"2025-09-23T17:53:21","date_gmt":"2025-09-23T15:53:21","guid":{"rendered":"https:\/\/billesandco.paris\/?post_type=product&#038;p=267942"},"modified":"2025-10-22T18:12:09","modified_gmt":"2025-10-22T16:12:09","slug":"ra-2","status":"publish","type":"product","link":"https:\/\/billesandco.paris\/en\/produit\/ra-2\/","title":{"rendered":"Ra"},"content":{"rendered":"<p>Coffret de 29 pi\u00e8ces Ra, contenant 4 vari\u00e9t\u00e9s de billes et 3 vari\u00e9t\u00e9s de galets :<br \/>\n20 billes de 16 mm et 9 galets de 18-22 mm<\/p>\n<ul>\n<li>Designed and assembled in France &#8211; Marbles made in Mexico<\/li>\n<li>Composition: 69% glass &#8211; 3% plastic &#8211; 28% paper and cardboard<\/li>\n<li>Complies with CE and ASTM\/CPSIA standards<\/li>\n<li>Use from age 3 (Europe) or 5 (USA)<\/li>\n<\/ul>\n<p><img data-recalc-dims=\"1\" decoding=\"async\" style=\"height: 20px;\" src=\"https:\/\/i0.wp.com\/billesandco.paris\/wp-content\/uploads\/2023\/03\/ce.png?w=1220&#038;ssl=1\" alt=\"CE\"><\/p>\n","protected":false},"excerpt":{"rendered":"<p>Le petit coffret Ra renferme un tr\u00e9sor de 29 billes et galets, soigneusement s\u00e9lectionn\u00e9s et rang\u00e9s \u00e0 la main dans le coffret. Un assortiment unique aux couleurs du dieu Faucon, protecteur de la Monarchie.  A little Egyptian treasure to play with and collect.<\/p>\n<p>Also available in a <a href=\"https:\/\/billesandco.paris\/en\/?post_type=product&#038;p=267938\">large box<\/a><\/p>\n","protected":false},"featured_media":267944,"template":"","meta":[],"product_brand":[],"product_cat":[145],"product_tag":[283,289,298,294,288,292],"class_list":{"0":"post-267942","1":"product","2":"type-product","3":"status-publish","4":"has-post-thumbnail","6":"product_cat-mini-box-en-2","7":"product_tag-collectors-marbles","8":"product_tag-egypt","9":"product_tag-egyptian-treasure","10":"product_tag-horus-en","11":"product_tag-marbles-nuggets","12":"product_tag-treasure","14":"first","15":"instock","16":"shipping-taxable","17":"purchasable","18":"product-type-simple"},"yoast_head":"<!-- This site is optimized with the Yoast SEO plugin v27.2 - https:\/\/yoast.com\/product\/yoast-seo-wordpress\/ -->\n<title>Mini Box Ra - Billes &amp; Co.<\/title>\n<meta name=\"description\" content=\"Coffret de 29 pi\u00e8ces Ra - Une s\u00e9lection unique de 29 billes et galets, aux couleurs de Ra, le dieu faucon, protecteur de la monarchie.\" \/>\n<meta name=\"robots\" content=\"index, follow, max-snippet:-1, max-image-preview:large, max-video-preview:-1\" \/>\n<link rel=\"canonical\" href=\"https:\/\/billesandco.paris\/en\/produit\/ra-2\/\" \/>\n<meta property=\"og:locale\" content=\"en_US\" \/>\n<meta property=\"og:type\" content=\"article\" \/>\n<meta property=\"og:title\" content=\"Mini Box Ra - Billes &amp; Co.\" \/>\n<meta property=\"og:description\" content=\"Coffret de 29 pi\u00e8ces Ra - Une s\u00e9lection unique de 29 billes et galets, aux couleurs de Ra, le dieu faucon, protecteur de la monarchie.\" \/>\n<meta property=\"og:url\" content=\"https:\/\/billesandco.paris\/en\/produit\/ra-2\/\" \/>\n<meta property=\"og:site_name\" content=\"Billes &amp; Co.\" \/>\n<meta property=\"article:publisher\" content=\"https:\/\/facebook.com\/billesandco\/\" \/>\n<meta property=\"article:modified_time\" content=\"2025-10-22T16:12:09+00:00\" \/>\n<meta property=\"og:image\" content=\"https:\/\/i0.wp.com\/billesandco.paris\/wp-content\/uploads\/2025\/09\/MINIBOX-HORUS.png?fit=1610%2C1822&ssl=1\" \/>\n\t<meta property=\"og:image:width\" content=\"1610\" \/>\n\t<meta property=\"og:image:height\" content=\"1822\" \/>\n\t<meta property=\"og:image:type\" content=\"image\/png\" \/>\n<meta name=\"twitter:card\" content=\"summary_large_image\" \/>\n<script type=\"application\/ld+json\" class=\"yoast-schema-graph\">{\"@context\":\"https:\/\/schema.org\",\"@graph\":[{\"@type\":\"WebPage\",\"@id\":\"https:\/\/billesandco.paris\/en\/produit\/ra-2\/\",\"url\":\"https:\/\/billesandco.paris\/en\/produit\/ra-2\/\",\"name\":\"Mini Box Ra - Billes & Co.\",\"isPartOf\":{\"@id\":\"https:\/\/billesandco.paris\/en\/#website\"},\"primaryImageOfPage\":{\"@id\":\"https:\/\/billesandco.paris\/en\/produit\/ra-2\/#primaryimage\"},\"image\":{\"@id\":\"https:\/\/billesandco.paris\/en\/produit\/ra-2\/#primaryimage\"},\"thumbnailUrl\":\"https:\/\/i0.wp.com\/billesandco.paris\/wp-content\/uploads\/2025\/09\/MINIBOX-HORUS.png?fit=1610%2C1822&ssl=1\",\"datePublished\":\"2025-09-23T15:53:21+00:00\",\"dateModified\":\"2025-10-22T16:12:09+00:00\",\"description\":\"Coffret de 29 pi\u00e8ces Ra - Une s\u00e9lection unique de 29 billes et galets, aux couleurs de Ra, le dieu faucon, protecteur de la monarchie.\",\"breadcrumb\":{\"@id\":\"https:\/\/billesandco.paris\/en\/produit\/ra-2\/#breadcrumb\"},\"inLanguage\":\"en-US\",\"potentialAction\":[{\"@type\":\"ReadAction\",\"target\":[\"https:\/\/billesandco.paris\/en\/produit\/ra-2\/\"]}]},{\"@type\":\"ImageObject\",\"inLanguage\":\"en-US\",\"@id\":\"https:\/\/billesandco.paris\/en\/produit\/ra-2\/#primaryimage\",\"url\":\"https:\/\/i0.wp.com\/billesandco.paris\/wp-content\/uploads\/2025\/09\/MINIBOX-HORUS.png?fit=1610%2C1822&ssl=1\",\"contentUrl\":\"https:\/\/i0.wp.com\/billesandco.paris\/wp-content\/uploads\/2025\/09\/MINIBOX-HORUS.png?fit=1610%2C1822&ssl=1\",\"width\":1610,\"height\":1822},{\"@type\":\"BreadcrumbList\",\"@id\":\"https:\/\/billesandco.paris\/en\/produit\/ra-2\/#breadcrumb\",\"itemListElement\":[{\"@type\":\"ListItem\",\"position\":1,\"name\":\"Accueil\",\"item\":\"https:\/\/billesandco.paris\/en\/\"},{\"@type\":\"ListItem\",\"position\":2,\"name\":\"Home\",\"item\":\"https:\/\/billesandco.paris\/en\/\"},{\"@type\":\"ListItem\",\"position\":3,\"name\":\"Ra\"}]},{\"@type\":\"WebSite\",\"@id\":\"https:\/\/billesandco.paris\/en\/#website\",\"url\":\"https:\/\/billesandco.paris\/en\/\",\"name\":\"Billes & Co.\",\"description\":\"Universes to play and collect\",\"publisher\":{\"@id\":\"https:\/\/billesandco.paris\/en\/#organization\"},\"alternateName\":\"B&CO.\",\"potentialAction\":[{\"@type\":\"SearchAction\",\"target\":{\"@type\":\"EntryPoint\",\"urlTemplate\":\"https:\/\/billesandco.paris\/en\/?s={search_term_string}\"},\"query-input\":{\"@type\":\"PropertyValueSpecification\",\"valueRequired\":true,\"valueName\":\"search_term_string\"}}],\"inLanguage\":\"en-US\"},{\"@type\":\"Organization\",\"@id\":\"https:\/\/billesandco.paris\/en\/#organization\",\"name\":\"Billes & Co.\",\"alternateName\":\"B&CO.\",\"url\":\"https:\/\/billesandco.paris\/en\/\",\"logo\":{\"@type\":\"ImageObject\",\"inLanguage\":\"en-US\",\"@id\":\"https:\/\/billesandco.paris\/en\/#\/schema\/logo\/image\/\",\"url\":\"https:\/\/billesandco.paris\/wp-content\/uploads\/2023\/01\/cropped-logoBCO.png\",\"contentUrl\":\"https:\/\/billesandco.paris\/wp-content\/uploads\/2023\/01\/cropped-logoBCO.png\",\"width\":512,\"height\":512,\"caption\":\"Billes & Co.\"},\"image\":{\"@id\":\"https:\/\/billesandco.paris\/en\/#\/schema\/logo\/image\/\"},\"sameAs\":[\"https:\/\/facebook.com\/billesandco\/\",\"https:\/\/instagram.com\/billesandco\/\"]}]}<\/script>\n<!-- \/ Yoast SEO plugin. -->","yoast_head_json":{"title":"Mini Box Ra - Billes & Co.","description":"Coffret de 29 pi\u00e8ces Ra - Une s\u00e9lection unique de 29 billes et galets, aux couleurs de Ra, le dieu faucon, protecteur de la monarchie.","robots":{"index":"index","follow":"follow","max-snippet":"max-snippet:-1","max-image-preview":"max-image-preview:large","max-video-preview":"max-video-preview:-1"},"canonical":"https:\/\/billesandco.paris\/en\/produit\/ra-2\/","og_locale":"en_US","og_type":"article","og_title":"Mini Box Ra - Billes & Co.","og_description":"Coffret de 29 pi\u00e8ces Ra - Une s\u00e9lection unique de 29 billes et galets, aux couleurs de Ra, le dieu faucon, protecteur de la monarchie.","og_url":"https:\/\/billesandco.paris\/en\/produit\/ra-2\/","og_site_name":"Billes & Co.","article_publisher":"https:\/\/facebook.com\/billesandco\/","article_modified_time":"2025-10-22T16:12:09+00:00","og_image":[{"width":1610,"height":1822,"url":"https:\/\/i0.wp.com\/billesandco.paris\/wp-content\/uploads\/2025\/09\/MINIBOX-HORUS.png?fit=1610%2C1822&ssl=1","type":"image\/png"}],"twitter_card":"summary_large_image","schema":{"@context":"https:\/\/schema.org","@graph":[{"@type":"WebPage","@id":"https:\/\/billesandco.paris\/en\/produit\/ra-2\/","url":"https:\/\/billesandco.paris\/en\/produit\/ra-2\/","name":"Mini Box Ra - Billes & Co.","isPartOf":{"@id":"https:\/\/billesandco.paris\/en\/#website"},"primaryImageOfPage":{"@id":"https:\/\/billesandco.paris\/en\/produit\/ra-2\/#primaryimage"},"image":{"@id":"https:\/\/billesandco.paris\/en\/produit\/ra-2\/#primaryimage"},"thumbnailUrl":"https:\/\/i0.wp.com\/billesandco.paris\/wp-content\/uploads\/2025\/09\/MINIBOX-HORUS.png?fit=1610%2C1822&ssl=1","datePublished":"2025-09-23T15:53:21+00:00","dateModified":"2025-10-22T16:12:09+00:00","description":"Coffret de 29 pi\u00e8ces Ra - Une s\u00e9lection unique de 29 billes et galets, aux couleurs de Ra, le dieu faucon, protecteur de la monarchie.","breadcrumb":{"@id":"https:\/\/billesandco.paris\/en\/produit\/ra-2\/#breadcrumb"},"inLanguage":"en-US","potentialAction":[{"@type":"ReadAction","target":["https:\/\/billesandco.paris\/en\/produit\/ra-2\/"]}]},{"@type":"ImageObject","inLanguage":"en-US","@id":"https:\/\/billesandco.paris\/en\/produit\/ra-2\/#primaryimage","url":"https:\/\/i0.wp.com\/billesandco.paris\/wp-content\/uploads\/2025\/09\/MINIBOX-HORUS.png?fit=1610%2C1822&ssl=1","contentUrl":"https:\/\/i0.wp.com\/billesandco.paris\/wp-content\/uploads\/2025\/09\/MINIBOX-HORUS.png?fit=1610%2C1822&ssl=1","width":1610,"height":1822},{"@type":"BreadcrumbList","@id":"https:\/\/billesandco.paris\/en\/produit\/ra-2\/#breadcrumb","itemListElement":[{"@type":"ListItem","position":1,"name":"Accueil","item":"https:\/\/billesandco.paris\/en\/"},{"@type":"ListItem","position":2,"name":"Home","item":"https:\/\/billesandco.paris\/en\/"},{"@type":"ListItem","position":3,"name":"Ra"}]},{"@type":"WebSite","@id":"https:\/\/billesandco.paris\/en\/#website","url":"https:\/\/billesandco.paris\/en\/","name":"Billes & Co.","description":"Universes to play and collect","publisher":{"@id":"https:\/\/billesandco.paris\/en\/#organization"},"alternateName":"B&CO.","potentialAction":[{"@type":"SearchAction","target":{"@type":"EntryPoint","urlTemplate":"https:\/\/billesandco.paris\/en\/?s={search_term_string}"},"query-input":{"@type":"PropertyValueSpecification","valueRequired":true,"valueName":"search_term_string"}}],"inLanguage":"en-US"},{"@type":"Organization","@id":"https:\/\/billesandco.paris\/en\/#organization","name":"Billes & Co.","alternateName":"B&CO.","url":"https:\/\/billesandco.paris\/en\/","logo":{"@type":"ImageObject","inLanguage":"en-US","@id":"https:\/\/billesandco.paris\/en\/#\/schema\/logo\/image\/","url":"https:\/\/billesandco.paris\/wp-content\/uploads\/2023\/01\/cropped-logoBCO.png","contentUrl":"https:\/\/billesandco.paris\/wp-content\/uploads\/2023\/01\/cropped-logoBCO.png","width":512,"height":512,"caption":"Billes & Co."},"image":{"@id":"https:\/\/billesandco.paris\/en\/#\/schema\/logo\/image\/"},"sameAs":["https:\/\/facebook.com\/billesandco\/","https:\/\/instagram.com\/billesandco\/"]}]}},"_links":{"self":[{"href":"https:\/\/billesandco.paris\/en\/wp-json\/wp\/v2\/product\/267942","targetHints":{"allow":["GET"]}}],"collection":[{"href":"https:\/\/billesandco.paris\/en\/wp-json\/wp\/v2\/product"}],"about":[{"href":"https:\/\/billesandco.paris\/en\/wp-json\/wp\/v2\/types\/product"}],"wp:featuredmedia":[{"embeddable":true,"href":"https:\/\/billesandco.paris\/en\/wp-json\/wp\/v2\/media\/267944"}],"wp:attachment":[{"href":"https:\/\/billesandco.paris\/en\/wp-json\/wp\/v2\/media?parent=267942"}],"wp:term":[{"taxonomy":"product_brand","embeddable":true,"href":"https:\/\/billesandco.paris\/en\/wp-json\/wp\/v2\/product_brand?post=267942"},{"taxonomy":"product_cat","embeddable":true,"href":"https:\/\/billesandco.paris\/en\/wp-json\/wp\/v2\/product_cat?post=267942"},{"taxonomy":"product_tag","embeddable":true,"href":"https:\/\/billesandco.paris\/en\/wp-json\/wp\/v2\/product_tag?post=267942"}],"curies":[{"name":"wp","href":"https:\/\/api.w.org\/{rel}","templated":true}]}}