{"id":245836,"date":"2023-11-29T16:26:44","date_gmt":"2023-11-29T15:26:44","guid":{"rendered":"https:\/\/billesandco.paris\/?post_type=product&#038;p=245836"},"modified":"2023-11-29T17:50:06","modified_gmt":"2023-11-29T16:50:06","slug":"minibox-babyatoutprix-x-bco","status":"publish","type":"product","link":"https:\/\/billesandco.paris\/en\/produit\/minibox-babyatoutprix-x-bco\/","title":{"rendered":"<strong><small>@babyatoutprix X BCO<\/small><\/strong>"},"content":{"rendered":"<p>Set of 30 Le Petit Tr\u00e9sor de Ma\u00ebl, T\u00e9a et No\u00e9 marbles and pebbles, containing 4 varieties of marbles and 1 variety of pebbles:<br \/>\n6 x 14 mm marbles<br \/>\n15 x 16 mm marbles<br \/>\n9 x 18\/22 mm pebbles<\/p>\n<ul>\n<li>Product designed and assembled in France &#8211; Marbles made in Mexico<\/li>\n<li>Composition: 69% glass &#8211; 3% plastic &#8211; 28% paper and cardboard<\/li>\n<li>Complies with CE and ASTM\/CPSIA standards<\/li>\n<li>Use from 3 years (Europe) or 5 years (USA)<\/li>\n<\/ul>\n<p><img data-recalc-dims=\"1\" decoding=\"async\" style=\"height: 20px;\" src=\"https:\/\/i0.wp.com\/billesandco.paris\/wp-content\/uploads\/2023\/03\/ce.png?w=1220&#038;ssl=1\" alt=\"CE\"><\/p>\n","protected":false},"excerpt":{"rendered":"<p>Set of 30 marbles and pebbles<br \/>\nThe little @babyatoutprix collab&#8217; box is a little square of poetry where colors and textures harmoniously interact. A magical walk where encounters give rise to extraordinary adventures, the tender memory of a bucolic landscape, like a herbarium of pretty things. 30 marbles and pebbles to invent and tell your own stories.  <\/p>\n","protected":false},"featured_media":245888,"template":"","meta":[],"product_brand":[],"product_cat":[145],"product_tag":[190,155],"class_list":{"0":"post-245836","1":"product","2":"type-product","3":"status-publish","4":"has-post-thumbnail","6":"product_cat-mini-box-en-2","7":"product_tag-babyatoutprix-en","8":"product_tag-collab-en","10":"first","11":"instock","12":"shipping-taxable","13":"purchasable","14":"product-type-simple"},"yoast_head":"<!-- This site is optimized with the Yoast SEO plugin v27.2 - https:\/\/yoast.com\/product\/yoast-seo-wordpress\/ -->\n<title>Mini Box @babyatoutprix X BCO - Billes &amp; Co.<\/title>\n<meta name=\"description\" content=\"Set of 30 marbles and pebbles - Assortment based on the book L&#039;Histoire Du Dragon by @babyatoutprix, for telling stories.\" \/>\n<meta name=\"robots\" content=\"index, follow, max-snippet:-1, max-image-preview:large, max-video-preview:-1\" \/>\n<link rel=\"canonical\" href=\"https:\/\/billesandco.paris\/en\/produit\/minibox-babyatoutprix-x-bco\/\" \/>\n<meta property=\"og:locale\" content=\"en_US\" \/>\n<meta property=\"og:type\" content=\"article\" \/>\n<meta property=\"og:title\" content=\"Mini Box @babyatoutprix X BCO - Billes &amp; Co.\" \/>\n<meta property=\"og:description\" content=\"Set of 30 marbles and pebbles - Assortment based on the book L&#039;Histoire Du Dragon by @babyatoutprix, for telling stories.\" \/>\n<meta property=\"og:url\" content=\"https:\/\/billesandco.paris\/en\/produit\/minibox-babyatoutprix-x-bco\/\" \/>\n<meta property=\"og:site_name\" content=\"Billes &amp; Co.\" \/>\n<meta property=\"article:publisher\" content=\"https:\/\/facebook.com\/billesandco\/\" \/>\n<meta property=\"article:modified_time\" content=\"2023-11-29T16:50:06+00:00\" \/>\n<meta property=\"og:image\" content=\"https:\/\/i0.wp.com\/billesandco.paris\/wp-content\/uploads\/2023\/11\/MINIBOX-BABYATOUTPRIX.png?fit=1610%2C1822&ssl=1\" \/>\n\t<meta property=\"og:image:width\" content=\"1610\" \/>\n\t<meta property=\"og:image:height\" content=\"1822\" \/>\n\t<meta property=\"og:image:type\" content=\"image\/png\" \/>\n<meta name=\"twitter:card\" content=\"summary_large_image\" \/>\n<script type=\"application\/ld+json\" class=\"yoast-schema-graph\">{\"@context\":\"https:\/\/schema.org\",\"@graph\":[{\"@type\":\"WebPage\",\"@id\":\"https:\/\/billesandco.paris\/en\/produit\/minibox-babyatoutprix-x-bco\/\",\"url\":\"https:\/\/billesandco.paris\/en\/produit\/minibox-babyatoutprix-x-bco\/\",\"name\":\"Mini Box @babyatoutprix X BCO - Billes & Co.\",\"isPartOf\":{\"@id\":\"https:\/\/billesandco.paris\/en\/#website\"},\"primaryImageOfPage\":{\"@id\":\"https:\/\/billesandco.paris\/en\/produit\/minibox-babyatoutprix-x-bco\/#primaryimage\"},\"image\":{\"@id\":\"https:\/\/billesandco.paris\/en\/produit\/minibox-babyatoutprix-x-bco\/#primaryimage\"},\"thumbnailUrl\":\"https:\/\/i0.wp.com\/billesandco.paris\/wp-content\/uploads\/2023\/11\/MINIBOX-BABYATOUTPRIX.png?fit=1610%2C1822&ssl=1\",\"datePublished\":\"2023-11-29T15:26:44+00:00\",\"dateModified\":\"2023-11-29T16:50:06+00:00\",\"description\":\"Set of 30 marbles and pebbles - Assortment based on the book L'Histoire Du Dragon by @babyatoutprix, for telling stories.\",\"breadcrumb\":{\"@id\":\"https:\/\/billesandco.paris\/en\/produit\/minibox-babyatoutprix-x-bco\/#breadcrumb\"},\"inLanguage\":\"en-US\",\"potentialAction\":[{\"@type\":\"ReadAction\",\"target\":[\"https:\/\/billesandco.paris\/en\/produit\/minibox-babyatoutprix-x-bco\/\"]}]},{\"@type\":\"ImageObject\",\"inLanguage\":\"en-US\",\"@id\":\"https:\/\/billesandco.paris\/en\/produit\/minibox-babyatoutprix-x-bco\/#primaryimage\",\"url\":\"https:\/\/i0.wp.com\/billesandco.paris\/wp-content\/uploads\/2023\/11\/MINIBOX-BABYATOUTPRIX.png?fit=1610%2C1822&ssl=1\",\"contentUrl\":\"https:\/\/i0.wp.com\/billesandco.paris\/wp-content\/uploads\/2023\/11\/MINIBOX-BABYATOUTPRIX.png?fit=1610%2C1822&ssl=1\",\"width\":1610,\"height\":1822},{\"@type\":\"BreadcrumbList\",\"@id\":\"https:\/\/billesandco.paris\/en\/produit\/minibox-babyatoutprix-x-bco\/#breadcrumb\",\"itemListElement\":[{\"@type\":\"ListItem\",\"position\":1,\"name\":\"Accueil\",\"item\":\"https:\/\/billesandco.paris\/en\/\"},{\"@type\":\"ListItem\",\"position\":2,\"name\":\"Home\",\"item\":\"https:\/\/billesandco.paris\/en\/\"},{\"@type\":\"ListItem\",\"position\":3,\"name\":\"@babyatoutprix X BCO\"}]},{\"@type\":\"WebSite\",\"@id\":\"https:\/\/billesandco.paris\/en\/#website\",\"url\":\"https:\/\/billesandco.paris\/en\/\",\"name\":\"Billes & Co.\",\"description\":\"Universes to play and collect\",\"publisher\":{\"@id\":\"https:\/\/billesandco.paris\/en\/#organization\"},\"alternateName\":\"B&CO.\",\"potentialAction\":[{\"@type\":\"SearchAction\",\"target\":{\"@type\":\"EntryPoint\",\"urlTemplate\":\"https:\/\/billesandco.paris\/en\/?s={search_term_string}\"},\"query-input\":{\"@type\":\"PropertyValueSpecification\",\"valueRequired\":true,\"valueName\":\"search_term_string\"}}],\"inLanguage\":\"en-US\"},{\"@type\":\"Organization\",\"@id\":\"https:\/\/billesandco.paris\/en\/#organization\",\"name\":\"Billes & Co.\",\"alternateName\":\"B&CO.\",\"url\":\"https:\/\/billesandco.paris\/en\/\",\"logo\":{\"@type\":\"ImageObject\",\"inLanguage\":\"en-US\",\"@id\":\"https:\/\/billesandco.paris\/en\/#\/schema\/logo\/image\/\",\"url\":\"https:\/\/billesandco.paris\/wp-content\/uploads\/2023\/01\/cropped-logoBCO.png\",\"contentUrl\":\"https:\/\/billesandco.paris\/wp-content\/uploads\/2023\/01\/cropped-logoBCO.png\",\"width\":512,\"height\":512,\"caption\":\"Billes & Co.\"},\"image\":{\"@id\":\"https:\/\/billesandco.paris\/en\/#\/schema\/logo\/image\/\"},\"sameAs\":[\"https:\/\/facebook.com\/billesandco\/\",\"https:\/\/instagram.com\/billesandco\/\"]}]}<\/script>\n<!-- \/ Yoast SEO plugin. -->","yoast_head_json":{"title":"Mini Box @babyatoutprix X BCO - Billes & Co.","description":"Set of 30 marbles and pebbles - Assortment based on the book L'Histoire Du Dragon by @babyatoutprix, for telling stories.","robots":{"index":"index","follow":"follow","max-snippet":"max-snippet:-1","max-image-preview":"max-image-preview:large","max-video-preview":"max-video-preview:-1"},"canonical":"https:\/\/billesandco.paris\/en\/produit\/minibox-babyatoutprix-x-bco\/","og_locale":"en_US","og_type":"article","og_title":"Mini Box @babyatoutprix X BCO - Billes & Co.","og_description":"Set of 30 marbles and pebbles - Assortment based on the book L'Histoire Du Dragon by @babyatoutprix, for telling stories.","og_url":"https:\/\/billesandco.paris\/en\/produit\/minibox-babyatoutprix-x-bco\/","og_site_name":"Billes & Co.","article_publisher":"https:\/\/facebook.com\/billesandco\/","article_modified_time":"2023-11-29T16:50:06+00:00","og_image":[{"width":1610,"height":1822,"url":"https:\/\/i0.wp.com\/billesandco.paris\/wp-content\/uploads\/2023\/11\/MINIBOX-BABYATOUTPRIX.png?fit=1610%2C1822&ssl=1","type":"image\/png"}],"twitter_card":"summary_large_image","schema":{"@context":"https:\/\/schema.org","@graph":[{"@type":"WebPage","@id":"https:\/\/billesandco.paris\/en\/produit\/minibox-babyatoutprix-x-bco\/","url":"https:\/\/billesandco.paris\/en\/produit\/minibox-babyatoutprix-x-bco\/","name":"Mini Box @babyatoutprix X BCO - Billes & Co.","isPartOf":{"@id":"https:\/\/billesandco.paris\/en\/#website"},"primaryImageOfPage":{"@id":"https:\/\/billesandco.paris\/en\/produit\/minibox-babyatoutprix-x-bco\/#primaryimage"},"image":{"@id":"https:\/\/billesandco.paris\/en\/produit\/minibox-babyatoutprix-x-bco\/#primaryimage"},"thumbnailUrl":"https:\/\/i0.wp.com\/billesandco.paris\/wp-content\/uploads\/2023\/11\/MINIBOX-BABYATOUTPRIX.png?fit=1610%2C1822&ssl=1","datePublished":"2023-11-29T15:26:44+00:00","dateModified":"2023-11-29T16:50:06+00:00","description":"Set of 30 marbles and pebbles - Assortment based on the book L'Histoire Du Dragon by @babyatoutprix, for telling stories.","breadcrumb":{"@id":"https:\/\/billesandco.paris\/en\/produit\/minibox-babyatoutprix-x-bco\/#breadcrumb"},"inLanguage":"en-US","potentialAction":[{"@type":"ReadAction","target":["https:\/\/billesandco.paris\/en\/produit\/minibox-babyatoutprix-x-bco\/"]}]},{"@type":"ImageObject","inLanguage":"en-US","@id":"https:\/\/billesandco.paris\/en\/produit\/minibox-babyatoutprix-x-bco\/#primaryimage","url":"https:\/\/i0.wp.com\/billesandco.paris\/wp-content\/uploads\/2023\/11\/MINIBOX-BABYATOUTPRIX.png?fit=1610%2C1822&ssl=1","contentUrl":"https:\/\/i0.wp.com\/billesandco.paris\/wp-content\/uploads\/2023\/11\/MINIBOX-BABYATOUTPRIX.png?fit=1610%2C1822&ssl=1","width":1610,"height":1822},{"@type":"BreadcrumbList","@id":"https:\/\/billesandco.paris\/en\/produit\/minibox-babyatoutprix-x-bco\/#breadcrumb","itemListElement":[{"@type":"ListItem","position":1,"name":"Accueil","item":"https:\/\/billesandco.paris\/en\/"},{"@type":"ListItem","position":2,"name":"Home","item":"https:\/\/billesandco.paris\/en\/"},{"@type":"ListItem","position":3,"name":"@babyatoutprix X BCO"}]},{"@type":"WebSite","@id":"https:\/\/billesandco.paris\/en\/#website","url":"https:\/\/billesandco.paris\/en\/","name":"Billes & Co.","description":"Universes to play and collect","publisher":{"@id":"https:\/\/billesandco.paris\/en\/#organization"},"alternateName":"B&CO.","potentialAction":[{"@type":"SearchAction","target":{"@type":"EntryPoint","urlTemplate":"https:\/\/billesandco.paris\/en\/?s={search_term_string}"},"query-input":{"@type":"PropertyValueSpecification","valueRequired":true,"valueName":"search_term_string"}}],"inLanguage":"en-US"},{"@type":"Organization","@id":"https:\/\/billesandco.paris\/en\/#organization","name":"Billes & Co.","alternateName":"B&CO.","url":"https:\/\/billesandco.paris\/en\/","logo":{"@type":"ImageObject","inLanguage":"en-US","@id":"https:\/\/billesandco.paris\/en\/#\/schema\/logo\/image\/","url":"https:\/\/billesandco.paris\/wp-content\/uploads\/2023\/01\/cropped-logoBCO.png","contentUrl":"https:\/\/billesandco.paris\/wp-content\/uploads\/2023\/01\/cropped-logoBCO.png","width":512,"height":512,"caption":"Billes & Co."},"image":{"@id":"https:\/\/billesandco.paris\/en\/#\/schema\/logo\/image\/"},"sameAs":["https:\/\/facebook.com\/billesandco\/","https:\/\/instagram.com\/billesandco\/"]}]}},"_links":{"self":[{"href":"https:\/\/billesandco.paris\/en\/wp-json\/wp\/v2\/product\/245836","targetHints":{"allow":["GET"]}}],"collection":[{"href":"https:\/\/billesandco.paris\/en\/wp-json\/wp\/v2\/product"}],"about":[{"href":"https:\/\/billesandco.paris\/en\/wp-json\/wp\/v2\/types\/product"}],"wp:featuredmedia":[{"embeddable":true,"href":"https:\/\/billesandco.paris\/en\/wp-json\/wp\/v2\/media\/245888"}],"wp:attachment":[{"href":"https:\/\/billesandco.paris\/en\/wp-json\/wp\/v2\/media?parent=245836"}],"wp:term":[{"taxonomy":"product_brand","embeddable":true,"href":"https:\/\/billesandco.paris\/en\/wp-json\/wp\/v2\/product_brand?post=245836"},{"taxonomy":"product_cat","embeddable":true,"href":"https:\/\/billesandco.paris\/en\/wp-json\/wp\/v2\/product_cat?post=245836"},{"taxonomy":"product_tag","embeddable":true,"href":"https:\/\/billesandco.paris\/en\/wp-json\/wp\/v2\/product_tag?post=245836"}],"curies":[{"name":"wp","href":"https:\/\/api.w.org\/{rel}","templated":true}]}}