{"id":269608,"date":"2026-04-03T16:21:09","date_gmt":"2026-04-03T14:21:09","guid":{"rendered":"https:\/\/billesandco.paris\/?post_type=product&#038;p=269608"},"modified":"2026-05-12T14:53:39","modified_gmt":"2026-05-12T12:53:39","slug":"jaime-les-billes-2","status":"publish","type":"product","link":"https:\/\/billesandco.paris\/de\/produit\/jaime-les-billes-2\/","title":{"rendered":"Ich liebe Murmeln"},"content":{"rendered":"<p>29-teilige Schatulle &#8222;Ich liebe Murmeln&#8220;, enth\u00e4lt 4 Sorten Murmeln und 1 Sorte Muggelsteine:<br \/>\n20 16 mm Muggelsteine<\/p>\n<p>9 Muggelsteinen 18\/22 mm<\/p>\n<ul>\n<li>Produkt entworfen und zusammengesetzt in Frankreich &#8211; Murmeln hergestellt in Mexiko<\/li>\n<li>Zusammensetzung: 69% Glas &#8211; 3% Kunststoff &#8211; 28% Papier und Pappe<\/li>\n<li>Entspricht den CE- und ASTM\/CPSIA-Standards<\/li>\n<li>Verwendung ab 3 Jahren (Europa) oder 5 Jahren (USA)<\/li>\n<\/ul>\n<p><img data-recalc-dims=\"1\" decoding=\"async\" style=\"height: 20px;\" src=\"https:\/\/i0.wp.com\/billesandco.paris\/wp-content\/uploads\/2023\/03\/ce.png?w=1220&#038;ssl=1\" alt=\"CE\" \/><\/p>\n","protected":false},"excerpt":{"rendered":"<p>Die kleine Schatulle &#8222;Ich liebe Murmeln&#8220; enth\u00e4lt einen Schatz von 29 Murmeln und Muggelsteinen, die sorgf\u00e4ltig ausgew\u00e4hlt und von Hand in der Schatulle aufbewahrt werden. Eine einzigartige Auswahl an einfarbigen und klaren Farben f\u00fcr alle, die Farben und Murmeln lieben.<\/p>\n<p>Entdecken Sie die gesamte<a href=\"https:\/\/billesandco.paris\/?post_type=product&amp;s=j%27aime%20les\">&#8222;J&#8217;aime les billes<\/a>&#8222;-Kollektion.<\/p>\n","protected":false},"featured_media":269667,"template":"","meta":[],"product_brand":[],"product_cat":[314],"product_tag":[444,451,327,350,445,442,447,359,329,443,446],"class_list":{"0":"post-269608","1":"product","2":"type-product","3":"status-publish","4":"has-post-thumbnail","6":"product_cat-mini-box-de-2","7":"product_tag-arty-murmeln","8":"product_tag-blaue-muggelsteine","9":"product_tag-blaue-murmeln","10":"product_tag-gelbe-murmeln","11":"product_tag-grune-murmeln","12":"product_tag-jaime-les-billes","13":"product_tag-murmeln-opal","14":"product_tag-primarfarben","15":"product_tag-rote-murmeln","16":"product_tag-vereinigte-murmeln","17":"product_tag-weise-murmeln","19":"first","20":"instock","21":"shipping-taxable","22":"purchasable","23":"product-type-simple"},"yoast_head":"<!-- This site is optimized with the Yoast SEO plugin v27.2 - https:\/\/yoast.com\/product\/yoast-seo-wordpress\/ -->\n<title>Mini-Box Ich liebe Murmeln - Billes &amp; Co.<\/title>\n<meta name=\"description\" content=\"&quot;Ich liebe Murmeln&quot;; 29 Murmeln und Muggelsteine in verschiedenen Farben: rot, gr\u00fcn, gelb, wei\u00df und blau. Eine tolle Geschenkidee f\u00fcr Spieler und Sammler.\" \/>\n<meta name=\"robots\" content=\"index, follow, max-snippet:-1, max-image-preview:large, max-video-preview:-1\" \/>\n<link rel=\"canonical\" href=\"https:\/\/billesandco.paris\/de\/produit\/jaime-les-billes-2\/\" \/>\n<meta property=\"og:locale\" content=\"de_DE\" \/>\n<meta property=\"og:type\" content=\"article\" \/>\n<meta property=\"og:title\" content=\"Mini-Box Ich liebe Murmeln - Billes &amp; Co.\" \/>\n<meta property=\"og:description\" content=\"&quot;Ich liebe Murmeln&quot;; 29 Murmeln und Muggelsteine in verschiedenen Farben: rot, gr\u00fcn, gelb, wei\u00df und blau. Eine tolle Geschenkidee f\u00fcr Spieler und Sammler.\" \/>\n<meta property=\"og:url\" content=\"https:\/\/billesandco.paris\/de\/produit\/jaime-les-billes-2\/\" \/>\n<meta property=\"og:site_name\" content=\"Billes &amp; Co.\" \/>\n<meta property=\"article:publisher\" content=\"https:\/\/facebook.com\/billesandco\/\" \/>\n<meta property=\"article:modified_time\" content=\"2026-05-12T12:53:39+00:00\" \/>\n<meta property=\"og:image\" content=\"https:\/\/billesandco.paris\/wp-content\/uploads\/2026\/04\/MINIBOX-JM-LES-BILLES.png\" \/>\n\t<meta property=\"og:image:width\" content=\"1610\" \/>\n\t<meta property=\"og:image:height\" content=\"1822\" \/>\n\t<meta property=\"og:image:type\" content=\"image\/png\" \/>\n<meta name=\"twitter:card\" content=\"summary_large_image\" \/>\n<script type=\"application\/ld+json\" class=\"yoast-schema-graph\">{\"@context\":\"https:\/\/schema.org\",\"@graph\":[{\"@type\":\"WebPage\",\"@id\":\"https:\/\/billesandco.paris\/de\/produit\/jaime-les-billes-2\/\",\"url\":\"https:\/\/billesandco.paris\/de\/produit\/jaime-les-billes-2\/\",\"name\":\"Mini-Box Ich liebe Murmeln - Billes & Co.\",\"isPartOf\":{\"@id\":\"https:\/\/billesandco.paris\/de\/#website\"},\"primaryImageOfPage\":{\"@id\":\"https:\/\/billesandco.paris\/de\/produit\/jaime-les-billes-2\/#primaryimage\"},\"image\":{\"@id\":\"https:\/\/billesandco.paris\/de\/produit\/jaime-les-billes-2\/#primaryimage\"},\"thumbnailUrl\":\"https:\/\/i0.wp.com\/billesandco.paris\/wp-content\/uploads\/2026\/04\/MINIBOX-JM-LES-BILLES.png?fit=1610%2C1822&ssl=1\",\"datePublished\":\"2026-04-03T14:21:09+00:00\",\"dateModified\":\"2026-05-12T12:53:39+00:00\",\"description\":\"\\\"Ich liebe Murmeln\\\"; 29 Murmeln und Muggelsteine in verschiedenen Farben: rot, gr\u00fcn, gelb, wei\u00df und blau. Eine tolle Geschenkidee f\u00fcr Spieler und Sammler.\",\"breadcrumb\":{\"@id\":\"https:\/\/billesandco.paris\/de\/produit\/jaime-les-billes-2\/#breadcrumb\"},\"inLanguage\":\"de\",\"potentialAction\":[{\"@type\":\"ReadAction\",\"target\":[\"https:\/\/billesandco.paris\/de\/produit\/jaime-les-billes-2\/\"]}]},{\"@type\":\"ImageObject\",\"inLanguage\":\"de\",\"@id\":\"https:\/\/billesandco.paris\/de\/produit\/jaime-les-billes-2\/#primaryimage\",\"url\":\"https:\/\/i0.wp.com\/billesandco.paris\/wp-content\/uploads\/2026\/04\/MINIBOX-JM-LES-BILLES.png?fit=1610%2C1822&ssl=1\",\"contentUrl\":\"https:\/\/i0.wp.com\/billesandco.paris\/wp-content\/uploads\/2026\/04\/MINIBOX-JM-LES-BILLES.png?fit=1610%2C1822&ssl=1\",\"width\":1610,\"height\":1822},{\"@type\":\"BreadcrumbList\",\"@id\":\"https:\/\/billesandco.paris\/de\/produit\/jaime-les-billes-2\/#breadcrumb\",\"itemListElement\":[{\"@type\":\"ListItem\",\"position\":1,\"name\":\"Accueil\",\"item\":\"https:\/\/billesandco.paris\/de\/\"},{\"@type\":\"ListItem\",\"position\":2,\"name\":\"Startseite\",\"item\":\"https:\/\/billesandco.paris\/de\/\"},{\"@type\":\"ListItem\",\"position\":3,\"name\":\"Ich liebe Murmeln\"}]},{\"@type\":\"WebSite\",\"@id\":\"https:\/\/billesandco.paris\/de\/#website\",\"url\":\"https:\/\/billesandco.paris\/de\/\",\"name\":\"Billes & Co.\",\"description\":\"Universen zum Spielen und Sammeln\",\"publisher\":{\"@id\":\"https:\/\/billesandco.paris\/de\/#organization\"},\"alternateName\":\"B&CO.\",\"potentialAction\":[{\"@type\":\"SearchAction\",\"target\":{\"@type\":\"EntryPoint\",\"urlTemplate\":\"https:\/\/billesandco.paris\/de\/?s={search_term_string}\"},\"query-input\":{\"@type\":\"PropertyValueSpecification\",\"valueRequired\":true,\"valueName\":\"search_term_string\"}}],\"inLanguage\":\"de\"},{\"@type\":\"Organization\",\"@id\":\"https:\/\/billesandco.paris\/de\/#organization\",\"name\":\"Billes & Co.\",\"alternateName\":\"B&CO.\",\"url\":\"https:\/\/billesandco.paris\/de\/\",\"logo\":{\"@type\":\"ImageObject\",\"inLanguage\":\"de\",\"@id\":\"https:\/\/billesandco.paris\/de\/#\/schema\/logo\/image\/\",\"url\":\"https:\/\/billesandco.paris\/wp-content\/uploads\/2023\/01\/cropped-logoBCO.png\",\"contentUrl\":\"https:\/\/billesandco.paris\/wp-content\/uploads\/2023\/01\/cropped-logoBCO.png\",\"width\":512,\"height\":512,\"caption\":\"Billes & Co.\"},\"image\":{\"@id\":\"https:\/\/billesandco.paris\/de\/#\/schema\/logo\/image\/\"},\"sameAs\":[\"https:\/\/facebook.com\/billesandco\/\",\"https:\/\/instagram.com\/billesandco\/\"]}]}<\/script>\n<!-- \/ Yoast SEO plugin. -->","yoast_head_json":{"title":"Mini-Box Ich liebe Murmeln - Billes & Co.","description":"\"Ich liebe Murmeln\"; 29 Murmeln und Muggelsteine in verschiedenen Farben: rot, gr\u00fcn, gelb, wei\u00df und blau. Eine tolle Geschenkidee f\u00fcr Spieler und Sammler.","robots":{"index":"index","follow":"follow","max-snippet":"max-snippet:-1","max-image-preview":"max-image-preview:large","max-video-preview":"max-video-preview:-1"},"canonical":"https:\/\/billesandco.paris\/de\/produit\/jaime-les-billes-2\/","og_locale":"de_DE","og_type":"article","og_title":"Mini-Box Ich liebe Murmeln - Billes & Co.","og_description":"\"Ich liebe Murmeln\"; 29 Murmeln und Muggelsteine in verschiedenen Farben: rot, gr\u00fcn, gelb, wei\u00df und blau. Eine tolle Geschenkidee f\u00fcr Spieler und Sammler.","og_url":"https:\/\/billesandco.paris\/de\/produit\/jaime-les-billes-2\/","og_site_name":"Billes & Co.","article_publisher":"https:\/\/facebook.com\/billesandco\/","article_modified_time":"2026-05-12T12:53:39+00:00","og_image":[{"width":1610,"height":1822,"url":"https:\/\/billesandco.paris\/wp-content\/uploads\/2026\/04\/MINIBOX-JM-LES-BILLES.png","type":"image\/png"}],"twitter_card":"summary_large_image","schema":{"@context":"https:\/\/schema.org","@graph":[{"@type":"WebPage","@id":"https:\/\/billesandco.paris\/de\/produit\/jaime-les-billes-2\/","url":"https:\/\/billesandco.paris\/de\/produit\/jaime-les-billes-2\/","name":"Mini-Box Ich liebe Murmeln - Billes & Co.","isPartOf":{"@id":"https:\/\/billesandco.paris\/de\/#website"},"primaryImageOfPage":{"@id":"https:\/\/billesandco.paris\/de\/produit\/jaime-les-billes-2\/#primaryimage"},"image":{"@id":"https:\/\/billesandco.paris\/de\/produit\/jaime-les-billes-2\/#primaryimage"},"thumbnailUrl":"https:\/\/i0.wp.com\/billesandco.paris\/wp-content\/uploads\/2026\/04\/MINIBOX-JM-LES-BILLES.png?fit=1610%2C1822&ssl=1","datePublished":"2026-04-03T14:21:09+00:00","dateModified":"2026-05-12T12:53:39+00:00","description":"\"Ich liebe Murmeln\"; 29 Murmeln und Muggelsteine in verschiedenen Farben: rot, gr\u00fcn, gelb, wei\u00df und blau. Eine tolle Geschenkidee f\u00fcr Spieler und Sammler.","breadcrumb":{"@id":"https:\/\/billesandco.paris\/de\/produit\/jaime-les-billes-2\/#breadcrumb"},"inLanguage":"de","potentialAction":[{"@type":"ReadAction","target":["https:\/\/billesandco.paris\/de\/produit\/jaime-les-billes-2\/"]}]},{"@type":"ImageObject","inLanguage":"de","@id":"https:\/\/billesandco.paris\/de\/produit\/jaime-les-billes-2\/#primaryimage","url":"https:\/\/i0.wp.com\/billesandco.paris\/wp-content\/uploads\/2026\/04\/MINIBOX-JM-LES-BILLES.png?fit=1610%2C1822&ssl=1","contentUrl":"https:\/\/i0.wp.com\/billesandco.paris\/wp-content\/uploads\/2026\/04\/MINIBOX-JM-LES-BILLES.png?fit=1610%2C1822&ssl=1","width":1610,"height":1822},{"@type":"BreadcrumbList","@id":"https:\/\/billesandco.paris\/de\/produit\/jaime-les-billes-2\/#breadcrumb","itemListElement":[{"@type":"ListItem","position":1,"name":"Accueil","item":"https:\/\/billesandco.paris\/de\/"},{"@type":"ListItem","position":2,"name":"Startseite","item":"https:\/\/billesandco.paris\/de\/"},{"@type":"ListItem","position":3,"name":"Ich liebe Murmeln"}]},{"@type":"WebSite","@id":"https:\/\/billesandco.paris\/de\/#website","url":"https:\/\/billesandco.paris\/de\/","name":"Billes & Co.","description":"Universen zum Spielen und Sammeln","publisher":{"@id":"https:\/\/billesandco.paris\/de\/#organization"},"alternateName":"B&CO.","potentialAction":[{"@type":"SearchAction","target":{"@type":"EntryPoint","urlTemplate":"https:\/\/billesandco.paris\/de\/?s={search_term_string}"},"query-input":{"@type":"PropertyValueSpecification","valueRequired":true,"valueName":"search_term_string"}}],"inLanguage":"de"},{"@type":"Organization","@id":"https:\/\/billesandco.paris\/de\/#organization","name":"Billes & Co.","alternateName":"B&CO.","url":"https:\/\/billesandco.paris\/de\/","logo":{"@type":"ImageObject","inLanguage":"de","@id":"https:\/\/billesandco.paris\/de\/#\/schema\/logo\/image\/","url":"https:\/\/billesandco.paris\/wp-content\/uploads\/2023\/01\/cropped-logoBCO.png","contentUrl":"https:\/\/billesandco.paris\/wp-content\/uploads\/2023\/01\/cropped-logoBCO.png","width":512,"height":512,"caption":"Billes & Co."},"image":{"@id":"https:\/\/billesandco.paris\/de\/#\/schema\/logo\/image\/"},"sameAs":["https:\/\/facebook.com\/billesandco\/","https:\/\/instagram.com\/billesandco\/"]}]}},"_links":{"self":[{"href":"https:\/\/billesandco.paris\/de\/wp-json\/wp\/v2\/product\/269608","targetHints":{"allow":["GET"]}}],"collection":[{"href":"https:\/\/billesandco.paris\/de\/wp-json\/wp\/v2\/product"}],"about":[{"href":"https:\/\/billesandco.paris\/de\/wp-json\/wp\/v2\/types\/product"}],"wp:featuredmedia":[{"embeddable":true,"href":"https:\/\/billesandco.paris\/de\/wp-json\/wp\/v2\/media\/269667"}],"wp:attachment":[{"href":"https:\/\/billesandco.paris\/de\/wp-json\/wp\/v2\/media?parent=269608"}],"wp:term":[{"taxonomy":"product_brand","embeddable":true,"href":"https:\/\/billesandco.paris\/de\/wp-json\/wp\/v2\/product_brand?post=269608"},{"taxonomy":"product_cat","embeddable":true,"href":"https:\/\/billesandco.paris\/de\/wp-json\/wp\/v2\/product_cat?post=269608"},{"taxonomy":"product_tag","embeddable":true,"href":"https:\/\/billesandco.paris\/de\/wp-json\/wp\/v2\/product_tag?post=269608"}],"curies":[{"name":"wp","href":"https:\/\/api.w.org\/{rel}","templated":true}]}}