{"id":269487,"date":"2026-02-25T10:06:59","date_gmt":"2026-02-25T09:06:59","guid":{"rendered":"https:\/\/billesandco.paris\/?post_type=product&#038;p=269487"},"modified":"2026-05-12T14:49:42","modified_gmt":"2026-05-12T12:49:42","slug":"dinosaures-3","status":"publish","type":"product","link":"https:\/\/billesandco.paris\/de\/produit\/dinosaures-3\/","title":{"rendered":"Dinosaurier"},"content":{"rendered":"<p>Schatulle mit 9 gro\u00dfen Murmel Dinosaurier 25 mm<\/p>\n<ul>\n<li>Produkt entworfen und zusammengesetzt in Frankreich &#8211; Murmeln hergestellt in Mexiko<\/li>\n<li>Zusammensetzung: 68 % Glas &#8211; 3 % Kunststoff &#8211; 28 % Papier und Pappe &#8211; 1 % gefilzte Schurwolle<\/li>\n<li>Entspricht den CE- und ASTM\/CPSIA-Standards<\/li>\n<li>Verwendung ab 3 Jahren (Europa) oder 5 Jahren (USA)<\/li>\n<\/ul>\n<p><img data-recalc-dims=\"1\" decoding=\"async\" style=\"height: 20px;\" src=\"https:\/\/i0.wp.com\/billesandco.paris\/wp-content\/uploads\/2023\/03\/ce.png?w=1220&#038;ssl=1\" alt=\"CE\" \/><\/p>\n","protected":false},"excerpt":{"rendered":"<p>Set mit 9 gro\u00dfen Murmeln<\/p>\n<p>Die Dinosaurier-Kollektion w\u00e4re nicht vollst\u00e4ndig ohne diese kleine Schatulle mit 9 gro\u00dfen Murmeln, die mal Nuggets, mal gefrostet, mal durchsichtig, mal gesprenkelt oder marmoriert sind. Diese wertvollen Spiel- und Sammlerst\u00fccke sind sorgf\u00e4ltig in einer Schatulle aus Karton, Papier und farbigem Filz aufbewahrt, die im Atelier handgefertigt wurde.<\/p>\n","protected":false},"featured_media":269491,"template":"","meta":[],"product_brand":[],"product_cat":[316],"product_tag":[404,412,325,321,426,407],"class_list":{"0":"post-269487","1":"product","2":"type-product","3":"status-publish","4":"has-post-thumbnail","6":"product_cat-grossen-murmeln-mini-box-de","7":"product_tag-dinosaurier","8":"product_tag-diplodocus-de","9":"product_tag-pepite-calots","10":"product_tag-kalotten","11":"product_tag-seltene-grose-murmel","12":"product_tag-tyrannosaurus-de","14":"first","15":"instock","16":"shipping-taxable","17":"purchasable","18":"product-type-simple"},"yoast_head":"<!-- This site is optimized with the Yoast SEO plugin v27.2 - https:\/\/yoast.com\/product\/yoast-seo-wordpress\/ -->\n<title>gro\u00dfen Murmeln Mini Box Dinosaurier - Billes &amp; Co.<\/title>\n<meta name=\"description\" content=\"Einzigartiges Sortiment von 9 gro\u00dfen Murmeln in den Farben und Strukturen der ber\u00fchmtesten Dinosaurier. Tauchen Sie ein in das Zeitalter des Jura!\" \/>\n<meta name=\"robots\" content=\"index, follow, max-snippet:-1, max-image-preview:large, max-video-preview:-1\" \/>\n<link rel=\"canonical\" href=\"https:\/\/billesandco.paris\/de\/produit\/dinosaures-3\/\" \/>\n<meta property=\"og:locale\" content=\"de_DE\" \/>\n<meta property=\"og:type\" content=\"article\" \/>\n<meta property=\"og:title\" content=\"gro\u00dfen Murmeln Mini Box Dinosaurier - Billes &amp; Co.\" \/>\n<meta property=\"og:description\" content=\"Einzigartiges Sortiment von 9 gro\u00dfen Murmeln in den Farben und Strukturen der ber\u00fchmtesten Dinosaurier. Tauchen Sie ein in das Zeitalter des Jura!\" \/>\n<meta property=\"og:url\" content=\"https:\/\/billesandco.paris\/de\/produit\/dinosaures-3\/\" \/>\n<meta property=\"og:site_name\" content=\"Billes &amp; Co.\" \/>\n<meta property=\"article:publisher\" content=\"https:\/\/facebook.com\/billesandco\/\" \/>\n<meta property=\"article:modified_time\" content=\"2026-05-12T12:49:42+00:00\" \/>\n<meta property=\"og:image\" content=\"https:\/\/billesandco.paris\/wp-content\/uploads\/2026\/02\/MINIBOX-CALOTS-DINO.png\" \/>\n\t<meta property=\"og:image:width\" content=\"1610\" \/>\n\t<meta property=\"og:image:height\" content=\"1822\" \/>\n\t<meta property=\"og:image:type\" content=\"image\/png\" \/>\n<meta name=\"twitter:card\" content=\"summary_large_image\" \/>\n<script type=\"application\/ld+json\" class=\"yoast-schema-graph\">{\"@context\":\"https:\/\/schema.org\",\"@graph\":[{\"@type\":\"WebPage\",\"@id\":\"https:\/\/billesandco.paris\/de\/produit\/dinosaures-3\/\",\"url\":\"https:\/\/billesandco.paris\/de\/produit\/dinosaures-3\/\",\"name\":\"gro\u00dfen Murmeln Mini Box Dinosaurier - Billes & Co.\",\"isPartOf\":{\"@id\":\"https:\/\/billesandco.paris\/de\/#website\"},\"primaryImageOfPage\":{\"@id\":\"https:\/\/billesandco.paris\/de\/produit\/dinosaures-3\/#primaryimage\"},\"image\":{\"@id\":\"https:\/\/billesandco.paris\/de\/produit\/dinosaures-3\/#primaryimage\"},\"thumbnailUrl\":\"https:\/\/i0.wp.com\/billesandco.paris\/wp-content\/uploads\/2026\/02\/MINIBOX-CALOTS-DINO.png?fit=1610%2C1822&ssl=1\",\"datePublished\":\"2026-02-25T09:06:59+00:00\",\"dateModified\":\"2026-05-12T12:49:42+00:00\",\"description\":\"Einzigartiges Sortiment von 9 gro\u00dfen Murmeln in den Farben und Strukturen der ber\u00fchmtesten Dinosaurier. Tauchen Sie ein in das Zeitalter des Jura!\",\"breadcrumb\":{\"@id\":\"https:\/\/billesandco.paris\/de\/produit\/dinosaures-3\/#breadcrumb\"},\"inLanguage\":\"de\",\"potentialAction\":[{\"@type\":\"ReadAction\",\"target\":[\"https:\/\/billesandco.paris\/de\/produit\/dinosaures-3\/\"]}]},{\"@type\":\"ImageObject\",\"inLanguage\":\"de\",\"@id\":\"https:\/\/billesandco.paris\/de\/produit\/dinosaures-3\/#primaryimage\",\"url\":\"https:\/\/i0.wp.com\/billesandco.paris\/wp-content\/uploads\/2026\/02\/MINIBOX-CALOTS-DINO.png?fit=1610%2C1822&ssl=1\",\"contentUrl\":\"https:\/\/i0.wp.com\/billesandco.paris\/wp-content\/uploads\/2026\/02\/MINIBOX-CALOTS-DINO.png?fit=1610%2C1822&ssl=1\",\"width\":1610,\"height\":1822},{\"@type\":\"BreadcrumbList\",\"@id\":\"https:\/\/billesandco.paris\/de\/produit\/dinosaures-3\/#breadcrumb\",\"itemListElement\":[{\"@type\":\"ListItem\",\"position\":1,\"name\":\"Accueil\",\"item\":\"https:\/\/billesandco.paris\/de\/\"},{\"@type\":\"ListItem\",\"position\":2,\"name\":\"Startseite\",\"item\":\"https:\/\/billesandco.paris\/de\/\"},{\"@type\":\"ListItem\",\"position\":3,\"name\":\"Dinosaurier\"}]},{\"@type\":\"WebSite\",\"@id\":\"https:\/\/billesandco.paris\/de\/#website\",\"url\":\"https:\/\/billesandco.paris\/de\/\",\"name\":\"Billes & Co.\",\"description\":\"Universen zum Spielen und Sammeln\",\"publisher\":{\"@id\":\"https:\/\/billesandco.paris\/de\/#organization\"},\"alternateName\":\"B&CO.\",\"potentialAction\":[{\"@type\":\"SearchAction\",\"target\":{\"@type\":\"EntryPoint\",\"urlTemplate\":\"https:\/\/billesandco.paris\/de\/?s={search_term_string}\"},\"query-input\":{\"@type\":\"PropertyValueSpecification\",\"valueRequired\":true,\"valueName\":\"search_term_string\"}}],\"inLanguage\":\"de\"},{\"@type\":\"Organization\",\"@id\":\"https:\/\/billesandco.paris\/de\/#organization\",\"name\":\"Billes & Co.\",\"alternateName\":\"B&CO.\",\"url\":\"https:\/\/billesandco.paris\/de\/\",\"logo\":{\"@type\":\"ImageObject\",\"inLanguage\":\"de\",\"@id\":\"https:\/\/billesandco.paris\/de\/#\/schema\/logo\/image\/\",\"url\":\"https:\/\/billesandco.paris\/wp-content\/uploads\/2023\/01\/cropped-logoBCO.png\",\"contentUrl\":\"https:\/\/billesandco.paris\/wp-content\/uploads\/2023\/01\/cropped-logoBCO.png\",\"width\":512,\"height\":512,\"caption\":\"Billes & Co.\"},\"image\":{\"@id\":\"https:\/\/billesandco.paris\/de\/#\/schema\/logo\/image\/\"},\"sameAs\":[\"https:\/\/facebook.com\/billesandco\/\",\"https:\/\/instagram.com\/billesandco\/\"]}]}<\/script>\n<!-- \/ Yoast SEO plugin. -->","yoast_head_json":{"title":"gro\u00dfen Murmeln Mini Box Dinosaurier - Billes & Co.","description":"Einzigartiges Sortiment von 9 gro\u00dfen Murmeln in den Farben und Strukturen der ber\u00fchmtesten Dinosaurier. Tauchen Sie ein in das Zeitalter des Jura!","robots":{"index":"index","follow":"follow","max-snippet":"max-snippet:-1","max-image-preview":"max-image-preview:large","max-video-preview":"max-video-preview:-1"},"canonical":"https:\/\/billesandco.paris\/de\/produit\/dinosaures-3\/","og_locale":"de_DE","og_type":"article","og_title":"gro\u00dfen Murmeln Mini Box Dinosaurier - Billes & Co.","og_description":"Einzigartiges Sortiment von 9 gro\u00dfen Murmeln in den Farben und Strukturen der ber\u00fchmtesten Dinosaurier. Tauchen Sie ein in das Zeitalter des Jura!","og_url":"https:\/\/billesandco.paris\/de\/produit\/dinosaures-3\/","og_site_name":"Billes & Co.","article_publisher":"https:\/\/facebook.com\/billesandco\/","article_modified_time":"2026-05-12T12:49:42+00:00","og_image":[{"width":1610,"height":1822,"url":"https:\/\/billesandco.paris\/wp-content\/uploads\/2026\/02\/MINIBOX-CALOTS-DINO.png","type":"image\/png"}],"twitter_card":"summary_large_image","schema":{"@context":"https:\/\/schema.org","@graph":[{"@type":"WebPage","@id":"https:\/\/billesandco.paris\/de\/produit\/dinosaures-3\/","url":"https:\/\/billesandco.paris\/de\/produit\/dinosaures-3\/","name":"gro\u00dfen Murmeln Mini Box Dinosaurier - Billes & Co.","isPartOf":{"@id":"https:\/\/billesandco.paris\/de\/#website"},"primaryImageOfPage":{"@id":"https:\/\/billesandco.paris\/de\/produit\/dinosaures-3\/#primaryimage"},"image":{"@id":"https:\/\/billesandco.paris\/de\/produit\/dinosaures-3\/#primaryimage"},"thumbnailUrl":"https:\/\/i0.wp.com\/billesandco.paris\/wp-content\/uploads\/2026\/02\/MINIBOX-CALOTS-DINO.png?fit=1610%2C1822&ssl=1","datePublished":"2026-02-25T09:06:59+00:00","dateModified":"2026-05-12T12:49:42+00:00","description":"Einzigartiges Sortiment von 9 gro\u00dfen Murmeln in den Farben und Strukturen der ber\u00fchmtesten Dinosaurier. Tauchen Sie ein in das Zeitalter des Jura!","breadcrumb":{"@id":"https:\/\/billesandco.paris\/de\/produit\/dinosaures-3\/#breadcrumb"},"inLanguage":"de","potentialAction":[{"@type":"ReadAction","target":["https:\/\/billesandco.paris\/de\/produit\/dinosaures-3\/"]}]},{"@type":"ImageObject","inLanguage":"de","@id":"https:\/\/billesandco.paris\/de\/produit\/dinosaures-3\/#primaryimage","url":"https:\/\/i0.wp.com\/billesandco.paris\/wp-content\/uploads\/2026\/02\/MINIBOX-CALOTS-DINO.png?fit=1610%2C1822&ssl=1","contentUrl":"https:\/\/i0.wp.com\/billesandco.paris\/wp-content\/uploads\/2026\/02\/MINIBOX-CALOTS-DINO.png?fit=1610%2C1822&ssl=1","width":1610,"height":1822},{"@type":"BreadcrumbList","@id":"https:\/\/billesandco.paris\/de\/produit\/dinosaures-3\/#breadcrumb","itemListElement":[{"@type":"ListItem","position":1,"name":"Accueil","item":"https:\/\/billesandco.paris\/de\/"},{"@type":"ListItem","position":2,"name":"Startseite","item":"https:\/\/billesandco.paris\/de\/"},{"@type":"ListItem","position":3,"name":"Dinosaurier"}]},{"@type":"WebSite","@id":"https:\/\/billesandco.paris\/de\/#website","url":"https:\/\/billesandco.paris\/de\/","name":"Billes & Co.","description":"Universen zum Spielen und Sammeln","publisher":{"@id":"https:\/\/billesandco.paris\/de\/#organization"},"alternateName":"B&CO.","potentialAction":[{"@type":"SearchAction","target":{"@type":"EntryPoint","urlTemplate":"https:\/\/billesandco.paris\/de\/?s={search_term_string}"},"query-input":{"@type":"PropertyValueSpecification","valueRequired":true,"valueName":"search_term_string"}}],"inLanguage":"de"},{"@type":"Organization","@id":"https:\/\/billesandco.paris\/de\/#organization","name":"Billes & Co.","alternateName":"B&CO.","url":"https:\/\/billesandco.paris\/de\/","logo":{"@type":"ImageObject","inLanguage":"de","@id":"https:\/\/billesandco.paris\/de\/#\/schema\/logo\/image\/","url":"https:\/\/billesandco.paris\/wp-content\/uploads\/2023\/01\/cropped-logoBCO.png","contentUrl":"https:\/\/billesandco.paris\/wp-content\/uploads\/2023\/01\/cropped-logoBCO.png","width":512,"height":512,"caption":"Billes & Co."},"image":{"@id":"https:\/\/billesandco.paris\/de\/#\/schema\/logo\/image\/"},"sameAs":["https:\/\/facebook.com\/billesandco\/","https:\/\/instagram.com\/billesandco\/"]}]}},"_links":{"self":[{"href":"https:\/\/billesandco.paris\/de\/wp-json\/wp\/v2\/product\/269487","targetHints":{"allow":["GET"]}}],"collection":[{"href":"https:\/\/billesandco.paris\/de\/wp-json\/wp\/v2\/product"}],"about":[{"href":"https:\/\/billesandco.paris\/de\/wp-json\/wp\/v2\/types\/product"}],"wp:featuredmedia":[{"embeddable":true,"href":"https:\/\/billesandco.paris\/de\/wp-json\/wp\/v2\/media\/269491"}],"wp:attachment":[{"href":"https:\/\/billesandco.paris\/de\/wp-json\/wp\/v2\/media?parent=269487"}],"wp:term":[{"taxonomy":"product_brand","embeddable":true,"href":"https:\/\/billesandco.paris\/de\/wp-json\/wp\/v2\/product_brand?post=269487"},{"taxonomy":"product_cat","embeddable":true,"href":"https:\/\/billesandco.paris\/de\/wp-json\/wp\/v2\/product_cat?post=269487"},{"taxonomy":"product_tag","embeddable":true,"href":"https:\/\/billesandco.paris\/de\/wp-json\/wp\/v2\/product_tag?post=269487"}],"curies":[{"name":"wp","href":"https:\/\/api.w.org\/{rel}","templated":true}]}}