{"id":268465,"date":"2025-11-07T20:01:39","date_gmt":"2025-11-07T19:01:39","guid":{"rendered":"https:\/\/billesandco.paris\/?post_type=product&#038;p=268465"},"modified":"2025-11-13T03:24:06","modified_gmt":"2025-11-13T02:24:06","slug":"dinosaurier","status":"publish","type":"product","link":"https:\/\/billesandco.paris\/de\/produit\/dinosaurier\/","title":{"rendered":"Dinosaurier"},"content":{"rendered":"<p>52 Dinosaurier-Murmeln in einer Schatulle mit 8 verschiedenen Murmeln und 4 verschiedenen gro\u00dfe Murmeln:<br \/>\n48 Murmeln 16 mm und 4 gro\u00dfe Murmeln 22\/25 mm.<\/p>\n<ul>\n<li>Produkt entworfen und zusammengesetzt in Frankreich &#8211; Murmeln hergestellt in Mexiko<\/li>\n<li>Zusammensetzung: 69% Glas &#8211; 3% Kunststoff &#8211; 28% Papier und Pappe<\/li>\n<li>Entspricht den CE- und ASTM\/CPSIA-Standards<\/li>\n<li>Verwendung ab 3 Jahren (Europa) oder 5 Jahren (USA)<\/li>\n<\/ul>\n<p><img data-recalc-dims=\"1\" decoding=\"async\" style=\"height: 20px;\" src=\"https:\/\/i0.wp.com\/billesandco.paris\/wp-content\/uploads\/2023\/03\/ce.png?w=1220&#038;ssl=1\" alt=\"CE\"><\/p>\n","protected":false},"excerpt":{"rendered":"<p>Set mit 52 Murmeln und gro\u00dfe Murmeln<\/p>\n<p>Das Dinosaurier-Set enth\u00e4lt einen Schatz von 52 Murmeln und gro\u00dfe Murmeln in den Farben der ber\u00fchmtesten Dinosaurier des Jurazeitalters, Tyrannosaurus, Diplodocus, Triceratops und Pterodactylus.<\/p>\n<p>Auch als Mini-Set erh\u00e4ltlich.<\/p>\n<p>&nbsp;<\/p>\n","protected":false},"featured_media":268634,"template":"","meta":[],"product_brand":[],"product_cat":[307],"product_tag":[404,412,420,424,417,407],"class_list":{"0":"post-268465","1":"product","2":"type-product","3":"status-publish","4":"has-post-thumbnail","6":"product_cat-box-de-2","7":"product_tag-dinosaurier","8":"product_tag-diplodocus-de","9":"product_tag-murmeln","10":"product_tag-pterodactyl-de","11":"product_tag-triceratops-de","12":"product_tag-tyrannosaurus-de","14":"first","15":"instock","16":"shipping-taxable","17":"purchasable","18":"product-type-simple"},"yoast_head":"<!-- This site is optimized with the Yoast SEO plugin v27.2 - https:\/\/yoast.com\/product\/yoast-seo-wordpress\/ -->\n<title>Box Dinosaurier - Billes &amp; Co.<\/title>\n<meta name=\"description\" content=\"Eine Schatulle mit 52 Murmeln und gro\u00dfen Murmeln in den Farben und Strukturen von Tyrannosaurus, Diplodocus, Pterodactylus und Triceratops. Tauchen Sie ein in das Zeitalter des Jura.\" \/>\n<meta name=\"robots\" content=\"index, follow, max-snippet:-1, max-image-preview:large, max-video-preview:-1\" \/>\n<link rel=\"canonical\" href=\"https:\/\/billesandco.paris\/de\/produit\/dinosaurier\/\" \/>\n<meta property=\"og:locale\" content=\"de_DE\" \/>\n<meta property=\"og:type\" content=\"article\" \/>\n<meta property=\"og:title\" content=\"Box Dinosaurier - Billes &amp; Co.\" \/>\n<meta property=\"og:description\" content=\"Eine Schatulle mit 52 Murmeln und gro\u00dfen Murmeln in den Farben und Strukturen von Tyrannosaurus, Diplodocus, Pterodactylus und Triceratops. Tauchen Sie ein in das Zeitalter des Jura.\" \/>\n<meta property=\"og:url\" content=\"https:\/\/billesandco.paris\/de\/produit\/dinosaurier\/\" \/>\n<meta property=\"og:site_name\" content=\"Billes &amp; Co.\" \/>\n<meta property=\"article:publisher\" content=\"https:\/\/facebook.com\/billesandco\/\" \/>\n<meta property=\"article:modified_time\" content=\"2025-11-13T02:24:06+00:00\" \/>\n<meta property=\"og:image\" content=\"https:\/\/billesandco.paris\/wp-content\/uploads\/2025\/11\/BOX-DINOSAURES-905x1024.png\" \/>\n\t<meta property=\"og:image:width\" content=\"905\" \/>\n\t<meta property=\"og:image:height\" content=\"1024\" \/>\n\t<meta property=\"og:image:type\" content=\"image\/png\" \/>\n<meta name=\"twitter:card\" content=\"summary_large_image\" \/>\n<script type=\"application\/ld+json\" class=\"yoast-schema-graph\">{\"@context\":\"https:\/\/schema.org\",\"@graph\":[{\"@type\":\"WebPage\",\"@id\":\"https:\/\/billesandco.paris\/de\/produit\/dinosaurier\/\",\"url\":\"https:\/\/billesandco.paris\/de\/produit\/dinosaurier\/\",\"name\":\"Box Dinosaurier - Billes & Co.\",\"isPartOf\":{\"@id\":\"https:\/\/billesandco.paris\/de\/#website\"},\"primaryImageOfPage\":{\"@id\":\"https:\/\/billesandco.paris\/de\/produit\/dinosaurier\/#primaryimage\"},\"image\":{\"@id\":\"https:\/\/billesandco.paris\/de\/produit\/dinosaurier\/#primaryimage\"},\"thumbnailUrl\":\"https:\/\/i0.wp.com\/billesandco.paris\/wp-content\/uploads\/2025\/11\/BOX-DINOSAURES-1.png?fit=1610%2C1822&ssl=1\",\"datePublished\":\"2025-11-07T19:01:39+00:00\",\"dateModified\":\"2025-11-13T02:24:06+00:00\",\"description\":\"Eine Schatulle mit 52 Murmeln und gro\u00dfen Murmeln in den Farben und Strukturen von Tyrannosaurus, Diplodocus, Pterodactylus und Triceratops. Tauchen Sie ein in das Zeitalter des Jura.\",\"breadcrumb\":{\"@id\":\"https:\/\/billesandco.paris\/de\/produit\/dinosaurier\/#breadcrumb\"},\"inLanguage\":\"de\",\"potentialAction\":[{\"@type\":\"ReadAction\",\"target\":[\"https:\/\/billesandco.paris\/de\/produit\/dinosaurier\/\"]}]},{\"@type\":\"ImageObject\",\"inLanguage\":\"de\",\"@id\":\"https:\/\/billesandco.paris\/de\/produit\/dinosaurier\/#primaryimage\",\"url\":\"https:\/\/i0.wp.com\/billesandco.paris\/wp-content\/uploads\/2025\/11\/BOX-DINOSAURES-1.png?fit=1610%2C1822&ssl=1\",\"contentUrl\":\"https:\/\/i0.wp.com\/billesandco.paris\/wp-content\/uploads\/2025\/11\/BOX-DINOSAURES-1.png?fit=1610%2C1822&ssl=1\",\"width\":1610,\"height\":1822},{\"@type\":\"BreadcrumbList\",\"@id\":\"https:\/\/billesandco.paris\/de\/produit\/dinosaurier\/#breadcrumb\",\"itemListElement\":[{\"@type\":\"ListItem\",\"position\":1,\"name\":\"Accueil\",\"item\":\"https:\/\/billesandco.paris\/de\/\"},{\"@type\":\"ListItem\",\"position\":2,\"name\":\"Startseite\",\"item\":\"https:\/\/billesandco.paris\/de\/\"},{\"@type\":\"ListItem\",\"position\":3,\"name\":\"Dinosaurier\"}]},{\"@type\":\"WebSite\",\"@id\":\"https:\/\/billesandco.paris\/de\/#website\",\"url\":\"https:\/\/billesandco.paris\/de\/\",\"name\":\"Billes & Co.\",\"description\":\"Universen zum Spielen und Sammeln\",\"publisher\":{\"@id\":\"https:\/\/billesandco.paris\/de\/#organization\"},\"alternateName\":\"B&CO.\",\"potentialAction\":[{\"@type\":\"SearchAction\",\"target\":{\"@type\":\"EntryPoint\",\"urlTemplate\":\"https:\/\/billesandco.paris\/de\/?s={search_term_string}\"},\"query-input\":{\"@type\":\"PropertyValueSpecification\",\"valueRequired\":true,\"valueName\":\"search_term_string\"}}],\"inLanguage\":\"de\"},{\"@type\":\"Organization\",\"@id\":\"https:\/\/billesandco.paris\/de\/#organization\",\"name\":\"Billes & Co.\",\"alternateName\":\"B&CO.\",\"url\":\"https:\/\/billesandco.paris\/de\/\",\"logo\":{\"@type\":\"ImageObject\",\"inLanguage\":\"de\",\"@id\":\"https:\/\/billesandco.paris\/de\/#\/schema\/logo\/image\/\",\"url\":\"https:\/\/billesandco.paris\/wp-content\/uploads\/2023\/01\/cropped-logoBCO.png\",\"contentUrl\":\"https:\/\/billesandco.paris\/wp-content\/uploads\/2023\/01\/cropped-logoBCO.png\",\"width\":512,\"height\":512,\"caption\":\"Billes & Co.\"},\"image\":{\"@id\":\"https:\/\/billesandco.paris\/de\/#\/schema\/logo\/image\/\"},\"sameAs\":[\"https:\/\/facebook.com\/billesandco\/\",\"https:\/\/instagram.com\/billesandco\/\"]}]}<\/script>\n<!-- \/ Yoast SEO plugin. -->","yoast_head_json":{"title":"Box Dinosaurier - Billes & Co.","description":"Eine Schatulle mit 52 Murmeln und gro\u00dfen Murmeln in den Farben und Strukturen von Tyrannosaurus, Diplodocus, Pterodactylus und Triceratops. Tauchen Sie ein in das Zeitalter des Jura.","robots":{"index":"index","follow":"follow","max-snippet":"max-snippet:-1","max-image-preview":"max-image-preview:large","max-video-preview":"max-video-preview:-1"},"canonical":"https:\/\/billesandco.paris\/de\/produit\/dinosaurier\/","og_locale":"de_DE","og_type":"article","og_title":"Box Dinosaurier - Billes & Co.","og_description":"Eine Schatulle mit 52 Murmeln und gro\u00dfen Murmeln in den Farben und Strukturen von Tyrannosaurus, Diplodocus, Pterodactylus und Triceratops. Tauchen Sie ein in das Zeitalter des Jura.","og_url":"https:\/\/billesandco.paris\/de\/produit\/dinosaurier\/","og_site_name":"Billes & Co.","article_publisher":"https:\/\/facebook.com\/billesandco\/","article_modified_time":"2025-11-13T02:24:06+00:00","og_image":[{"width":905,"height":1024,"url":"https:\/\/billesandco.paris\/wp-content\/uploads\/2025\/11\/BOX-DINOSAURES-905x1024.png","type":"image\/png"}],"twitter_card":"summary_large_image","schema":{"@context":"https:\/\/schema.org","@graph":[{"@type":"WebPage","@id":"https:\/\/billesandco.paris\/de\/produit\/dinosaurier\/","url":"https:\/\/billesandco.paris\/de\/produit\/dinosaurier\/","name":"Box Dinosaurier - Billes & Co.","isPartOf":{"@id":"https:\/\/billesandco.paris\/de\/#website"},"primaryImageOfPage":{"@id":"https:\/\/billesandco.paris\/de\/produit\/dinosaurier\/#primaryimage"},"image":{"@id":"https:\/\/billesandco.paris\/de\/produit\/dinosaurier\/#primaryimage"},"thumbnailUrl":"https:\/\/i0.wp.com\/billesandco.paris\/wp-content\/uploads\/2025\/11\/BOX-DINOSAURES-1.png?fit=1610%2C1822&ssl=1","datePublished":"2025-11-07T19:01:39+00:00","dateModified":"2025-11-13T02:24:06+00:00","description":"Eine Schatulle mit 52 Murmeln und gro\u00dfen Murmeln in den Farben und Strukturen von Tyrannosaurus, Diplodocus, Pterodactylus und Triceratops. Tauchen Sie ein in das Zeitalter des Jura.","breadcrumb":{"@id":"https:\/\/billesandco.paris\/de\/produit\/dinosaurier\/#breadcrumb"},"inLanguage":"de","potentialAction":[{"@type":"ReadAction","target":["https:\/\/billesandco.paris\/de\/produit\/dinosaurier\/"]}]},{"@type":"ImageObject","inLanguage":"de","@id":"https:\/\/billesandco.paris\/de\/produit\/dinosaurier\/#primaryimage","url":"https:\/\/i0.wp.com\/billesandco.paris\/wp-content\/uploads\/2025\/11\/BOX-DINOSAURES-1.png?fit=1610%2C1822&ssl=1","contentUrl":"https:\/\/i0.wp.com\/billesandco.paris\/wp-content\/uploads\/2025\/11\/BOX-DINOSAURES-1.png?fit=1610%2C1822&ssl=1","width":1610,"height":1822},{"@type":"BreadcrumbList","@id":"https:\/\/billesandco.paris\/de\/produit\/dinosaurier\/#breadcrumb","itemListElement":[{"@type":"ListItem","position":1,"name":"Accueil","item":"https:\/\/billesandco.paris\/de\/"},{"@type":"ListItem","position":2,"name":"Startseite","item":"https:\/\/billesandco.paris\/de\/"},{"@type":"ListItem","position":3,"name":"Dinosaurier"}]},{"@type":"WebSite","@id":"https:\/\/billesandco.paris\/de\/#website","url":"https:\/\/billesandco.paris\/de\/","name":"Billes & Co.","description":"Universen zum Spielen und Sammeln","publisher":{"@id":"https:\/\/billesandco.paris\/de\/#organization"},"alternateName":"B&CO.","potentialAction":[{"@type":"SearchAction","target":{"@type":"EntryPoint","urlTemplate":"https:\/\/billesandco.paris\/de\/?s={search_term_string}"},"query-input":{"@type":"PropertyValueSpecification","valueRequired":true,"valueName":"search_term_string"}}],"inLanguage":"de"},{"@type":"Organization","@id":"https:\/\/billesandco.paris\/de\/#organization","name":"Billes & Co.","alternateName":"B&CO.","url":"https:\/\/billesandco.paris\/de\/","logo":{"@type":"ImageObject","inLanguage":"de","@id":"https:\/\/billesandco.paris\/de\/#\/schema\/logo\/image\/","url":"https:\/\/billesandco.paris\/wp-content\/uploads\/2023\/01\/cropped-logoBCO.png","contentUrl":"https:\/\/billesandco.paris\/wp-content\/uploads\/2023\/01\/cropped-logoBCO.png","width":512,"height":512,"caption":"Billes & Co."},"image":{"@id":"https:\/\/billesandco.paris\/de\/#\/schema\/logo\/image\/"},"sameAs":["https:\/\/facebook.com\/billesandco\/","https:\/\/instagram.com\/billesandco\/"]}]}},"_links":{"self":[{"href":"https:\/\/billesandco.paris\/de\/wp-json\/wp\/v2\/product\/268465","targetHints":{"allow":["GET"]}}],"collection":[{"href":"https:\/\/billesandco.paris\/de\/wp-json\/wp\/v2\/product"}],"about":[{"href":"https:\/\/billesandco.paris\/de\/wp-json\/wp\/v2\/types\/product"}],"wp:featuredmedia":[{"embeddable":true,"href":"https:\/\/billesandco.paris\/de\/wp-json\/wp\/v2\/media\/268634"}],"wp:attachment":[{"href":"https:\/\/billesandco.paris\/de\/wp-json\/wp\/v2\/media?parent=268465"}],"wp:term":[{"taxonomy":"product_brand","embeddable":true,"href":"https:\/\/billesandco.paris\/de\/wp-json\/wp\/v2\/product_brand?post=268465"},{"taxonomy":"product_cat","embeddable":true,"href":"https:\/\/billesandco.paris\/de\/wp-json\/wp\/v2\/product_cat?post=268465"},{"taxonomy":"product_tag","embeddable":true,"href":"https:\/\/billesandco.paris\/de\/wp-json\/wp\/v2\/product_tag?post=268465"}],"curies":[{"name":"wp","href":"https:\/\/api.w.org\/{rel}","templated":true}]}}