{"id":268334,"date":"2024-08-14T16:09:40","date_gmt":"2024-08-14T14:09:40","guid":{"rendered":"https:\/\/billesandco.paris\/produit\/minibox-papillons-anamorphique\/"},"modified":"2025-10-08T20:51:07","modified_gmt":"2025-10-08T18:51:07","slug":"minibox-papillons-anamorphique","status":"publish","type":"product","link":"https:\/\/billesandco.paris\/de\/produit\/minibox-papillons-anamorphique\/","title":{"rendered":"Anamorphe Schmetterlinge"},"content":{"rendered":"<p>25 Schmetterlingsmurmeln mit 5 verschiedenen 16mm Murmeln.<br \/>\nIn Frankreich entworfen und zusammengebaut &#8211; Murmeln in Mexiko hergestellt.<\/p>\n<ul>\n<li>Zusammensetzung: 69% Glas &#8211; 3% Kunststoff &#8211; 28% Papier und Pappe<\/li>\n<li>Entspricht den CE- und ASTM\/CPSIA-Standards<\/li>\n<li>Verwendung ab 3 Jahren (Europa) oder 5 Jahren (USA)<\/li>\n<\/ul>\n<p><img data-recalc-dims=\"1\" decoding=\"async\" style=\"height: 20px;\" src=\"https:\/\/i0.wp.com\/billesandco.paris\/wp-content\/uploads\/2023\/03\/ce.png?w=1220&#038;ssl=1\" alt=\"CE\"><\/p>\n","protected":false},"excerpt":{"rendered":"<p>25 Murmeln im Set<\/p>\n<p>F\u00fcr dieses Sortiment mit den sch\u00f6nsten Farben der Saison haben wir uns entschieden, Ihnen ein magisches Erlebnis zu bieten. Wenn Sie die Schachtel \u00f6ffnen, k\u00f6nnen Sie selbst einen Schmetterlingsschwarm herbeizaubern. Mit dem neuen anamorphotischen Design, das von der Werkstatt Billes &amp; Co. entworfen und entwickelt wurde, werden Sie nicht nur die wundersch\u00f6nen Murmeln entdecken. Lassen Sie sich von den Geheimnissen \u00fcberraschen, die sich im Inneren der Schachtel verbergen!   <\/p>\n","protected":false},"featured_media":268335,"template":"","meta":[],"product_brand":[],"product_cat":[314],"product_tag":[385,386,343,342,384],"class_list":{"0":"post-268334","1":"product","2":"type-product","3":"status-publish","4":"has-post-thumbnail","6":"product_cat-mini-box-de-2","7":"product_tag-anamorph","8":"product_tag-anamorphose-de","9":"product_tag-design-de","10":"product_tag-natur","11":"product_tag-schmetterling","13":"first","14":"instock","15":"shipping-taxable","16":"purchasable","17":"product-type-simple"},"yoast_head":"<!-- This site is optimized with the Yoast SEO plugin v27.2 - https:\/\/yoast.com\/product\/yoast-seo-wordpress\/ -->\n<title>Mini-Box Anamorphe Schmetterlinge - Billes &amp; Co.<\/title>\n<meta name=\"description\" content=\"Set mit 25 Murmeln, Muggelsteinen und Muggelm\u00fctzen - Ein Set in Rosat\u00f6nen, das mit seinem neuen anamorphotischen Design ein magisches Erlebnis bietet.\" \/>\n<meta name=\"robots\" content=\"index, follow, max-snippet:-1, max-image-preview:large, max-video-preview:-1\" \/>\n<link rel=\"canonical\" href=\"https:\/\/billesandco.paris\/de\/produit\/minibox-papillons-anamorphique\/\" \/>\n<meta property=\"og:locale\" content=\"de_DE\" \/>\n<meta property=\"og:type\" content=\"article\" \/>\n<meta property=\"og:title\" content=\"Mini-Box Anamorphe Schmetterlinge - Billes &amp; Co.\" \/>\n<meta property=\"og:description\" content=\"Set mit 25 Murmeln, Muggelsteinen und Muggelm\u00fctzen - Ein Set in Rosat\u00f6nen, das mit seinem neuen anamorphotischen Design ein magisches Erlebnis bietet.\" \/>\n<meta property=\"og:url\" content=\"https:\/\/billesandco.paris\/de\/produit\/minibox-papillons-anamorphique\/\" \/>\n<meta property=\"og:site_name\" content=\"Billes &amp; Co.\" \/>\n<meta property=\"article:publisher\" content=\"https:\/\/facebook.com\/billesandco\/\" \/>\n<meta property=\"article:modified_time\" content=\"2025-10-08T18:51:07+00:00\" \/>\n<meta property=\"og:image\" content=\"https:\/\/i0.wp.com\/billesandco.paris\/wp-content\/uploads\/2024\/08\/MINIBOX-PAPILLONS-ANAMORPHIQUE-2025.png?fit=1610%2C1822&ssl=1\" \/>\n\t<meta property=\"og:image:width\" content=\"1610\" \/>\n\t<meta property=\"og:image:height\" content=\"1822\" \/>\n\t<meta property=\"og:image:type\" content=\"image\/png\" \/>\n<meta name=\"twitter:card\" content=\"summary_large_image\" \/>\n<script type=\"application\/ld+json\" class=\"yoast-schema-graph\">{\"@context\":\"https:\/\/schema.org\",\"@graph\":[{\"@type\":\"WebPage\",\"@id\":\"https:\/\/billesandco.paris\/de\/produit\/minibox-papillons-anamorphique\/\",\"url\":\"https:\/\/billesandco.paris\/de\/produit\/minibox-papillons-anamorphique\/\",\"name\":\"Mini-Box Anamorphe Schmetterlinge - Billes & Co.\",\"isPartOf\":{\"@id\":\"https:\/\/billesandco.paris\/de\/#website\"},\"primaryImageOfPage\":{\"@id\":\"https:\/\/billesandco.paris\/de\/produit\/minibox-papillons-anamorphique\/#primaryimage\"},\"image\":{\"@id\":\"https:\/\/billesandco.paris\/de\/produit\/minibox-papillons-anamorphique\/#primaryimage\"},\"thumbnailUrl\":\"https:\/\/i0.wp.com\/billesandco.paris\/wp-content\/uploads\/2024\/08\/MINIBOX-PAPILLONS-ANAMORPHIQUE-2025.png?fit=1610%2C1822&ssl=1\",\"datePublished\":\"2024-08-14T14:09:40+00:00\",\"dateModified\":\"2025-10-08T18:51:07+00:00\",\"description\":\"Set mit 25 Murmeln, Muggelsteinen und Muggelm\u00fctzen - Ein Set in Rosat\u00f6nen, das mit seinem neuen anamorphotischen Design ein magisches Erlebnis bietet.\",\"breadcrumb\":{\"@id\":\"https:\/\/billesandco.paris\/de\/produit\/minibox-papillons-anamorphique\/#breadcrumb\"},\"inLanguage\":\"de\",\"potentialAction\":[{\"@type\":\"ReadAction\",\"target\":[\"https:\/\/billesandco.paris\/de\/produit\/minibox-papillons-anamorphique\/\"]}]},{\"@type\":\"ImageObject\",\"inLanguage\":\"de\",\"@id\":\"https:\/\/billesandco.paris\/de\/produit\/minibox-papillons-anamorphique\/#primaryimage\",\"url\":\"https:\/\/i0.wp.com\/billesandco.paris\/wp-content\/uploads\/2024\/08\/MINIBOX-PAPILLONS-ANAMORPHIQUE-2025.png?fit=1610%2C1822&ssl=1\",\"contentUrl\":\"https:\/\/i0.wp.com\/billesandco.paris\/wp-content\/uploads\/2024\/08\/MINIBOX-PAPILLONS-ANAMORPHIQUE-2025.png?fit=1610%2C1822&ssl=1\",\"width\":1610,\"height\":1822},{\"@type\":\"BreadcrumbList\",\"@id\":\"https:\/\/billesandco.paris\/de\/produit\/minibox-papillons-anamorphique\/#breadcrumb\",\"itemListElement\":[{\"@type\":\"ListItem\",\"position\":1,\"name\":\"Accueil\",\"item\":\"https:\/\/billesandco.paris\/de\/\"},{\"@type\":\"ListItem\",\"position\":2,\"name\":\"Startseite\",\"item\":\"https:\/\/billesandco.paris\/de\/\"},{\"@type\":\"ListItem\",\"position\":3,\"name\":\"Anamorphe Schmetterlinge\"}]},{\"@type\":\"WebSite\",\"@id\":\"https:\/\/billesandco.paris\/de\/#website\",\"url\":\"https:\/\/billesandco.paris\/de\/\",\"name\":\"Billes & Co.\",\"description\":\"Universen zum Spielen und Sammeln\",\"publisher\":{\"@id\":\"https:\/\/billesandco.paris\/de\/#organization\"},\"alternateName\":\"B&CO.\",\"potentialAction\":[{\"@type\":\"SearchAction\",\"target\":{\"@type\":\"EntryPoint\",\"urlTemplate\":\"https:\/\/billesandco.paris\/de\/?s={search_term_string}\"},\"query-input\":{\"@type\":\"PropertyValueSpecification\",\"valueRequired\":true,\"valueName\":\"search_term_string\"}}],\"inLanguage\":\"de\"},{\"@type\":\"Organization\",\"@id\":\"https:\/\/billesandco.paris\/de\/#organization\",\"name\":\"Billes & Co.\",\"alternateName\":\"B&CO.\",\"url\":\"https:\/\/billesandco.paris\/de\/\",\"logo\":{\"@type\":\"ImageObject\",\"inLanguage\":\"de\",\"@id\":\"https:\/\/billesandco.paris\/de\/#\/schema\/logo\/image\/\",\"url\":\"https:\/\/billesandco.paris\/wp-content\/uploads\/2023\/01\/cropped-logoBCO.png\",\"contentUrl\":\"https:\/\/billesandco.paris\/wp-content\/uploads\/2023\/01\/cropped-logoBCO.png\",\"width\":512,\"height\":512,\"caption\":\"Billes & Co.\"},\"image\":{\"@id\":\"https:\/\/billesandco.paris\/de\/#\/schema\/logo\/image\/\"},\"sameAs\":[\"https:\/\/facebook.com\/billesandco\/\",\"https:\/\/instagram.com\/billesandco\/\"]}]}<\/script>\n<!-- \/ Yoast SEO plugin. -->","yoast_head_json":{"title":"Mini-Box Anamorphe Schmetterlinge - Billes & Co.","description":"Set mit 25 Murmeln, Muggelsteinen und Muggelm\u00fctzen - Ein Set in Rosat\u00f6nen, das mit seinem neuen anamorphotischen Design ein magisches Erlebnis bietet.","robots":{"index":"index","follow":"follow","max-snippet":"max-snippet:-1","max-image-preview":"max-image-preview:large","max-video-preview":"max-video-preview:-1"},"canonical":"https:\/\/billesandco.paris\/de\/produit\/minibox-papillons-anamorphique\/","og_locale":"de_DE","og_type":"article","og_title":"Mini-Box Anamorphe Schmetterlinge - Billes & Co.","og_description":"Set mit 25 Murmeln, Muggelsteinen und Muggelm\u00fctzen - Ein Set in Rosat\u00f6nen, das mit seinem neuen anamorphotischen Design ein magisches Erlebnis bietet.","og_url":"https:\/\/billesandco.paris\/de\/produit\/minibox-papillons-anamorphique\/","og_site_name":"Billes & Co.","article_publisher":"https:\/\/facebook.com\/billesandco\/","article_modified_time":"2025-10-08T18:51:07+00:00","og_image":[{"width":1610,"height":1822,"url":"https:\/\/i0.wp.com\/billesandco.paris\/wp-content\/uploads\/2024\/08\/MINIBOX-PAPILLONS-ANAMORPHIQUE-2025.png?fit=1610%2C1822&ssl=1","type":"image\/png"}],"twitter_card":"summary_large_image","schema":{"@context":"https:\/\/schema.org","@graph":[{"@type":"WebPage","@id":"https:\/\/billesandco.paris\/de\/produit\/minibox-papillons-anamorphique\/","url":"https:\/\/billesandco.paris\/de\/produit\/minibox-papillons-anamorphique\/","name":"Mini-Box Anamorphe Schmetterlinge - Billes & Co.","isPartOf":{"@id":"https:\/\/billesandco.paris\/de\/#website"},"primaryImageOfPage":{"@id":"https:\/\/billesandco.paris\/de\/produit\/minibox-papillons-anamorphique\/#primaryimage"},"image":{"@id":"https:\/\/billesandco.paris\/de\/produit\/minibox-papillons-anamorphique\/#primaryimage"},"thumbnailUrl":"https:\/\/i0.wp.com\/billesandco.paris\/wp-content\/uploads\/2024\/08\/MINIBOX-PAPILLONS-ANAMORPHIQUE-2025.png?fit=1610%2C1822&ssl=1","datePublished":"2024-08-14T14:09:40+00:00","dateModified":"2025-10-08T18:51:07+00:00","description":"Set mit 25 Murmeln, Muggelsteinen und Muggelm\u00fctzen - Ein Set in Rosat\u00f6nen, das mit seinem neuen anamorphotischen Design ein magisches Erlebnis bietet.","breadcrumb":{"@id":"https:\/\/billesandco.paris\/de\/produit\/minibox-papillons-anamorphique\/#breadcrumb"},"inLanguage":"de","potentialAction":[{"@type":"ReadAction","target":["https:\/\/billesandco.paris\/de\/produit\/minibox-papillons-anamorphique\/"]}]},{"@type":"ImageObject","inLanguage":"de","@id":"https:\/\/billesandco.paris\/de\/produit\/minibox-papillons-anamorphique\/#primaryimage","url":"https:\/\/i0.wp.com\/billesandco.paris\/wp-content\/uploads\/2024\/08\/MINIBOX-PAPILLONS-ANAMORPHIQUE-2025.png?fit=1610%2C1822&ssl=1","contentUrl":"https:\/\/i0.wp.com\/billesandco.paris\/wp-content\/uploads\/2024\/08\/MINIBOX-PAPILLONS-ANAMORPHIQUE-2025.png?fit=1610%2C1822&ssl=1","width":1610,"height":1822},{"@type":"BreadcrumbList","@id":"https:\/\/billesandco.paris\/de\/produit\/minibox-papillons-anamorphique\/#breadcrumb","itemListElement":[{"@type":"ListItem","position":1,"name":"Accueil","item":"https:\/\/billesandco.paris\/de\/"},{"@type":"ListItem","position":2,"name":"Startseite","item":"https:\/\/billesandco.paris\/de\/"},{"@type":"ListItem","position":3,"name":"Anamorphe Schmetterlinge"}]},{"@type":"WebSite","@id":"https:\/\/billesandco.paris\/de\/#website","url":"https:\/\/billesandco.paris\/de\/","name":"Billes & Co.","description":"Universen zum Spielen und Sammeln","publisher":{"@id":"https:\/\/billesandco.paris\/de\/#organization"},"alternateName":"B&CO.","potentialAction":[{"@type":"SearchAction","target":{"@type":"EntryPoint","urlTemplate":"https:\/\/billesandco.paris\/de\/?s={search_term_string}"},"query-input":{"@type":"PropertyValueSpecification","valueRequired":true,"valueName":"search_term_string"}}],"inLanguage":"de"},{"@type":"Organization","@id":"https:\/\/billesandco.paris\/de\/#organization","name":"Billes & Co.","alternateName":"B&CO.","url":"https:\/\/billesandco.paris\/de\/","logo":{"@type":"ImageObject","inLanguage":"de","@id":"https:\/\/billesandco.paris\/de\/#\/schema\/logo\/image\/","url":"https:\/\/billesandco.paris\/wp-content\/uploads\/2023\/01\/cropped-logoBCO.png","contentUrl":"https:\/\/billesandco.paris\/wp-content\/uploads\/2023\/01\/cropped-logoBCO.png","width":512,"height":512,"caption":"Billes & Co."},"image":{"@id":"https:\/\/billesandco.paris\/de\/#\/schema\/logo\/image\/"},"sameAs":["https:\/\/facebook.com\/billesandco\/","https:\/\/instagram.com\/billesandco\/"]}]}},"_links":{"self":[{"href":"https:\/\/billesandco.paris\/de\/wp-json\/wp\/v2\/product\/268334","targetHints":{"allow":["GET"]}}],"collection":[{"href":"https:\/\/billesandco.paris\/de\/wp-json\/wp\/v2\/product"}],"about":[{"href":"https:\/\/billesandco.paris\/de\/wp-json\/wp\/v2\/types\/product"}],"wp:featuredmedia":[{"embeddable":true,"href":"https:\/\/billesandco.paris\/de\/wp-json\/wp\/v2\/media\/268335"}],"wp:attachment":[{"href":"https:\/\/billesandco.paris\/de\/wp-json\/wp\/v2\/media?parent=268334"}],"wp:term":[{"taxonomy":"product_brand","embeddable":true,"href":"https:\/\/billesandco.paris\/de\/wp-json\/wp\/v2\/product_brand?post=268334"},{"taxonomy":"product_cat","embeddable":true,"href":"https:\/\/billesandco.paris\/de\/wp-json\/wp\/v2\/product_cat?post=268334"},{"taxonomy":"product_tag","embeddable":true,"href":"https:\/\/billesandco.paris\/de\/wp-json\/wp\/v2\/product_tag?post=268334"}],"curies":[{"name":"wp","href":"https:\/\/api.w.org\/{rel}","templated":true}]}}