{"id":268301,"date":"2023-08-31T14:05:51","date_gmt":"2023-08-31T12:05:51","guid":{"rendered":"https:\/\/billesandco.paris\/produit\/box-papillons-anamorphique\/"},"modified":"2025-10-17T20:51:41","modified_gmt":"2025-10-17T18:51:41","slug":"box-papillons-anamorphique","status":"publish","type":"product","link":"https:\/\/billesandco.paris\/de\/produit\/box-papillons-anamorphique\/","title":{"rendered":"<strong><small>Anamorphe Schmetterlinge<\/small><\/strong>"},"content":{"rendered":"<p>Set mit 59 Schmetterlingskugeln, die 8 Sorten Murmeln und 4 Sorten K\u00e4ppchen enthalten:<br \/>\n36 Murmeln 16 mm, 7 Murmeln 14 mm, 12 Muggelsteine und 4 Gro\u00dfen Murmeln 22\/25 mm.<\/p>\n<ul>\n<li>Produkt entworfen und zusammengesetzt in Frankreich &#8211; Murmeln hergestellt in Mexiko<\/li>\n<li>Zusammensetzung: 69% Glas &#8211; 3% Kunststoff &#8211; 28% Papier und Pappe<\/li>\n<li>Entspricht den CE- und ASTM\/CPSIA-Standards<\/li>\n<li>Verwendung ab 3 Jahren (Europa) oder 5 Jahren (USA)<\/li>\n<\/ul>\n<p><img data-recalc-dims=\"1\" decoding=\"async\" style=\"height: 20px;\" src=\"https:\/\/i0.wp.com\/billesandco.paris\/wp-content\/uploads\/2023\/03\/ce.png?w=1220&#038;ssl=1\" alt=\"EG\"><\/p>\n","protected":false},"excerpt":{"rendered":"<p>Set mit 59 Murmeln, Muggelsteinen und gro\u00dfen Murmeln<\/p>\n<p>F\u00fcr dieses Sortiment mit den sch\u00f6nsten Farben der Saison haben wir uns entschieden, Ihnen ein magisches Erlebnis zu bieten. Wenn Sie die Schachtel \u00f6ffnen, k\u00f6nnen Sie selbst einen Schmetterlingsschwarm herbeizaubern. Mit dem neuen anamorphotischen Design, das von der Werkstatt Billes &amp; Co. entworfen und entwickelt wurde, werden Sie nicht nur die wundersch\u00f6nen Murmeln entdecken. Lassen Sie sich von den Geheimnissen \u00fcberraschen, die sich im Inneren der Schachtel verbergen!   <\/p>\n","protected":false},"featured_media":269142,"template":"","meta":[],"product_brand":[],"product_cat":[307],"product_tag":[343],"class_list":{"0":"post-268301","1":"product","2":"type-product","3":"status-publish","4":"has-post-thumbnail","6":"product_cat-box-de-2","7":"product_tag-design-de","9":"first","10":"instock","11":"shipping-taxable","12":"purchasable","13":"product-type-simple"},"yoast_head":"<!-- This site is optimized with the Yoast SEO plugin v27.2 - https:\/\/yoast.com\/product\/yoast-seo-wordpress\/ -->\n<title>Box Anamorphe Schmetterlinge - Billes &amp; Co.<\/title>\n<meta name=\"description\" content=\"Set mit 59 Murmeln, Muggelsteinen und Gro\u00dfen Murmeln - Ein Set in Rosat\u00f6nen, das mit seinem neuen anamorphotischen Design ein magisches Erlebnis bietet.\" \/>\n<meta name=\"robots\" content=\"index, follow, max-snippet:-1, max-image-preview:large, max-video-preview:-1\" \/>\n<link rel=\"canonical\" href=\"https:\/\/billesandco.paris\/de\/produit\/box-papillons-anamorphique\/\" \/>\n<meta property=\"og:locale\" content=\"de_DE\" \/>\n<meta property=\"og:type\" content=\"article\" \/>\n<meta property=\"og:title\" content=\"Box Anamorphe Schmetterlinge - Billes &amp; Co.\" \/>\n<meta property=\"og:description\" content=\"Set mit 59 Murmeln, Muggelsteinen und Gro\u00dfen Murmeln - Ein Set in Rosat\u00f6nen, das mit seinem neuen anamorphotischen Design ein magisches Erlebnis bietet.\" \/>\n<meta property=\"og:url\" content=\"https:\/\/billesandco.paris\/de\/produit\/box-papillons-anamorphique\/\" \/>\n<meta property=\"og:site_name\" content=\"Billes &amp; Co.\" \/>\n<meta property=\"article:publisher\" content=\"https:\/\/facebook.com\/billesandco\/\" \/>\n<meta property=\"article:modified_time\" content=\"2025-10-17T18:51:41+00:00\" \/>\n<meta property=\"og:image\" content=\"https:\/\/i0.wp.com\/billesandco.paris\/wp-content\/uploads\/2023\/08\/BOX-PAPILLONS-ANAMORPHIQUE-1.png?fit=1610%2C1822&ssl=1\" \/>\n\t<meta property=\"og:image:width\" content=\"1610\" \/>\n\t<meta property=\"og:image:height\" content=\"1822\" \/>\n\t<meta property=\"og:image:type\" content=\"image\/png\" \/>\n<meta name=\"twitter:card\" content=\"summary_large_image\" \/>\n<script type=\"application\/ld+json\" class=\"yoast-schema-graph\">{\"@context\":\"https:\/\/schema.org\",\"@graph\":[{\"@type\":\"WebPage\",\"@id\":\"https:\/\/billesandco.paris\/de\/produit\/box-papillons-anamorphique\/\",\"url\":\"https:\/\/billesandco.paris\/de\/produit\/box-papillons-anamorphique\/\",\"name\":\"Box Anamorphe Schmetterlinge - Billes & Co.\",\"isPartOf\":{\"@id\":\"https:\/\/billesandco.paris\/de\/#website\"},\"primaryImageOfPage\":{\"@id\":\"https:\/\/billesandco.paris\/de\/produit\/box-papillons-anamorphique\/#primaryimage\"},\"image\":{\"@id\":\"https:\/\/billesandco.paris\/de\/produit\/box-papillons-anamorphique\/#primaryimage\"},\"thumbnailUrl\":\"https:\/\/i0.wp.com\/billesandco.paris\/wp-content\/uploads\/2023\/08\/BOX-PAPILLONS-ANAMORPHIQUE-2026.png?fit=1610%2C1822&ssl=1\",\"datePublished\":\"2023-08-31T12:05:51+00:00\",\"dateModified\":\"2025-10-17T18:51:41+00:00\",\"description\":\"Set mit 59 Murmeln, Muggelsteinen und Gro\u00dfen Murmeln - Ein Set in Rosat\u00f6nen, das mit seinem neuen anamorphotischen Design ein magisches Erlebnis bietet.\",\"breadcrumb\":{\"@id\":\"https:\/\/billesandco.paris\/de\/produit\/box-papillons-anamorphique\/#breadcrumb\"},\"inLanguage\":\"de\",\"potentialAction\":[{\"@type\":\"ReadAction\",\"target\":[\"https:\/\/billesandco.paris\/de\/produit\/box-papillons-anamorphique\/\"]}]},{\"@type\":\"ImageObject\",\"inLanguage\":\"de\",\"@id\":\"https:\/\/billesandco.paris\/de\/produit\/box-papillons-anamorphique\/#primaryimage\",\"url\":\"https:\/\/i0.wp.com\/billesandco.paris\/wp-content\/uploads\/2023\/08\/BOX-PAPILLONS-ANAMORPHIQUE-2026.png?fit=1610%2C1822&ssl=1\",\"contentUrl\":\"https:\/\/i0.wp.com\/billesandco.paris\/wp-content\/uploads\/2023\/08\/BOX-PAPILLONS-ANAMORPHIQUE-2026.png?fit=1610%2C1822&ssl=1\",\"width\":1610,\"height\":1822},{\"@type\":\"BreadcrumbList\",\"@id\":\"https:\/\/billesandco.paris\/de\/produit\/box-papillons-anamorphique\/#breadcrumb\",\"itemListElement\":[{\"@type\":\"ListItem\",\"position\":1,\"name\":\"Accueil\",\"item\":\"https:\/\/billesandco.paris\/de\/\"},{\"@type\":\"ListItem\",\"position\":2,\"name\":\"Startseite\",\"item\":\"https:\/\/billesandco.paris\/de\/\"},{\"@type\":\"ListItem\",\"position\":3,\"name\":\"Anamorphe Schmetterlinge\"}]},{\"@type\":\"WebSite\",\"@id\":\"https:\/\/billesandco.paris\/de\/#website\",\"url\":\"https:\/\/billesandco.paris\/de\/\",\"name\":\"Billes & Co.\",\"description\":\"Universen zum Spielen und Sammeln\",\"publisher\":{\"@id\":\"https:\/\/billesandco.paris\/de\/#organization\"},\"alternateName\":\"B&CO.\",\"potentialAction\":[{\"@type\":\"SearchAction\",\"target\":{\"@type\":\"EntryPoint\",\"urlTemplate\":\"https:\/\/billesandco.paris\/de\/?s={search_term_string}\"},\"query-input\":{\"@type\":\"PropertyValueSpecification\",\"valueRequired\":true,\"valueName\":\"search_term_string\"}}],\"inLanguage\":\"de\"},{\"@type\":\"Organization\",\"@id\":\"https:\/\/billesandco.paris\/de\/#organization\",\"name\":\"Billes & Co.\",\"alternateName\":\"B&CO.\",\"url\":\"https:\/\/billesandco.paris\/de\/\",\"logo\":{\"@type\":\"ImageObject\",\"inLanguage\":\"de\",\"@id\":\"https:\/\/billesandco.paris\/de\/#\/schema\/logo\/image\/\",\"url\":\"https:\/\/billesandco.paris\/wp-content\/uploads\/2023\/01\/cropped-logoBCO.png\",\"contentUrl\":\"https:\/\/billesandco.paris\/wp-content\/uploads\/2023\/01\/cropped-logoBCO.png\",\"width\":512,\"height\":512,\"caption\":\"Billes & Co.\"},\"image\":{\"@id\":\"https:\/\/billesandco.paris\/de\/#\/schema\/logo\/image\/\"},\"sameAs\":[\"https:\/\/facebook.com\/billesandco\/\",\"https:\/\/instagram.com\/billesandco\/\"]}]}<\/script>\n<!-- \/ Yoast SEO plugin. -->","yoast_head_json":{"title":"Box Anamorphe Schmetterlinge - Billes & Co.","description":"Set mit 59 Murmeln, Muggelsteinen und Gro\u00dfen Murmeln - Ein Set in Rosat\u00f6nen, das mit seinem neuen anamorphotischen Design ein magisches Erlebnis bietet.","robots":{"index":"index","follow":"follow","max-snippet":"max-snippet:-1","max-image-preview":"max-image-preview:large","max-video-preview":"max-video-preview:-1"},"canonical":"https:\/\/billesandco.paris\/de\/produit\/box-papillons-anamorphique\/","og_locale":"de_DE","og_type":"article","og_title":"Box Anamorphe Schmetterlinge - Billes & Co.","og_description":"Set mit 59 Murmeln, Muggelsteinen und Gro\u00dfen Murmeln - Ein Set in Rosat\u00f6nen, das mit seinem neuen anamorphotischen Design ein magisches Erlebnis bietet.","og_url":"https:\/\/billesandco.paris\/de\/produit\/box-papillons-anamorphique\/","og_site_name":"Billes & Co.","article_publisher":"https:\/\/facebook.com\/billesandco\/","article_modified_time":"2025-10-17T18:51:41+00:00","og_image":[{"width":1610,"height":1822,"url":"https:\/\/i0.wp.com\/billesandco.paris\/wp-content\/uploads\/2023\/08\/BOX-PAPILLONS-ANAMORPHIQUE-1.png?fit=1610%2C1822&ssl=1","type":"image\/png"}],"twitter_card":"summary_large_image","schema":{"@context":"https:\/\/schema.org","@graph":[{"@type":"WebPage","@id":"https:\/\/billesandco.paris\/de\/produit\/box-papillons-anamorphique\/","url":"https:\/\/billesandco.paris\/de\/produit\/box-papillons-anamorphique\/","name":"Box Anamorphe Schmetterlinge - Billes & Co.","isPartOf":{"@id":"https:\/\/billesandco.paris\/de\/#website"},"primaryImageOfPage":{"@id":"https:\/\/billesandco.paris\/de\/produit\/box-papillons-anamorphique\/#primaryimage"},"image":{"@id":"https:\/\/billesandco.paris\/de\/produit\/box-papillons-anamorphique\/#primaryimage"},"thumbnailUrl":"https:\/\/i0.wp.com\/billesandco.paris\/wp-content\/uploads\/2023\/08\/BOX-PAPILLONS-ANAMORPHIQUE-2026.png?fit=1610%2C1822&ssl=1","datePublished":"2023-08-31T12:05:51+00:00","dateModified":"2025-10-17T18:51:41+00:00","description":"Set mit 59 Murmeln, Muggelsteinen und Gro\u00dfen Murmeln - Ein Set in Rosat\u00f6nen, das mit seinem neuen anamorphotischen Design ein magisches Erlebnis bietet.","breadcrumb":{"@id":"https:\/\/billesandco.paris\/de\/produit\/box-papillons-anamorphique\/#breadcrumb"},"inLanguage":"de","potentialAction":[{"@type":"ReadAction","target":["https:\/\/billesandco.paris\/de\/produit\/box-papillons-anamorphique\/"]}]},{"@type":"ImageObject","inLanguage":"de","@id":"https:\/\/billesandco.paris\/de\/produit\/box-papillons-anamorphique\/#primaryimage","url":"https:\/\/i0.wp.com\/billesandco.paris\/wp-content\/uploads\/2023\/08\/BOX-PAPILLONS-ANAMORPHIQUE-2026.png?fit=1610%2C1822&ssl=1","contentUrl":"https:\/\/i0.wp.com\/billesandco.paris\/wp-content\/uploads\/2023\/08\/BOX-PAPILLONS-ANAMORPHIQUE-2026.png?fit=1610%2C1822&ssl=1","width":1610,"height":1822},{"@type":"BreadcrumbList","@id":"https:\/\/billesandco.paris\/de\/produit\/box-papillons-anamorphique\/#breadcrumb","itemListElement":[{"@type":"ListItem","position":1,"name":"Accueil","item":"https:\/\/billesandco.paris\/de\/"},{"@type":"ListItem","position":2,"name":"Startseite","item":"https:\/\/billesandco.paris\/de\/"},{"@type":"ListItem","position":3,"name":"Anamorphe Schmetterlinge"}]},{"@type":"WebSite","@id":"https:\/\/billesandco.paris\/de\/#website","url":"https:\/\/billesandco.paris\/de\/","name":"Billes & Co.","description":"Universen zum Spielen und Sammeln","publisher":{"@id":"https:\/\/billesandco.paris\/de\/#organization"},"alternateName":"B&CO.","potentialAction":[{"@type":"SearchAction","target":{"@type":"EntryPoint","urlTemplate":"https:\/\/billesandco.paris\/de\/?s={search_term_string}"},"query-input":{"@type":"PropertyValueSpecification","valueRequired":true,"valueName":"search_term_string"}}],"inLanguage":"de"},{"@type":"Organization","@id":"https:\/\/billesandco.paris\/de\/#organization","name":"Billes & Co.","alternateName":"B&CO.","url":"https:\/\/billesandco.paris\/de\/","logo":{"@type":"ImageObject","inLanguage":"de","@id":"https:\/\/billesandco.paris\/de\/#\/schema\/logo\/image\/","url":"https:\/\/billesandco.paris\/wp-content\/uploads\/2023\/01\/cropped-logoBCO.png","contentUrl":"https:\/\/billesandco.paris\/wp-content\/uploads\/2023\/01\/cropped-logoBCO.png","width":512,"height":512,"caption":"Billes & Co."},"image":{"@id":"https:\/\/billesandco.paris\/de\/#\/schema\/logo\/image\/"},"sameAs":["https:\/\/facebook.com\/billesandco\/","https:\/\/instagram.com\/billesandco\/"]}]}},"_links":{"self":[{"href":"https:\/\/billesandco.paris\/de\/wp-json\/wp\/v2\/product\/268301","targetHints":{"allow":["GET"]}}],"collection":[{"href":"https:\/\/billesandco.paris\/de\/wp-json\/wp\/v2\/product"}],"about":[{"href":"https:\/\/billesandco.paris\/de\/wp-json\/wp\/v2\/types\/product"}],"wp:featuredmedia":[{"embeddable":true,"href":"https:\/\/billesandco.paris\/de\/wp-json\/wp\/v2\/media\/269142"}],"wp:attachment":[{"href":"https:\/\/billesandco.paris\/de\/wp-json\/wp\/v2\/media?parent=268301"}],"wp:term":[{"taxonomy":"product_brand","embeddable":true,"href":"https:\/\/billesandco.paris\/de\/wp-json\/wp\/v2\/product_brand?post=268301"},{"taxonomy":"product_cat","embeddable":true,"href":"https:\/\/billesandco.paris\/de\/wp-json\/wp\/v2\/product_cat?post=268301"},{"taxonomy":"product_tag","embeddable":true,"href":"https:\/\/billesandco.paris\/de\/wp-json\/wp\/v2\/product_tag?post=268301"}],"curies":[{"name":"wp","href":"https:\/\/api.w.org\/{rel}","templated":true}]}}