{"id":268268,"date":"2023-03-10T16:29:34","date_gmt":"2023-03-10T15:29:34","guid":{"rendered":"https:\/\/billesandco.paris\/produit\/box-selection-noel\/"},"modified":"2025-10-17T21:09:38","modified_gmt":"2025-10-17T19:09:38","slug":"box-selection-noel","status":"publish","type":"product","link":"https:\/\/billesandco.paris\/de\/produit\/box-selection-noel\/","title":{"rendered":"<strong>S\u00e9lection No\u00ebl<\/strong>"},"content":{"rendered":"<p>Schatulle mit 59 Murmeln S\u00e9lection No\u00ebl mit 7 Sorten Murmeln, 1 Sorte Spezialmurmeln und 4 Sorten Gro\u00dfen Murmeln:<br \/>\n36 Murmeln 16 mm, davon 6 phosphoreszierend, 7 Murmeln 14mm, 12 Muggelsteine und 4 Gro\u00dfen Murmeln 22\/25 mm, davon 1 phosphoreszierend.<\/p>\n<ul>\n<li>Produkt entworfen und zusammengesetzt in Frankreich &#8211; Murmeln hergestellt in Mexiko<\/li>\n<li>Zusammensetzung: 69% Glas &#8211; 3% Kunststoff &#8211; 28% Papier und Pappe<\/li>\n<li>Entspricht den CE- und ASTM\/CPSIA-Standards<\/li>\n<li>Verwendung ab 3 Jahren (Europa) oder 5 Jahren (USA)<\/li>\n<\/ul>\n<p><img data-recalc-dims=\"1\" decoding=\"async\" style=\"height: 20px;\" src=\"https:\/\/i0.wp.com\/billesandco.paris\/wp-content\/uploads\/2023\/03\/ce.png?w=1220&#038;ssl=1\" alt=\"CE\"><\/p>\n","protected":false},"excerpt":{"rendered":"<p>Set mit 59 Murmeln, Muggelsteinen und gro\u00dfen Murmeln<\/p>\n<p>Eine Auswahl an goldenen, gr\u00fcnen und blauen Farbt\u00f6nen, um das famili\u00e4rste aller Feste zu feiern. Tauchen Sie ein in die magische Atmosph\u00e4re von Weihnachten und erleben Sie die sch\u00f6nsten Abende unter dem Weihnachtsbaum im Schein der phosphoreszierenden Murmeln. <\/p>\n","protected":false},"featured_media":268270,"template":"","meta":[],"product_brand":[],"product_cat":[307],"product_tag":[343,355],"class_list":{"0":"post-268268","1":"product","2":"type-product","3":"status-publish","4":"has-post-thumbnail","6":"product_cat-box-de-2","7":"product_tag-design-de","8":"product_tag-weltreise","10":"first","11":"instock","12":"shipping-taxable","13":"purchasable","14":"product-type-simple"},"yoast_head":"<!-- This site is optimized with the Yoast SEO plugin v27.2 - https:\/\/yoast.com\/product\/yoast-seo-wordpress\/ -->\n<title>Box S\u00e9lection No\u00ebl - Billes &amp; Co.<\/title>\n<meta name=\"description\" content=\"Schatulle mit 59 Murmeln, Muggelsteinen und gro\u00dfen Murmeln - Sortiment in Gold, Gr\u00fcn und Blau, um mit der ganzen Familie den Weihnachtszauber zu feiern.\" \/>\n<meta name=\"robots\" content=\"index, follow, max-snippet:-1, max-image-preview:large, max-video-preview:-1\" \/>\n<link rel=\"canonical\" href=\"https:\/\/billesandco.paris\/de\/produit\/box-selection-noel\/\" \/>\n<meta property=\"og:locale\" content=\"de_DE\" \/>\n<meta property=\"og:type\" content=\"article\" \/>\n<meta property=\"og:title\" content=\"Box S\u00e9lection No\u00ebl - Billes &amp; Co.\" \/>\n<meta property=\"og:description\" content=\"Schatulle mit 59 Murmeln, Muggelsteinen und gro\u00dfen Murmeln - Sortiment in Gold, Gr\u00fcn und Blau, um mit der ganzen Familie den Weihnachtszauber zu feiern.\" \/>\n<meta property=\"og:url\" content=\"https:\/\/billesandco.paris\/de\/produit\/box-selection-noel\/\" \/>\n<meta property=\"og:site_name\" content=\"Billes &amp; Co.\" \/>\n<meta property=\"article:publisher\" content=\"https:\/\/facebook.com\/billesandco\/\" \/>\n<meta property=\"article:modified_time\" content=\"2025-10-17T19:09:38+00:00\" \/>\n<meta property=\"og:image\" content=\"https:\/\/i0.wp.com\/billesandco.paris\/wp-content\/uploads\/2023\/03\/BOX-SELECTION-NOEL-V2.png?fit=1610%2C1822&ssl=1\" \/>\n\t<meta property=\"og:image:width\" content=\"1610\" \/>\n\t<meta property=\"og:image:height\" content=\"1822\" \/>\n\t<meta property=\"og:image:type\" content=\"image\/png\" \/>\n<meta name=\"twitter:card\" content=\"summary_large_image\" \/>\n<script type=\"application\/ld+json\" class=\"yoast-schema-graph\">{\"@context\":\"https:\/\/schema.org\",\"@graph\":[{\"@type\":\"WebPage\",\"@id\":\"https:\/\/billesandco.paris\/de\/produit\/box-selection-noel\/\",\"url\":\"https:\/\/billesandco.paris\/de\/produit\/box-selection-noel\/\",\"name\":\"Box S\u00e9lection No\u00ebl - Billes & Co.\",\"isPartOf\":{\"@id\":\"https:\/\/billesandco.paris\/de\/#website\"},\"primaryImageOfPage\":{\"@id\":\"https:\/\/billesandco.paris\/de\/produit\/box-selection-noel\/#primaryimage\"},\"image\":{\"@id\":\"https:\/\/billesandco.paris\/de\/produit\/box-selection-noel\/#primaryimage\"},\"thumbnailUrl\":\"https:\/\/i0.wp.com\/billesandco.paris\/wp-content\/uploads\/2023\/03\/BOX-SELECTION-NOEL-V2.png?fit=1610%2C1822&ssl=1\",\"datePublished\":\"2023-03-10T15:29:34+00:00\",\"dateModified\":\"2025-10-17T19:09:38+00:00\",\"description\":\"Schatulle mit 59 Murmeln, Muggelsteinen und gro\u00dfen Murmeln - Sortiment in Gold, Gr\u00fcn und Blau, um mit der ganzen Familie den Weihnachtszauber zu feiern.\",\"breadcrumb\":{\"@id\":\"https:\/\/billesandco.paris\/de\/produit\/box-selection-noel\/#breadcrumb\"},\"inLanguage\":\"de\",\"potentialAction\":[{\"@type\":\"ReadAction\",\"target\":[\"https:\/\/billesandco.paris\/de\/produit\/box-selection-noel\/\"]}]},{\"@type\":\"ImageObject\",\"inLanguage\":\"de\",\"@id\":\"https:\/\/billesandco.paris\/de\/produit\/box-selection-noel\/#primaryimage\",\"url\":\"https:\/\/i0.wp.com\/billesandco.paris\/wp-content\/uploads\/2023\/03\/BOX-SELECTION-NOEL-V2.png?fit=1610%2C1822&ssl=1\",\"contentUrl\":\"https:\/\/i0.wp.com\/billesandco.paris\/wp-content\/uploads\/2023\/03\/BOX-SELECTION-NOEL-V2.png?fit=1610%2C1822&ssl=1\",\"width\":1610,\"height\":1822},{\"@type\":\"BreadcrumbList\",\"@id\":\"https:\/\/billesandco.paris\/de\/produit\/box-selection-noel\/#breadcrumb\",\"itemListElement\":[{\"@type\":\"ListItem\",\"position\":1,\"name\":\"Accueil\",\"item\":\"https:\/\/billesandco.paris\/de\/\"},{\"@type\":\"ListItem\",\"position\":2,\"name\":\"Startseite\",\"item\":\"https:\/\/billesandco.paris\/de\/\"},{\"@type\":\"ListItem\",\"position\":3,\"name\":\"S\u00e9lection No\u00ebl\"}]},{\"@type\":\"WebSite\",\"@id\":\"https:\/\/billesandco.paris\/de\/#website\",\"url\":\"https:\/\/billesandco.paris\/de\/\",\"name\":\"Billes & Co.\",\"description\":\"Universen zum Spielen und Sammeln\",\"publisher\":{\"@id\":\"https:\/\/billesandco.paris\/de\/#organization\"},\"alternateName\":\"B&CO.\",\"potentialAction\":[{\"@type\":\"SearchAction\",\"target\":{\"@type\":\"EntryPoint\",\"urlTemplate\":\"https:\/\/billesandco.paris\/de\/?s={search_term_string}\"},\"query-input\":{\"@type\":\"PropertyValueSpecification\",\"valueRequired\":true,\"valueName\":\"search_term_string\"}}],\"inLanguage\":\"de\"},{\"@type\":\"Organization\",\"@id\":\"https:\/\/billesandco.paris\/de\/#organization\",\"name\":\"Billes & Co.\",\"alternateName\":\"B&CO.\",\"url\":\"https:\/\/billesandco.paris\/de\/\",\"logo\":{\"@type\":\"ImageObject\",\"inLanguage\":\"de\",\"@id\":\"https:\/\/billesandco.paris\/de\/#\/schema\/logo\/image\/\",\"url\":\"https:\/\/billesandco.paris\/wp-content\/uploads\/2023\/01\/cropped-logoBCO.png\",\"contentUrl\":\"https:\/\/billesandco.paris\/wp-content\/uploads\/2023\/01\/cropped-logoBCO.png\",\"width\":512,\"height\":512,\"caption\":\"Billes & Co.\"},\"image\":{\"@id\":\"https:\/\/billesandco.paris\/de\/#\/schema\/logo\/image\/\"},\"sameAs\":[\"https:\/\/facebook.com\/billesandco\/\",\"https:\/\/instagram.com\/billesandco\/\"]}]}<\/script>\n<!-- \/ Yoast SEO plugin. -->","yoast_head_json":{"title":"Box S\u00e9lection No\u00ebl - Billes & Co.","description":"Schatulle mit 59 Murmeln, Muggelsteinen und gro\u00dfen Murmeln - Sortiment in Gold, Gr\u00fcn und Blau, um mit der ganzen Familie den Weihnachtszauber zu feiern.","robots":{"index":"index","follow":"follow","max-snippet":"max-snippet:-1","max-image-preview":"max-image-preview:large","max-video-preview":"max-video-preview:-1"},"canonical":"https:\/\/billesandco.paris\/de\/produit\/box-selection-noel\/","og_locale":"de_DE","og_type":"article","og_title":"Box S\u00e9lection No\u00ebl - Billes & Co.","og_description":"Schatulle mit 59 Murmeln, Muggelsteinen und gro\u00dfen Murmeln - Sortiment in Gold, Gr\u00fcn und Blau, um mit der ganzen Familie den Weihnachtszauber zu feiern.","og_url":"https:\/\/billesandco.paris\/de\/produit\/box-selection-noel\/","og_site_name":"Billes & Co.","article_publisher":"https:\/\/facebook.com\/billesandco\/","article_modified_time":"2025-10-17T19:09:38+00:00","og_image":[{"width":1610,"height":1822,"url":"https:\/\/i0.wp.com\/billesandco.paris\/wp-content\/uploads\/2023\/03\/BOX-SELECTION-NOEL-V2.png?fit=1610%2C1822&ssl=1","type":"image\/png"}],"twitter_card":"summary_large_image","schema":{"@context":"https:\/\/schema.org","@graph":[{"@type":"WebPage","@id":"https:\/\/billesandco.paris\/de\/produit\/box-selection-noel\/","url":"https:\/\/billesandco.paris\/de\/produit\/box-selection-noel\/","name":"Box S\u00e9lection No\u00ebl - Billes & Co.","isPartOf":{"@id":"https:\/\/billesandco.paris\/de\/#website"},"primaryImageOfPage":{"@id":"https:\/\/billesandco.paris\/de\/produit\/box-selection-noel\/#primaryimage"},"image":{"@id":"https:\/\/billesandco.paris\/de\/produit\/box-selection-noel\/#primaryimage"},"thumbnailUrl":"https:\/\/i0.wp.com\/billesandco.paris\/wp-content\/uploads\/2023\/03\/BOX-SELECTION-NOEL-V2.png?fit=1610%2C1822&ssl=1","datePublished":"2023-03-10T15:29:34+00:00","dateModified":"2025-10-17T19:09:38+00:00","description":"Schatulle mit 59 Murmeln, Muggelsteinen und gro\u00dfen Murmeln - Sortiment in Gold, Gr\u00fcn und Blau, um mit der ganzen Familie den Weihnachtszauber zu feiern.","breadcrumb":{"@id":"https:\/\/billesandco.paris\/de\/produit\/box-selection-noel\/#breadcrumb"},"inLanguage":"de","potentialAction":[{"@type":"ReadAction","target":["https:\/\/billesandco.paris\/de\/produit\/box-selection-noel\/"]}]},{"@type":"ImageObject","inLanguage":"de","@id":"https:\/\/billesandco.paris\/de\/produit\/box-selection-noel\/#primaryimage","url":"https:\/\/i0.wp.com\/billesandco.paris\/wp-content\/uploads\/2023\/03\/BOX-SELECTION-NOEL-V2.png?fit=1610%2C1822&ssl=1","contentUrl":"https:\/\/i0.wp.com\/billesandco.paris\/wp-content\/uploads\/2023\/03\/BOX-SELECTION-NOEL-V2.png?fit=1610%2C1822&ssl=1","width":1610,"height":1822},{"@type":"BreadcrumbList","@id":"https:\/\/billesandco.paris\/de\/produit\/box-selection-noel\/#breadcrumb","itemListElement":[{"@type":"ListItem","position":1,"name":"Accueil","item":"https:\/\/billesandco.paris\/de\/"},{"@type":"ListItem","position":2,"name":"Startseite","item":"https:\/\/billesandco.paris\/de\/"},{"@type":"ListItem","position":3,"name":"S\u00e9lection No\u00ebl"}]},{"@type":"WebSite","@id":"https:\/\/billesandco.paris\/de\/#website","url":"https:\/\/billesandco.paris\/de\/","name":"Billes & Co.","description":"Universen zum Spielen und Sammeln","publisher":{"@id":"https:\/\/billesandco.paris\/de\/#organization"},"alternateName":"B&CO.","potentialAction":[{"@type":"SearchAction","target":{"@type":"EntryPoint","urlTemplate":"https:\/\/billesandco.paris\/de\/?s={search_term_string}"},"query-input":{"@type":"PropertyValueSpecification","valueRequired":true,"valueName":"search_term_string"}}],"inLanguage":"de"},{"@type":"Organization","@id":"https:\/\/billesandco.paris\/de\/#organization","name":"Billes & Co.","alternateName":"B&CO.","url":"https:\/\/billesandco.paris\/de\/","logo":{"@type":"ImageObject","inLanguage":"de","@id":"https:\/\/billesandco.paris\/de\/#\/schema\/logo\/image\/","url":"https:\/\/billesandco.paris\/wp-content\/uploads\/2023\/01\/cropped-logoBCO.png","contentUrl":"https:\/\/billesandco.paris\/wp-content\/uploads\/2023\/01\/cropped-logoBCO.png","width":512,"height":512,"caption":"Billes & Co."},"image":{"@id":"https:\/\/billesandco.paris\/de\/#\/schema\/logo\/image\/"},"sameAs":["https:\/\/facebook.com\/billesandco\/","https:\/\/instagram.com\/billesandco\/"]}]}},"_links":{"self":[{"href":"https:\/\/billesandco.paris\/de\/wp-json\/wp\/v2\/product\/268268","targetHints":{"allow":["GET"]}}],"collection":[{"href":"https:\/\/billesandco.paris\/de\/wp-json\/wp\/v2\/product"}],"about":[{"href":"https:\/\/billesandco.paris\/de\/wp-json\/wp\/v2\/types\/product"}],"wp:featuredmedia":[{"embeddable":true,"href":"https:\/\/billesandco.paris\/de\/wp-json\/wp\/v2\/media\/268270"}],"wp:attachment":[{"href":"https:\/\/billesandco.paris\/de\/wp-json\/wp\/v2\/media?parent=268268"}],"wp:term":[{"taxonomy":"product_brand","embeddable":true,"href":"https:\/\/billesandco.paris\/de\/wp-json\/wp\/v2\/product_brand?post=268268"},{"taxonomy":"product_cat","embeddable":true,"href":"https:\/\/billesandco.paris\/de\/wp-json\/wp\/v2\/product_cat?post=268268"},{"taxonomy":"product_tag","embeddable":true,"href":"https:\/\/billesandco.paris\/de\/wp-json\/wp\/v2\/product_tag?post=268268"}],"curies":[{"name":"wp","href":"https:\/\/api.w.org\/{rel}","templated":true}]}}