{"id":268249,"date":"2023-03-08T15:57:41","date_gmt":"2023-03-08T14:57:41","guid":{"rendered":"https:\/\/billesandco.paris\/produit\/box-matriochka-yelena\/"},"modified":"2025-10-17T21:15:53","modified_gmt":"2025-10-17T19:15:53","slug":"box-matriochka-yelena","status":"publish","type":"product","link":"https:\/\/billesandco.paris\/de\/produit\/box-matriochka-yelena\/","title":{"rendered":"<strong>Matrjoschka Jelena<\/strong>"},"content":{"rendered":"<p>61-teiliges Set mit 6 Sorten Murmeln, 4 Sorten Gro\u00dfen Murmeln und 2 Sorten Spezialmurmeln:<br \/>\n30 Murmeln 16 mm, 7 Murmeln 14 mm, 20 Muggelsteine und 4 Gro\u00dfen Murmeln 22\/25 mm.<\/p>\n<ul>\n<li>Produkt entworfen und zusammengesetzt in Frankreich &#8211; Murmeln hergestellt in Mexiko<\/li>\n<li>Zusammensetzung: 69% Glas &#8211; 3% Kunststoff &#8211; 28% Papier und Pappe<\/li>\n<li>Entspricht den CE- und ASTM\/CPSIA-Standards<\/li>\n<li>Verwendung ab 3 Jahren (Europa) oder 5 Jahren (USA)<\/li>\n<\/ul>\n<p><img data-recalc-dims=\"1\" decoding=\"async\" style=\"height: 20px;\" src=\"https:\/\/i0.wp.com\/billesandco.paris\/wp-content\/uploads\/2023\/03\/ce.png?w=1220&#038;ssl=1\" alt=\"CE\"><\/p>\n<p><em>Bitte beachten Sie, dass es gelegentlich vorkommen kann, dass die auf dem Foto abgebildeten Murmeln und gro\u00dfen Murmeln nicht alle Modelle sind, die Sie in Ihrer Box finden werden. Je nach Serie und Verf\u00fcgbarkeit der Modelle k\u00f6nnen wir auch andere Murmeln und gro\u00dfe Murmeln verwenden. In jedem Fall w\u00e4hlen wir immer Typen und Farben, die zum Thema passen.  <\/em><\/p>\n","protected":false},"excerpt":{"rendered":"<p>Set mit 61 Murmeln, Muggelsteinen und gro\u00dfen Murmeln<\/p>\n<p>Entdecken Sie eine Geschichte in blauen Farbt\u00f6nen, eine Geschichte von sch\u00f6nen Pal\u00e4sten und magischen N\u00e4chten voller Sterne, Ritter und slawischer Prinzessinnen. Y\u00e9l\u00e9na ist eine von ihnen. Sie ist h\u00fcbsch und schelmisch und tanzt f\u00fcr uns ein farbenfrohes Ballett. Das Matrjoschka-Thema ist auch in Rosa erh\u00e4ltlich.   <\/p>\n","protected":false},"featured_media":268251,"template":"","meta":[],"product_brand":[],"product_cat":[307],"product_tag":[355],"class_list":{"0":"post-268249","1":"product","2":"type-product","3":"status-publish","4":"has-post-thumbnail","6":"product_cat-box-de-2","7":"product_tag-weltreise","9":"first","10":"instock","11":"shipping-taxable","12":"purchasable","13":"product-type-simple"},"yoast_head":"<!-- This site is optimized with the Yoast SEO plugin v27.2 - https:\/\/yoast.com\/product\/yoast-seo-wordpress\/ -->\n<title>Box Matrjoschka Jelena - Billes &amp; Co.<\/title>\n<meta name=\"robots\" content=\"index, follow, max-snippet:-1, max-image-preview:large, max-video-preview:-1\" \/>\n<link rel=\"canonical\" href=\"https:\/\/billesandco.paris\/de\/produit\/box-matriochka-yelena\/\" \/>\n<meta property=\"og:locale\" content=\"de_DE\" \/>\n<meta property=\"og:type\" content=\"article\" \/>\n<meta property=\"og:title\" content=\"Box Matrjoschka Jelena - Billes &amp; Co.\" \/>\n<meta property=\"og:description\" content=\"Set mit 61 Murmeln, Muggelsteinen und gro\u00dfen Murmeln Entdecken Sie eine Geschichte in blauen Farbt\u00f6nen, eine Geschichte von sch\u00f6nen Pal\u00e4sten und magischen N\u00e4chten voller Sterne, Ritter und slawischer Prinzessinnen. Y\u00e9l\u00e9na ist eine von ihnen. Sie ist h\u00fcbsch und schelmisch und tanzt f\u00fcr uns ein farbenfrohes Ballett. Das Matrjoschka-Thema ist auch in Rosa erh\u00e4ltlich.\" \/>\n<meta property=\"og:url\" content=\"https:\/\/billesandco.paris\/de\/produit\/box-matriochka-yelena\/\" \/>\n<meta property=\"og:site_name\" content=\"Billes &amp; Co.\" \/>\n<meta property=\"article:publisher\" content=\"https:\/\/facebook.com\/billesandco\/\" \/>\n<meta property=\"article:modified_time\" content=\"2025-10-17T19:15:53+00:00\" \/>\n<meta property=\"og:image\" content=\"https:\/\/billesandco.paris\/wp-content\/uploads\/2023\/03\/BOX-MATRIOCHKA-YELENA-905x1024.png\" \/>\n\t<meta property=\"og:image:width\" content=\"905\" \/>\n\t<meta property=\"og:image:height\" content=\"1024\" \/>\n\t<meta property=\"og:image:type\" content=\"image\/png\" \/>\n<meta name=\"twitter:card\" content=\"summary_large_image\" \/>\n<meta name=\"twitter:label1\" content=\"Gesch\u00e4tzte Lesezeit\" \/>\n\t<meta name=\"twitter:data1\" content=\"1\u00a0Minute\" \/>\n<script type=\"application\/ld+json\" class=\"yoast-schema-graph\">{\"@context\":\"https:\/\/schema.org\",\"@graph\":[{\"@type\":\"WebPage\",\"@id\":\"https:\/\/billesandco.paris\/de\/produit\/box-matriochka-yelena\/\",\"url\":\"https:\/\/billesandco.paris\/de\/produit\/box-matriochka-yelena\/\",\"name\":\"Box Matrjoschka Jelena - Billes & Co.\",\"isPartOf\":{\"@id\":\"https:\/\/billesandco.paris\/de\/#website\"},\"primaryImageOfPage\":{\"@id\":\"https:\/\/billesandco.paris\/de\/produit\/box-matriochka-yelena\/#primaryimage\"},\"image\":{\"@id\":\"https:\/\/billesandco.paris\/de\/produit\/box-matriochka-yelena\/#primaryimage\"},\"thumbnailUrl\":\"https:\/\/i0.wp.com\/billesandco.paris\/wp-content\/uploads\/2023\/03\/BOX-MATRIOCHKA-YELENA.png?fit=1610%2C1822&ssl=1\",\"datePublished\":\"2023-03-08T14:57:41+00:00\",\"dateModified\":\"2025-10-17T19:15:53+00:00\",\"breadcrumb\":{\"@id\":\"https:\/\/billesandco.paris\/de\/produit\/box-matriochka-yelena\/#breadcrumb\"},\"inLanguage\":\"de\",\"potentialAction\":[{\"@type\":\"ReadAction\",\"target\":[\"https:\/\/billesandco.paris\/de\/produit\/box-matriochka-yelena\/\"]}]},{\"@type\":\"ImageObject\",\"inLanguage\":\"de\",\"@id\":\"https:\/\/billesandco.paris\/de\/produit\/box-matriochka-yelena\/#primaryimage\",\"url\":\"https:\/\/i0.wp.com\/billesandco.paris\/wp-content\/uploads\/2023\/03\/BOX-MATRIOCHKA-YELENA.png?fit=1610%2C1822&ssl=1\",\"contentUrl\":\"https:\/\/i0.wp.com\/billesandco.paris\/wp-content\/uploads\/2023\/03\/BOX-MATRIOCHKA-YELENA.png?fit=1610%2C1822&ssl=1\",\"width\":1610,\"height\":1822},{\"@type\":\"BreadcrumbList\",\"@id\":\"https:\/\/billesandco.paris\/de\/produit\/box-matriochka-yelena\/#breadcrumb\",\"itemListElement\":[{\"@type\":\"ListItem\",\"position\":1,\"name\":\"Accueil\",\"item\":\"https:\/\/billesandco.paris\/de\/\"},{\"@type\":\"ListItem\",\"position\":2,\"name\":\"Startseite\",\"item\":\"https:\/\/billesandco.paris\/de\/\"},{\"@type\":\"ListItem\",\"position\":3,\"name\":\"Matrjoschka Jelena\"}]},{\"@type\":\"WebSite\",\"@id\":\"https:\/\/billesandco.paris\/de\/#website\",\"url\":\"https:\/\/billesandco.paris\/de\/\",\"name\":\"Billes & Co.\",\"description\":\"Universen zum Spielen und Sammeln\",\"publisher\":{\"@id\":\"https:\/\/billesandco.paris\/de\/#organization\"},\"alternateName\":\"B&CO.\",\"potentialAction\":[{\"@type\":\"SearchAction\",\"target\":{\"@type\":\"EntryPoint\",\"urlTemplate\":\"https:\/\/billesandco.paris\/de\/?s={search_term_string}\"},\"query-input\":{\"@type\":\"PropertyValueSpecification\",\"valueRequired\":true,\"valueName\":\"search_term_string\"}}],\"inLanguage\":\"de\"},{\"@type\":\"Organization\",\"@id\":\"https:\/\/billesandco.paris\/de\/#organization\",\"name\":\"Billes & Co.\",\"alternateName\":\"B&CO.\",\"url\":\"https:\/\/billesandco.paris\/de\/\",\"logo\":{\"@type\":\"ImageObject\",\"inLanguage\":\"de\",\"@id\":\"https:\/\/billesandco.paris\/de\/#\/schema\/logo\/image\/\",\"url\":\"https:\/\/billesandco.paris\/wp-content\/uploads\/2023\/01\/cropped-logoBCO.png\",\"contentUrl\":\"https:\/\/billesandco.paris\/wp-content\/uploads\/2023\/01\/cropped-logoBCO.png\",\"width\":512,\"height\":512,\"caption\":\"Billes & Co.\"},\"image\":{\"@id\":\"https:\/\/billesandco.paris\/de\/#\/schema\/logo\/image\/\"},\"sameAs\":[\"https:\/\/facebook.com\/billesandco\/\",\"https:\/\/instagram.com\/billesandco\/\"]}]}<\/script>\n<!-- \/ Yoast SEO plugin. -->","yoast_head_json":{"title":"Box Matrjoschka Jelena - Billes & Co.","robots":{"index":"index","follow":"follow","max-snippet":"max-snippet:-1","max-image-preview":"max-image-preview:large","max-video-preview":"max-video-preview:-1"},"canonical":"https:\/\/billesandco.paris\/de\/produit\/box-matriochka-yelena\/","og_locale":"de_DE","og_type":"article","og_title":"Box Matrjoschka Jelena - Billes & Co.","og_description":"Set mit 61 Murmeln, Muggelsteinen und gro\u00dfen Murmeln Entdecken Sie eine Geschichte in blauen Farbt\u00f6nen, eine Geschichte von sch\u00f6nen Pal\u00e4sten und magischen N\u00e4chten voller Sterne, Ritter und slawischer Prinzessinnen. Y\u00e9l\u00e9na ist eine von ihnen. Sie ist h\u00fcbsch und schelmisch und tanzt f\u00fcr uns ein farbenfrohes Ballett. Das Matrjoschka-Thema ist auch in Rosa erh\u00e4ltlich.","og_url":"https:\/\/billesandco.paris\/de\/produit\/box-matriochka-yelena\/","og_site_name":"Billes & Co.","article_publisher":"https:\/\/facebook.com\/billesandco\/","article_modified_time":"2025-10-17T19:15:53+00:00","og_image":[{"width":905,"height":1024,"url":"https:\/\/billesandco.paris\/wp-content\/uploads\/2023\/03\/BOX-MATRIOCHKA-YELENA-905x1024.png","type":"image\/png"}],"twitter_card":"summary_large_image","twitter_misc":{"Gesch\u00e4tzte Lesezeit":"1\u00a0Minute"},"schema":{"@context":"https:\/\/schema.org","@graph":[{"@type":"WebPage","@id":"https:\/\/billesandco.paris\/de\/produit\/box-matriochka-yelena\/","url":"https:\/\/billesandco.paris\/de\/produit\/box-matriochka-yelena\/","name":"Box Matrjoschka Jelena - Billes & Co.","isPartOf":{"@id":"https:\/\/billesandco.paris\/de\/#website"},"primaryImageOfPage":{"@id":"https:\/\/billesandco.paris\/de\/produit\/box-matriochka-yelena\/#primaryimage"},"image":{"@id":"https:\/\/billesandco.paris\/de\/produit\/box-matriochka-yelena\/#primaryimage"},"thumbnailUrl":"https:\/\/i0.wp.com\/billesandco.paris\/wp-content\/uploads\/2023\/03\/BOX-MATRIOCHKA-YELENA.png?fit=1610%2C1822&ssl=1","datePublished":"2023-03-08T14:57:41+00:00","dateModified":"2025-10-17T19:15:53+00:00","breadcrumb":{"@id":"https:\/\/billesandco.paris\/de\/produit\/box-matriochka-yelena\/#breadcrumb"},"inLanguage":"de","potentialAction":[{"@type":"ReadAction","target":["https:\/\/billesandco.paris\/de\/produit\/box-matriochka-yelena\/"]}]},{"@type":"ImageObject","inLanguage":"de","@id":"https:\/\/billesandco.paris\/de\/produit\/box-matriochka-yelena\/#primaryimage","url":"https:\/\/i0.wp.com\/billesandco.paris\/wp-content\/uploads\/2023\/03\/BOX-MATRIOCHKA-YELENA.png?fit=1610%2C1822&ssl=1","contentUrl":"https:\/\/i0.wp.com\/billesandco.paris\/wp-content\/uploads\/2023\/03\/BOX-MATRIOCHKA-YELENA.png?fit=1610%2C1822&ssl=1","width":1610,"height":1822},{"@type":"BreadcrumbList","@id":"https:\/\/billesandco.paris\/de\/produit\/box-matriochka-yelena\/#breadcrumb","itemListElement":[{"@type":"ListItem","position":1,"name":"Accueil","item":"https:\/\/billesandco.paris\/de\/"},{"@type":"ListItem","position":2,"name":"Startseite","item":"https:\/\/billesandco.paris\/de\/"},{"@type":"ListItem","position":3,"name":"Matrjoschka Jelena"}]},{"@type":"WebSite","@id":"https:\/\/billesandco.paris\/de\/#website","url":"https:\/\/billesandco.paris\/de\/","name":"Billes & Co.","description":"Universen zum Spielen und Sammeln","publisher":{"@id":"https:\/\/billesandco.paris\/de\/#organization"},"alternateName":"B&CO.","potentialAction":[{"@type":"SearchAction","target":{"@type":"EntryPoint","urlTemplate":"https:\/\/billesandco.paris\/de\/?s={search_term_string}"},"query-input":{"@type":"PropertyValueSpecification","valueRequired":true,"valueName":"search_term_string"}}],"inLanguage":"de"},{"@type":"Organization","@id":"https:\/\/billesandco.paris\/de\/#organization","name":"Billes & Co.","alternateName":"B&CO.","url":"https:\/\/billesandco.paris\/de\/","logo":{"@type":"ImageObject","inLanguage":"de","@id":"https:\/\/billesandco.paris\/de\/#\/schema\/logo\/image\/","url":"https:\/\/billesandco.paris\/wp-content\/uploads\/2023\/01\/cropped-logoBCO.png","contentUrl":"https:\/\/billesandco.paris\/wp-content\/uploads\/2023\/01\/cropped-logoBCO.png","width":512,"height":512,"caption":"Billes & Co."},"image":{"@id":"https:\/\/billesandco.paris\/de\/#\/schema\/logo\/image\/"},"sameAs":["https:\/\/facebook.com\/billesandco\/","https:\/\/instagram.com\/billesandco\/"]}]}},"_links":{"self":[{"href":"https:\/\/billesandco.paris\/de\/wp-json\/wp\/v2\/product\/268249","targetHints":{"allow":["GET"]}}],"collection":[{"href":"https:\/\/billesandco.paris\/de\/wp-json\/wp\/v2\/product"}],"about":[{"href":"https:\/\/billesandco.paris\/de\/wp-json\/wp\/v2\/types\/product"}],"wp:featuredmedia":[{"embeddable":true,"href":"https:\/\/billesandco.paris\/de\/wp-json\/wp\/v2\/media\/268251"}],"wp:attachment":[{"href":"https:\/\/billesandco.paris\/de\/wp-json\/wp\/v2\/media?parent=268249"}],"wp:term":[{"taxonomy":"product_brand","embeddable":true,"href":"https:\/\/billesandco.paris\/de\/wp-json\/wp\/v2\/product_brand?post=268249"},{"taxonomy":"product_cat","embeddable":true,"href":"https:\/\/billesandco.paris\/de\/wp-json\/wp\/v2\/product_cat?post=268249"},{"taxonomy":"product_tag","embeddable":true,"href":"https:\/\/billesandco.paris\/de\/wp-json\/wp\/v2\/product_tag?post=268249"}],"curies":[{"name":"wp","href":"https:\/\/api.w.org\/{rel}","templated":true}]}}