{"id":268237,"date":"2023-03-07T15:13:16","date_gmt":"2023-03-07T14:13:16","guid":{"rendered":"https:\/\/billesandco.paris\/produit\/box-foret-magique\/"},"modified":"2025-10-21T16:23:52","modified_gmt":"2025-10-21T14:23:52","slug":"box-foret-magique","status":"publish","type":"product","link":"https:\/\/billesandco.paris\/de\/produit\/box-foret-magique\/","title":{"rendered":"<strong>Zauberwald<\/strong>"},"content":{"rendered":"<p>Set mit 58 Zauberwald-Murmeln, bestehend aus 7 verschiedenen Murmeln, 4 verschiedenen Gro\u00dfen Murmeln und 1 speziellen Murmeln:<br \/>\n42 Murmeln 16 mm, davon 18 Nuggets und 6 phosphoreszierende Murmeln, 12 Muggelsteine und 4 Gro\u00dfen Murmeln 22\/25 mm.<\/p>\n<ul>\n<li>Produkt entworfen und zusammengesetzt in Frankreich &#8211; Murmeln hergestellt in Mexiko<\/li>\n<li>Zusammensetzung: 69% Glas &#8211; 3% Kunststoff &#8211; 28% Papier und Pappe<\/li>\n<li>Entspricht den CE- und ASTM\/CPSIA-Standards<\/li>\n<li>Verwendung ab 3 Jahren (Europa) oder 5 Jahren (USA)<\/li>\n<\/ul>\n<p><img data-recalc-dims=\"1\" decoding=\"async\" style=\"height: 20px;\" src=\"https:\/\/i0.wp.com\/billesandco.paris\/wp-content\/uploads\/2023\/03\/ce.png?w=1220&#038;ssl=1\" alt=\"CE\"><\/p>\n","protected":false},"excerpt":{"rendered":"<p>Set mit 58 Murmeln, Muggelsteinen und gro\u00dfen Murmeln<\/p>\n<p>Ein Sortiment mit verschiedenen Farben und Texturen f\u00fcr einen Spaziergang durch eine geheime und bezaubernde Welt. Spielen Sie mit den Gl\u00fchw\u00fcrmchen und wenn Sie Gl\u00fcck haben, sehen Sie vielleicht einen der Waldbewohner. <\/p>\n","protected":false},"featured_media":268239,"template":"","meta":[],"product_brand":[],"product_cat":[307],"product_tag":[352],"class_list":{"0":"post-268237","1":"product","2":"type-product","3":"status-publish","4":"has-post-thumbnail","6":"product_cat-box-de-2","7":"product_tag-fantasy-de","9":"first","10":"instock","11":"shipping-taxable","12":"purchasable","13":"product-type-simple"},"yoast_head":"<!-- This site is optimized with the Yoast SEO plugin v27.2 - https:\/\/yoast.com\/product\/yoast-seo-wordpress\/ -->\n<title>Box Zauberwald - Billes &amp; Co.<\/title>\n<meta name=\"description\" content=\"Set mit 58 Murmeln, Muggelsteinen und Gro\u00dfen Murmeln - Ein Sortiment mit verschiedenen Farben und Texturen f\u00fcr einen Spaziergang in eine geheime und bezaubernde Welt.\" \/>\n<meta name=\"robots\" content=\"index, follow, max-snippet:-1, max-image-preview:large, max-video-preview:-1\" \/>\n<link rel=\"canonical\" href=\"https:\/\/billesandco.paris\/de\/produit\/box-foret-magique\/\" \/>\n<meta property=\"og:locale\" content=\"de_DE\" \/>\n<meta property=\"og:type\" content=\"article\" \/>\n<meta property=\"og:title\" content=\"Box Zauberwald - Billes &amp; Co.\" \/>\n<meta property=\"og:description\" content=\"Set mit 58 Murmeln, Muggelsteinen und Gro\u00dfen Murmeln - Ein Sortiment mit verschiedenen Farben und Texturen f\u00fcr einen Spaziergang in eine geheime und bezaubernde Welt.\" \/>\n<meta property=\"og:url\" content=\"https:\/\/billesandco.paris\/de\/produit\/box-foret-magique\/\" \/>\n<meta property=\"og:site_name\" content=\"Billes &amp; Co.\" \/>\n<meta property=\"article:publisher\" content=\"https:\/\/facebook.com\/billesandco\/\" \/>\n<meta property=\"article:modified_time\" content=\"2025-10-21T14:23:52+00:00\" \/>\n<meta property=\"og:image\" content=\"https:\/\/billesandco.paris\/wp-content\/uploads\/2024\/05\/BOX-FORET-MAGIQUE-2024-905x1024.png\" \/>\n\t<meta property=\"og:image:width\" content=\"905\" \/>\n\t<meta property=\"og:image:height\" content=\"1024\" \/>\n\t<meta property=\"og:image:type\" content=\"image\/png\" \/>\n<meta name=\"twitter:card\" content=\"summary_large_image\" \/>\n<script type=\"application\/ld+json\" class=\"yoast-schema-graph\">{\"@context\":\"https:\/\/schema.org\",\"@graph\":[{\"@type\":\"WebPage\",\"@id\":\"https:\/\/billesandco.paris\/de\/produit\/box-foret-magique\/\",\"url\":\"https:\/\/billesandco.paris\/de\/produit\/box-foret-magique\/\",\"name\":\"Box Zauberwald - Billes & Co.\",\"isPartOf\":{\"@id\":\"https:\/\/billesandco.paris\/de\/#website\"},\"primaryImageOfPage\":{\"@id\":\"https:\/\/billesandco.paris\/de\/produit\/box-foret-magique\/#primaryimage\"},\"image\":{\"@id\":\"https:\/\/billesandco.paris\/de\/produit\/box-foret-magique\/#primaryimage\"},\"thumbnailUrl\":\"https:\/\/i0.wp.com\/billesandco.paris\/wp-content\/uploads\/2024\/05\/BOX-FORET-MAGIQUE-2024.png?fit=1610%2C1822&ssl=1\",\"datePublished\":\"2023-03-07T14:13:16+00:00\",\"dateModified\":\"2025-10-21T14:23:52+00:00\",\"description\":\"Set mit 58 Murmeln, Muggelsteinen und Gro\u00dfen Murmeln - Ein Sortiment mit verschiedenen Farben und Texturen f\u00fcr einen Spaziergang in eine geheime und bezaubernde Welt.\",\"breadcrumb\":{\"@id\":\"https:\/\/billesandco.paris\/de\/produit\/box-foret-magique\/#breadcrumb\"},\"inLanguage\":\"de\",\"potentialAction\":[{\"@type\":\"ReadAction\",\"target\":[\"https:\/\/billesandco.paris\/de\/produit\/box-foret-magique\/\"]}]},{\"@type\":\"ImageObject\",\"inLanguage\":\"de\",\"@id\":\"https:\/\/billesandco.paris\/de\/produit\/box-foret-magique\/#primaryimage\",\"url\":\"https:\/\/i0.wp.com\/billesandco.paris\/wp-content\/uploads\/2024\/05\/BOX-FORET-MAGIQUE-2024.png?fit=1610%2C1822&ssl=1\",\"contentUrl\":\"https:\/\/i0.wp.com\/billesandco.paris\/wp-content\/uploads\/2024\/05\/BOX-FORET-MAGIQUE-2024.png?fit=1610%2C1822&ssl=1\",\"width\":1610,\"height\":1822},{\"@type\":\"BreadcrumbList\",\"@id\":\"https:\/\/billesandco.paris\/de\/produit\/box-foret-magique\/#breadcrumb\",\"itemListElement\":[{\"@type\":\"ListItem\",\"position\":1,\"name\":\"Accueil\",\"item\":\"https:\/\/billesandco.paris\/de\/\"},{\"@type\":\"ListItem\",\"position\":2,\"name\":\"Startseite\",\"item\":\"https:\/\/billesandco.paris\/de\/\"},{\"@type\":\"ListItem\",\"position\":3,\"name\":\"Zauberwald\"}]},{\"@type\":\"WebSite\",\"@id\":\"https:\/\/billesandco.paris\/de\/#website\",\"url\":\"https:\/\/billesandco.paris\/de\/\",\"name\":\"Billes & Co.\",\"description\":\"Universen zum Spielen und Sammeln\",\"publisher\":{\"@id\":\"https:\/\/billesandco.paris\/de\/#organization\"},\"alternateName\":\"B&CO.\",\"potentialAction\":[{\"@type\":\"SearchAction\",\"target\":{\"@type\":\"EntryPoint\",\"urlTemplate\":\"https:\/\/billesandco.paris\/de\/?s={search_term_string}\"},\"query-input\":{\"@type\":\"PropertyValueSpecification\",\"valueRequired\":true,\"valueName\":\"search_term_string\"}}],\"inLanguage\":\"de\"},{\"@type\":\"Organization\",\"@id\":\"https:\/\/billesandco.paris\/de\/#organization\",\"name\":\"Billes & Co.\",\"alternateName\":\"B&CO.\",\"url\":\"https:\/\/billesandco.paris\/de\/\",\"logo\":{\"@type\":\"ImageObject\",\"inLanguage\":\"de\",\"@id\":\"https:\/\/billesandco.paris\/de\/#\/schema\/logo\/image\/\",\"url\":\"https:\/\/billesandco.paris\/wp-content\/uploads\/2023\/01\/cropped-logoBCO.png\",\"contentUrl\":\"https:\/\/billesandco.paris\/wp-content\/uploads\/2023\/01\/cropped-logoBCO.png\",\"width\":512,\"height\":512,\"caption\":\"Billes & Co.\"},\"image\":{\"@id\":\"https:\/\/billesandco.paris\/de\/#\/schema\/logo\/image\/\"},\"sameAs\":[\"https:\/\/facebook.com\/billesandco\/\",\"https:\/\/instagram.com\/billesandco\/\"]}]}<\/script>\n<!-- \/ Yoast SEO plugin. -->","yoast_head_json":{"title":"Box Zauberwald - Billes & Co.","description":"Set mit 58 Murmeln, Muggelsteinen und Gro\u00dfen Murmeln - Ein Sortiment mit verschiedenen Farben und Texturen f\u00fcr einen Spaziergang in eine geheime und bezaubernde Welt.","robots":{"index":"index","follow":"follow","max-snippet":"max-snippet:-1","max-image-preview":"max-image-preview:large","max-video-preview":"max-video-preview:-1"},"canonical":"https:\/\/billesandco.paris\/de\/produit\/box-foret-magique\/","og_locale":"de_DE","og_type":"article","og_title":"Box Zauberwald - Billes & Co.","og_description":"Set mit 58 Murmeln, Muggelsteinen und Gro\u00dfen Murmeln - Ein Sortiment mit verschiedenen Farben und Texturen f\u00fcr einen Spaziergang in eine geheime und bezaubernde Welt.","og_url":"https:\/\/billesandco.paris\/de\/produit\/box-foret-magique\/","og_site_name":"Billes & Co.","article_publisher":"https:\/\/facebook.com\/billesandco\/","article_modified_time":"2025-10-21T14:23:52+00:00","og_image":[{"width":905,"height":1024,"url":"https:\/\/billesandco.paris\/wp-content\/uploads\/2024\/05\/BOX-FORET-MAGIQUE-2024-905x1024.png","type":"image\/png"}],"twitter_card":"summary_large_image","schema":{"@context":"https:\/\/schema.org","@graph":[{"@type":"WebPage","@id":"https:\/\/billesandco.paris\/de\/produit\/box-foret-magique\/","url":"https:\/\/billesandco.paris\/de\/produit\/box-foret-magique\/","name":"Box Zauberwald - Billes & Co.","isPartOf":{"@id":"https:\/\/billesandco.paris\/de\/#website"},"primaryImageOfPage":{"@id":"https:\/\/billesandco.paris\/de\/produit\/box-foret-magique\/#primaryimage"},"image":{"@id":"https:\/\/billesandco.paris\/de\/produit\/box-foret-magique\/#primaryimage"},"thumbnailUrl":"https:\/\/i0.wp.com\/billesandco.paris\/wp-content\/uploads\/2024\/05\/BOX-FORET-MAGIQUE-2024.png?fit=1610%2C1822&ssl=1","datePublished":"2023-03-07T14:13:16+00:00","dateModified":"2025-10-21T14:23:52+00:00","description":"Set mit 58 Murmeln, Muggelsteinen und Gro\u00dfen Murmeln - Ein Sortiment mit verschiedenen Farben und Texturen f\u00fcr einen Spaziergang in eine geheime und bezaubernde Welt.","breadcrumb":{"@id":"https:\/\/billesandco.paris\/de\/produit\/box-foret-magique\/#breadcrumb"},"inLanguage":"de","potentialAction":[{"@type":"ReadAction","target":["https:\/\/billesandco.paris\/de\/produit\/box-foret-magique\/"]}]},{"@type":"ImageObject","inLanguage":"de","@id":"https:\/\/billesandco.paris\/de\/produit\/box-foret-magique\/#primaryimage","url":"https:\/\/i0.wp.com\/billesandco.paris\/wp-content\/uploads\/2024\/05\/BOX-FORET-MAGIQUE-2024.png?fit=1610%2C1822&ssl=1","contentUrl":"https:\/\/i0.wp.com\/billesandco.paris\/wp-content\/uploads\/2024\/05\/BOX-FORET-MAGIQUE-2024.png?fit=1610%2C1822&ssl=1","width":1610,"height":1822},{"@type":"BreadcrumbList","@id":"https:\/\/billesandco.paris\/de\/produit\/box-foret-magique\/#breadcrumb","itemListElement":[{"@type":"ListItem","position":1,"name":"Accueil","item":"https:\/\/billesandco.paris\/de\/"},{"@type":"ListItem","position":2,"name":"Startseite","item":"https:\/\/billesandco.paris\/de\/"},{"@type":"ListItem","position":3,"name":"Zauberwald"}]},{"@type":"WebSite","@id":"https:\/\/billesandco.paris\/de\/#website","url":"https:\/\/billesandco.paris\/de\/","name":"Billes & Co.","description":"Universen zum Spielen und Sammeln","publisher":{"@id":"https:\/\/billesandco.paris\/de\/#organization"},"alternateName":"B&CO.","potentialAction":[{"@type":"SearchAction","target":{"@type":"EntryPoint","urlTemplate":"https:\/\/billesandco.paris\/de\/?s={search_term_string}"},"query-input":{"@type":"PropertyValueSpecification","valueRequired":true,"valueName":"search_term_string"}}],"inLanguage":"de"},{"@type":"Organization","@id":"https:\/\/billesandco.paris\/de\/#organization","name":"Billes & Co.","alternateName":"B&CO.","url":"https:\/\/billesandco.paris\/de\/","logo":{"@type":"ImageObject","inLanguage":"de","@id":"https:\/\/billesandco.paris\/de\/#\/schema\/logo\/image\/","url":"https:\/\/billesandco.paris\/wp-content\/uploads\/2023\/01\/cropped-logoBCO.png","contentUrl":"https:\/\/billesandco.paris\/wp-content\/uploads\/2023\/01\/cropped-logoBCO.png","width":512,"height":512,"caption":"Billes & Co."},"image":{"@id":"https:\/\/billesandco.paris\/de\/#\/schema\/logo\/image\/"},"sameAs":["https:\/\/facebook.com\/billesandco\/","https:\/\/instagram.com\/billesandco\/"]}]}},"_links":{"self":[{"href":"https:\/\/billesandco.paris\/de\/wp-json\/wp\/v2\/product\/268237","targetHints":{"allow":["GET"]}}],"collection":[{"href":"https:\/\/billesandco.paris\/de\/wp-json\/wp\/v2\/product"}],"about":[{"href":"https:\/\/billesandco.paris\/de\/wp-json\/wp\/v2\/types\/product"}],"wp:featuredmedia":[{"embeddable":true,"href":"https:\/\/billesandco.paris\/de\/wp-json\/wp\/v2\/media\/268239"}],"wp:attachment":[{"href":"https:\/\/billesandco.paris\/de\/wp-json\/wp\/v2\/media?parent=268237"}],"wp:term":[{"taxonomy":"product_brand","embeddable":true,"href":"https:\/\/billesandco.paris\/de\/wp-json\/wp\/v2\/product_brand?post=268237"},{"taxonomy":"product_cat","embeddable":true,"href":"https:\/\/billesandco.paris\/de\/wp-json\/wp\/v2\/product_cat?post=268237"},{"taxonomy":"product_tag","embeddable":true,"href":"https:\/\/billesandco.paris\/de\/wp-json\/wp\/v2\/product_tag?post=268237"}],"curies":[{"name":"wp","href":"https:\/\/api.w.org\/{rel}","templated":true}]}}