{"id":268163,"date":"2024-08-19T16:31:47","date_gmt":"2024-08-19T14:31:47","guid":{"rendered":"https:\/\/billesandco.paris\/produit\/box-collector-les-zinzins-de-l-espace\/"},"modified":"2025-10-08T20:48:33","modified_gmt":"2025-10-08T18:48:33","slug":"box-collector-les-zinzins-de-l-espace","status":"publish","type":"product","link":"https:\/\/billesandco.paris\/de\/produit\/box-collector-les-zinzins-de-l-espace\/","title":{"rendered":"Space Goofs"},"content":{"rendered":"<p>Set mit 60 Murmeln von Space Goofs mit 8 Sorten Murmeln, 4 Sorten Muggelsteinen und 4 Sorten gro\u00dfen Murmeln:<br \/>\n30 Murmeln 16 mm, 14 Murmeln 14 mm, 12 Muggelsteine und 4 gro\u00dfen Murmeln 22\/25 mm.<\/p>\n<ul>\n<li>Produkt entworfen und zusammengesetzt in Frankreich &#8211; Murmeln hergestellt in Mexiko<\/li>\n<li>Zusammensetzung: 69% Glas &#8211; 3% Kunststoff &#8211; 28% Papier und Pappe<\/li>\n<li>Entspricht den CE- und ASTM\/CPSIA-Standards<\/li>\n<li>Verwendung ab 3 Jahren (Europa) oder 5 Jahren (USA)<\/li>\n<\/ul>\n<p><img data-recalc-dims=\"1\" decoding=\"async\" style=\"height: 20px;\" src=\"https:\/\/i0.wp.com\/billesandco.paris\/wp-content\/uploads\/2023\/03\/ce.png?w=1220&#038;ssl=1\" alt=\"CE\"><\/p>\n","protected":false},"excerpt":{"rendered":"<p>Set mit 60 Murmeln, Muggelsteinen und gro\u00dfen Murmeln<\/p>\n<p>Diese Sammlerbox bietet ein einzigartiges und kosmisches Sortiment, das von der Welt der ZSpace Goofs, den ber\u00fchmten Hausbesetzern aus einer anderen Galaxie, inspiriert wurde. Verpassen Sie nicht dieses neue Sammlerst\u00fcck der Zeichentrickserie, die vom franz\u00f6sischen Animationsstudio Xilam geschaffen wurde. <\/p>\n<p>2024 Xilam Animation<\/p>\n","protected":false},"featured_media":268164,"template":"","meta":[],"product_brand":[],"product_cat":[307],"product_tag":[365,356,326,364,363,362],"class_list":{"0":"post-268163","1":"product","2":"type-product","3":"status-publish","4":"has-post-thumbnail","6":"product_cat-box-de-2","7":"product_tag-die-zinzine-des-weltraums","8":"product_tag-mitarbeiter","9":"product_tag-sammlerbox","10":"product_tag-seltene-murmeln","11":"product_tag-xilam-de","12":"product_tag-xilamanimation-de","14":"first","15":"instock","16":"shipping-taxable","17":"purchasable","18":"product-type-simple"},"yoast_head":"<!-- This site is optimized with the Yoast SEO plugin v27.2 - https:\/\/yoast.com\/product\/yoast-seo-wordpress\/ -->\n<title>Box Space Goofs - Billes &amp; Co.<\/title>\n<meta name=\"description\" content=\"Space Goofs - Sammlerbox mit 60 Murmeln, Muggelsteinen und gro\u00dfen Murmeln - Ein Sammelsortiment in den Farben der Hausbesetzer aus einer anderen Galaxie.\" \/>\n<meta name=\"robots\" content=\"index, follow, max-snippet:-1, max-image-preview:large, max-video-preview:-1\" \/>\n<link rel=\"canonical\" href=\"https:\/\/billesandco.paris\/de\/produit\/box-collector-les-zinzins-de-l-espace\/\" \/>\n<meta property=\"og:locale\" content=\"de_DE\" \/>\n<meta property=\"og:type\" content=\"article\" \/>\n<meta property=\"og:title\" content=\"Box Space Goofs - Billes &amp; Co.\" \/>\n<meta property=\"og:description\" content=\"Space Goofs - Sammlerbox mit 60 Murmeln, Muggelsteinen und gro\u00dfen Murmeln - Ein Sammelsortiment in den Farben der Hausbesetzer aus einer anderen Galaxie.\" \/>\n<meta property=\"og:url\" content=\"https:\/\/billesandco.paris\/de\/produit\/box-collector-les-zinzins-de-l-espace\/\" \/>\n<meta property=\"og:site_name\" content=\"Billes &amp; Co.\" \/>\n<meta property=\"article:publisher\" content=\"https:\/\/facebook.com\/billesandco\/\" \/>\n<meta property=\"article:modified_time\" content=\"2025-10-08T18:48:33+00:00\" \/>\n<meta property=\"og:image\" content=\"https:\/\/i0.wp.com\/billesandco.paris\/wp-content\/uploads\/2024\/08\/BOX-LES-ZINZINS-DE-LESPASCE.png?fit=1610%2C1822&ssl=1\" \/>\n\t<meta property=\"og:image:width\" content=\"1610\" \/>\n\t<meta property=\"og:image:height\" content=\"1822\" \/>\n\t<meta property=\"og:image:type\" content=\"image\/png\" \/>\n<meta name=\"twitter:card\" content=\"summary_large_image\" \/>\n<script type=\"application\/ld+json\" class=\"yoast-schema-graph\">{\"@context\":\"https:\/\/schema.org\",\"@graph\":[{\"@type\":\"WebPage\",\"@id\":\"https:\/\/billesandco.paris\/de\/produit\/box-collector-les-zinzins-de-l-espace\/\",\"url\":\"https:\/\/billesandco.paris\/de\/produit\/box-collector-les-zinzins-de-l-espace\/\",\"name\":\"Box Space Goofs - Billes & Co.\",\"isPartOf\":{\"@id\":\"https:\/\/billesandco.paris\/de\/#website\"},\"primaryImageOfPage\":{\"@id\":\"https:\/\/billesandco.paris\/de\/produit\/box-collector-les-zinzins-de-l-espace\/#primaryimage\"},\"image\":{\"@id\":\"https:\/\/billesandco.paris\/de\/produit\/box-collector-les-zinzins-de-l-espace\/#primaryimage\"},\"thumbnailUrl\":\"https:\/\/i0.wp.com\/billesandco.paris\/wp-content\/uploads\/2024\/08\/BOX-LES-ZINZINS-DE-LESPASCE.png?fit=1610%2C1822&ssl=1\",\"datePublished\":\"2024-08-19T14:31:47+00:00\",\"dateModified\":\"2025-10-08T18:48:33+00:00\",\"description\":\"Space Goofs - Sammlerbox mit 60 Murmeln, Muggelsteinen und gro\u00dfen Murmeln - Ein Sammelsortiment in den Farben der Hausbesetzer aus einer anderen Galaxie.\",\"breadcrumb\":{\"@id\":\"https:\/\/billesandco.paris\/de\/produit\/box-collector-les-zinzins-de-l-espace\/#breadcrumb\"},\"inLanguage\":\"de\",\"potentialAction\":[{\"@type\":\"ReadAction\",\"target\":[\"https:\/\/billesandco.paris\/de\/produit\/box-collector-les-zinzins-de-l-espace\/\"]}]},{\"@type\":\"ImageObject\",\"inLanguage\":\"de\",\"@id\":\"https:\/\/billesandco.paris\/de\/produit\/box-collector-les-zinzins-de-l-espace\/#primaryimage\",\"url\":\"https:\/\/i0.wp.com\/billesandco.paris\/wp-content\/uploads\/2024\/08\/BOX-LES-ZINZINS-DE-LESPASCE.png?fit=1610%2C1822&ssl=1\",\"contentUrl\":\"https:\/\/i0.wp.com\/billesandco.paris\/wp-content\/uploads\/2024\/08\/BOX-LES-ZINZINS-DE-LESPASCE.png?fit=1610%2C1822&ssl=1\",\"width\":1610,\"height\":1822},{\"@type\":\"BreadcrumbList\",\"@id\":\"https:\/\/billesandco.paris\/de\/produit\/box-collector-les-zinzins-de-l-espace\/#breadcrumb\",\"itemListElement\":[{\"@type\":\"ListItem\",\"position\":1,\"name\":\"Accueil\",\"item\":\"https:\/\/billesandco.paris\/de\/\"},{\"@type\":\"ListItem\",\"position\":2,\"name\":\"Startseite\",\"item\":\"https:\/\/billesandco.paris\/de\/\"},{\"@type\":\"ListItem\",\"position\":3,\"name\":\"Space Goofs\"}]},{\"@type\":\"WebSite\",\"@id\":\"https:\/\/billesandco.paris\/de\/#website\",\"url\":\"https:\/\/billesandco.paris\/de\/\",\"name\":\"Billes & Co.\",\"description\":\"Universen zum Spielen und Sammeln\",\"publisher\":{\"@id\":\"https:\/\/billesandco.paris\/de\/#organization\"},\"alternateName\":\"B&CO.\",\"potentialAction\":[{\"@type\":\"SearchAction\",\"target\":{\"@type\":\"EntryPoint\",\"urlTemplate\":\"https:\/\/billesandco.paris\/de\/?s={search_term_string}\"},\"query-input\":{\"@type\":\"PropertyValueSpecification\",\"valueRequired\":true,\"valueName\":\"search_term_string\"}}],\"inLanguage\":\"de\"},{\"@type\":\"Organization\",\"@id\":\"https:\/\/billesandco.paris\/de\/#organization\",\"name\":\"Billes & Co.\",\"alternateName\":\"B&CO.\",\"url\":\"https:\/\/billesandco.paris\/de\/\",\"logo\":{\"@type\":\"ImageObject\",\"inLanguage\":\"de\",\"@id\":\"https:\/\/billesandco.paris\/de\/#\/schema\/logo\/image\/\",\"url\":\"https:\/\/billesandco.paris\/wp-content\/uploads\/2023\/01\/cropped-logoBCO.png\",\"contentUrl\":\"https:\/\/billesandco.paris\/wp-content\/uploads\/2023\/01\/cropped-logoBCO.png\",\"width\":512,\"height\":512,\"caption\":\"Billes & Co.\"},\"image\":{\"@id\":\"https:\/\/billesandco.paris\/de\/#\/schema\/logo\/image\/\"},\"sameAs\":[\"https:\/\/facebook.com\/billesandco\/\",\"https:\/\/instagram.com\/billesandco\/\"]}]}<\/script>\n<!-- \/ Yoast SEO plugin. -->","yoast_head_json":{"title":"Box Space Goofs - Billes & Co.","description":"Space Goofs - Sammlerbox mit 60 Murmeln, Muggelsteinen und gro\u00dfen Murmeln - Ein Sammelsortiment in den Farben der Hausbesetzer aus einer anderen Galaxie.","robots":{"index":"index","follow":"follow","max-snippet":"max-snippet:-1","max-image-preview":"max-image-preview:large","max-video-preview":"max-video-preview:-1"},"canonical":"https:\/\/billesandco.paris\/de\/produit\/box-collector-les-zinzins-de-l-espace\/","og_locale":"de_DE","og_type":"article","og_title":"Box Space Goofs - Billes & Co.","og_description":"Space Goofs - Sammlerbox mit 60 Murmeln, Muggelsteinen und gro\u00dfen Murmeln - Ein Sammelsortiment in den Farben der Hausbesetzer aus einer anderen Galaxie.","og_url":"https:\/\/billesandco.paris\/de\/produit\/box-collector-les-zinzins-de-l-espace\/","og_site_name":"Billes & Co.","article_publisher":"https:\/\/facebook.com\/billesandco\/","article_modified_time":"2025-10-08T18:48:33+00:00","og_image":[{"width":1610,"height":1822,"url":"https:\/\/i0.wp.com\/billesandco.paris\/wp-content\/uploads\/2024\/08\/BOX-LES-ZINZINS-DE-LESPASCE.png?fit=1610%2C1822&ssl=1","type":"image\/png"}],"twitter_card":"summary_large_image","schema":{"@context":"https:\/\/schema.org","@graph":[{"@type":"WebPage","@id":"https:\/\/billesandco.paris\/de\/produit\/box-collector-les-zinzins-de-l-espace\/","url":"https:\/\/billesandco.paris\/de\/produit\/box-collector-les-zinzins-de-l-espace\/","name":"Box Space Goofs - Billes & Co.","isPartOf":{"@id":"https:\/\/billesandco.paris\/de\/#website"},"primaryImageOfPage":{"@id":"https:\/\/billesandco.paris\/de\/produit\/box-collector-les-zinzins-de-l-espace\/#primaryimage"},"image":{"@id":"https:\/\/billesandco.paris\/de\/produit\/box-collector-les-zinzins-de-l-espace\/#primaryimage"},"thumbnailUrl":"https:\/\/i0.wp.com\/billesandco.paris\/wp-content\/uploads\/2024\/08\/BOX-LES-ZINZINS-DE-LESPASCE.png?fit=1610%2C1822&ssl=1","datePublished":"2024-08-19T14:31:47+00:00","dateModified":"2025-10-08T18:48:33+00:00","description":"Space Goofs - Sammlerbox mit 60 Murmeln, Muggelsteinen und gro\u00dfen Murmeln - Ein Sammelsortiment in den Farben der Hausbesetzer aus einer anderen Galaxie.","breadcrumb":{"@id":"https:\/\/billesandco.paris\/de\/produit\/box-collector-les-zinzins-de-l-espace\/#breadcrumb"},"inLanguage":"de","potentialAction":[{"@type":"ReadAction","target":["https:\/\/billesandco.paris\/de\/produit\/box-collector-les-zinzins-de-l-espace\/"]}]},{"@type":"ImageObject","inLanguage":"de","@id":"https:\/\/billesandco.paris\/de\/produit\/box-collector-les-zinzins-de-l-espace\/#primaryimage","url":"https:\/\/i0.wp.com\/billesandco.paris\/wp-content\/uploads\/2024\/08\/BOX-LES-ZINZINS-DE-LESPASCE.png?fit=1610%2C1822&ssl=1","contentUrl":"https:\/\/i0.wp.com\/billesandco.paris\/wp-content\/uploads\/2024\/08\/BOX-LES-ZINZINS-DE-LESPASCE.png?fit=1610%2C1822&ssl=1","width":1610,"height":1822},{"@type":"BreadcrumbList","@id":"https:\/\/billesandco.paris\/de\/produit\/box-collector-les-zinzins-de-l-espace\/#breadcrumb","itemListElement":[{"@type":"ListItem","position":1,"name":"Accueil","item":"https:\/\/billesandco.paris\/de\/"},{"@type":"ListItem","position":2,"name":"Startseite","item":"https:\/\/billesandco.paris\/de\/"},{"@type":"ListItem","position":3,"name":"Space Goofs"}]},{"@type":"WebSite","@id":"https:\/\/billesandco.paris\/de\/#website","url":"https:\/\/billesandco.paris\/de\/","name":"Billes & Co.","description":"Universen zum Spielen und Sammeln","publisher":{"@id":"https:\/\/billesandco.paris\/de\/#organization"},"alternateName":"B&CO.","potentialAction":[{"@type":"SearchAction","target":{"@type":"EntryPoint","urlTemplate":"https:\/\/billesandco.paris\/de\/?s={search_term_string}"},"query-input":{"@type":"PropertyValueSpecification","valueRequired":true,"valueName":"search_term_string"}}],"inLanguage":"de"},{"@type":"Organization","@id":"https:\/\/billesandco.paris\/de\/#organization","name":"Billes & Co.","alternateName":"B&CO.","url":"https:\/\/billesandco.paris\/de\/","logo":{"@type":"ImageObject","inLanguage":"de","@id":"https:\/\/billesandco.paris\/de\/#\/schema\/logo\/image\/","url":"https:\/\/billesandco.paris\/wp-content\/uploads\/2023\/01\/cropped-logoBCO.png","contentUrl":"https:\/\/billesandco.paris\/wp-content\/uploads\/2023\/01\/cropped-logoBCO.png","width":512,"height":512,"caption":"Billes & Co."},"image":{"@id":"https:\/\/billesandco.paris\/de\/#\/schema\/logo\/image\/"},"sameAs":["https:\/\/facebook.com\/billesandco\/","https:\/\/instagram.com\/billesandco\/"]}]}},"_links":{"self":[{"href":"https:\/\/billesandco.paris\/de\/wp-json\/wp\/v2\/product\/268163","targetHints":{"allow":["GET"]}}],"collection":[{"href":"https:\/\/billesandco.paris\/de\/wp-json\/wp\/v2\/product"}],"about":[{"href":"https:\/\/billesandco.paris\/de\/wp-json\/wp\/v2\/types\/product"}],"wp:featuredmedia":[{"embeddable":true,"href":"https:\/\/billesandco.paris\/de\/wp-json\/wp\/v2\/media\/268164"}],"wp:attachment":[{"href":"https:\/\/billesandco.paris\/de\/wp-json\/wp\/v2\/media?parent=268163"}],"wp:term":[{"taxonomy":"product_brand","embeddable":true,"href":"https:\/\/billesandco.paris\/de\/wp-json\/wp\/v2\/product_brand?post=268163"},{"taxonomy":"product_cat","embeddable":true,"href":"https:\/\/billesandco.paris\/de\/wp-json\/wp\/v2\/product_cat?post=268163"},{"taxonomy":"product_tag","embeddable":true,"href":"https:\/\/billesandco.paris\/de\/wp-json\/wp\/v2\/product_tag?post=268163"}],"curies":[{"name":"wp","href":"https:\/\/api.w.org\/{rel}","templated":true}]}}