{"id":268154,"date":"2024-09-09T15:47:48","date_gmt":"2024-09-09T13:47:48","guid":{"rendered":"https:\/\/billesandco.paris\/produit\/calots-happy-cactus\/"},"modified":"2025-10-08T20:41:51","modified_gmt":"2025-10-08T18:41:51","slug":"calots-happy-cactus","status":"publish","type":"product","link":"https:\/\/billesandco.paris\/de\/produit\/calots-happy-cactus\/","title":{"rendered":"Happy Cactus"},"content":{"rendered":"<p>Set mit 9 gro\u00dfen Murmel Happy Cactus 25 mm<\/p>\n<ul>\n<li>Produkt entworfen und zusammengesetzt in Frankreich &#8211; Murmeln hergestellt in Mexiko<\/li>\n<li>Zusammensetzung: 68 % Glas &#8211; 3 % Kunststoff &#8211; 28 % Papier und Pappe &#8211; 1 % gefilzte Schurwolle<\/li>\n<li>Entspricht den CE- und ASTM\/CPSIA-Standards<\/li>\n<li>Verwendung ab 3 Jahren (Europa) oder 5 Jahren (USA)<\/li>\n<\/ul>\n<p><img data-recalc-dims=\"1\" decoding=\"async\" style=\"height: 20px;\" src=\"https:\/\/i0.wp.com\/billesandco.paris\/wp-content\/uploads\/2023\/03\/ce.png?w=1220&#038;ssl=1\" alt=\"CE\"><\/p>\n","protected":false},"excerpt":{"rendered":"<p>Set mit 9 gro\u00dfen Murmeln<\/p>\n<p>Wir haben eine einzigartige Auswahl von 9 fr\u00f6hlichen und festlichen gro\u00dfen Murmeln zusammengestellt. In einem h\u00fcbschen, handgefertigten Etui sind die gro\u00dfen Murmel in Prim\u00e4rfarben und Candy Pop Nuggets sorgf\u00e4ltig arrangiert. Auf dem Boden befindet sich ein weicher Filzbezug aus 100% Schurwolle in einem h\u00fcbschen, zarten Rosa, in dem die 9 kleinen Sch\u00e4tze bequem Platz finden. Und wenn Sie die gro\u00dfen Murmel auf dem Filz reiben, bleiben sie immer gl\u00e4nzend \u2728.   <\/p>\n","protected":false},"featured_media":268155,"template":"","meta":[],"product_brand":[],"product_cat":[316],"product_tag":[360,343,321,344,359],"class_list":{"0":"post-268154","1":"product","2":"type-product","3":"status-publish","4":"has-post-thumbnail","6":"product_cat-grossen-murmeln-mini-box-de","7":"product_tag-candy-pop-de","8":"product_tag-design-de","9":"product_tag-kalotten","10":"product_tag-nugget-de","11":"product_tag-primarfarben","13":"first","14":"instock","15":"shipping-taxable","16":"purchasable","17":"product-type-simple"},"yoast_head":"<!-- This site is optimized with the Yoast SEO plugin v27.2 - https:\/\/yoast.com\/product\/yoast-seo-wordpress\/ -->\n<title>gro\u00dfen Murmeln Mini Box Happy Cactus - Billes &amp; Co.<\/title>\n<meta name=\"description\" content=\"Happy Cactus 9er-Set - Fr\u00f6hliche und festliche Mischung aus gro\u00dfen Murmel in Prim\u00e4rfarben und Candy Pop Nuggets.\" \/>\n<meta name=\"robots\" content=\"index, follow, max-snippet:-1, max-image-preview:large, max-video-preview:-1\" \/>\n<link rel=\"canonical\" href=\"https:\/\/billesandco.paris\/de\/produit\/calots-happy-cactus\/\" \/>\n<meta property=\"og:locale\" content=\"de_DE\" \/>\n<meta property=\"og:type\" content=\"article\" \/>\n<meta property=\"og:title\" content=\"gro\u00dfen Murmeln Mini Box Happy Cactus - Billes &amp; Co.\" \/>\n<meta property=\"og:description\" content=\"Happy Cactus 9er-Set - Fr\u00f6hliche und festliche Mischung aus gro\u00dfen Murmel in Prim\u00e4rfarben und Candy Pop Nuggets.\" \/>\n<meta property=\"og:url\" content=\"https:\/\/billesandco.paris\/de\/produit\/calots-happy-cactus\/\" \/>\n<meta property=\"og:site_name\" content=\"Billes &amp; Co.\" \/>\n<meta property=\"article:publisher\" content=\"https:\/\/facebook.com\/billesandco\/\" \/>\n<meta property=\"article:modified_time\" content=\"2025-10-08T18:41:51+00:00\" \/>\n<meta property=\"og:image\" content=\"https:\/\/i0.wp.com\/billesandco.paris\/wp-content\/uploads\/2024\/09\/MINIBOX-CALOTS-HAPPY-CACTUS-2025.png?fit=1610%2C1822&ssl=1\" \/>\n\t<meta property=\"og:image:width\" content=\"1610\" \/>\n\t<meta property=\"og:image:height\" content=\"1822\" \/>\n\t<meta property=\"og:image:type\" content=\"image\/png\" \/>\n<meta name=\"twitter:card\" content=\"summary_large_image\" \/>\n<script type=\"application\/ld+json\" class=\"yoast-schema-graph\">{\"@context\":\"https:\/\/schema.org\",\"@graph\":[{\"@type\":\"WebPage\",\"@id\":\"https:\/\/billesandco.paris\/de\/produit\/calots-happy-cactus\/\",\"url\":\"https:\/\/billesandco.paris\/de\/produit\/calots-happy-cactus\/\",\"name\":\"gro\u00dfen Murmeln Mini Box Happy Cactus - Billes & Co.\",\"isPartOf\":{\"@id\":\"https:\/\/billesandco.paris\/de\/#website\"},\"primaryImageOfPage\":{\"@id\":\"https:\/\/billesandco.paris\/de\/produit\/calots-happy-cactus\/#primaryimage\"},\"image\":{\"@id\":\"https:\/\/billesandco.paris\/de\/produit\/calots-happy-cactus\/#primaryimage\"},\"thumbnailUrl\":\"https:\/\/i0.wp.com\/billesandco.paris\/wp-content\/uploads\/2024\/09\/MINIBOX-CALOTS-HAPPY-CACTUS-2025.png?fit=1610%2C1822&ssl=1\",\"datePublished\":\"2024-09-09T13:47:48+00:00\",\"dateModified\":\"2025-10-08T18:41:51+00:00\",\"description\":\"Happy Cactus 9er-Set - Fr\u00f6hliche und festliche Mischung aus gro\u00dfen Murmel in Prim\u00e4rfarben und Candy Pop Nuggets.\",\"breadcrumb\":{\"@id\":\"https:\/\/billesandco.paris\/de\/produit\/calots-happy-cactus\/#breadcrumb\"},\"inLanguage\":\"de\",\"potentialAction\":[{\"@type\":\"ReadAction\",\"target\":[\"https:\/\/billesandco.paris\/de\/produit\/calots-happy-cactus\/\"]}]},{\"@type\":\"ImageObject\",\"inLanguage\":\"de\",\"@id\":\"https:\/\/billesandco.paris\/de\/produit\/calots-happy-cactus\/#primaryimage\",\"url\":\"https:\/\/i0.wp.com\/billesandco.paris\/wp-content\/uploads\/2024\/09\/MINIBOX-CALOTS-HAPPY-CACTUS-2025.png?fit=1610%2C1822&ssl=1\",\"contentUrl\":\"https:\/\/i0.wp.com\/billesandco.paris\/wp-content\/uploads\/2024\/09\/MINIBOX-CALOTS-HAPPY-CACTUS-2025.png?fit=1610%2C1822&ssl=1\",\"width\":1610,\"height\":1822},{\"@type\":\"BreadcrumbList\",\"@id\":\"https:\/\/billesandco.paris\/de\/produit\/calots-happy-cactus\/#breadcrumb\",\"itemListElement\":[{\"@type\":\"ListItem\",\"position\":1,\"name\":\"Accueil\",\"item\":\"https:\/\/billesandco.paris\/de\/\"},{\"@type\":\"ListItem\",\"position\":2,\"name\":\"Startseite\",\"item\":\"https:\/\/billesandco.paris\/de\/\"},{\"@type\":\"ListItem\",\"position\":3,\"name\":\"Happy Cactus\"}]},{\"@type\":\"WebSite\",\"@id\":\"https:\/\/billesandco.paris\/de\/#website\",\"url\":\"https:\/\/billesandco.paris\/de\/\",\"name\":\"Billes & Co.\",\"description\":\"Universen zum Spielen und Sammeln\",\"publisher\":{\"@id\":\"https:\/\/billesandco.paris\/de\/#organization\"},\"alternateName\":\"B&CO.\",\"potentialAction\":[{\"@type\":\"SearchAction\",\"target\":{\"@type\":\"EntryPoint\",\"urlTemplate\":\"https:\/\/billesandco.paris\/de\/?s={search_term_string}\"},\"query-input\":{\"@type\":\"PropertyValueSpecification\",\"valueRequired\":true,\"valueName\":\"search_term_string\"}}],\"inLanguage\":\"de\"},{\"@type\":\"Organization\",\"@id\":\"https:\/\/billesandco.paris\/de\/#organization\",\"name\":\"Billes & Co.\",\"alternateName\":\"B&CO.\",\"url\":\"https:\/\/billesandco.paris\/de\/\",\"logo\":{\"@type\":\"ImageObject\",\"inLanguage\":\"de\",\"@id\":\"https:\/\/billesandco.paris\/de\/#\/schema\/logo\/image\/\",\"url\":\"https:\/\/billesandco.paris\/wp-content\/uploads\/2023\/01\/cropped-logoBCO.png\",\"contentUrl\":\"https:\/\/billesandco.paris\/wp-content\/uploads\/2023\/01\/cropped-logoBCO.png\",\"width\":512,\"height\":512,\"caption\":\"Billes & Co.\"},\"image\":{\"@id\":\"https:\/\/billesandco.paris\/de\/#\/schema\/logo\/image\/\"},\"sameAs\":[\"https:\/\/facebook.com\/billesandco\/\",\"https:\/\/instagram.com\/billesandco\/\"]}]}<\/script>\n<!-- \/ Yoast SEO plugin. -->","yoast_head_json":{"title":"gro\u00dfen Murmeln Mini Box Happy Cactus - Billes & Co.","description":"Happy Cactus 9er-Set - Fr\u00f6hliche und festliche Mischung aus gro\u00dfen Murmel in Prim\u00e4rfarben und Candy Pop Nuggets.","robots":{"index":"index","follow":"follow","max-snippet":"max-snippet:-1","max-image-preview":"max-image-preview:large","max-video-preview":"max-video-preview:-1"},"canonical":"https:\/\/billesandco.paris\/de\/produit\/calots-happy-cactus\/","og_locale":"de_DE","og_type":"article","og_title":"gro\u00dfen Murmeln Mini Box Happy Cactus - Billes & Co.","og_description":"Happy Cactus 9er-Set - Fr\u00f6hliche und festliche Mischung aus gro\u00dfen Murmel in Prim\u00e4rfarben und Candy Pop Nuggets.","og_url":"https:\/\/billesandco.paris\/de\/produit\/calots-happy-cactus\/","og_site_name":"Billes & Co.","article_publisher":"https:\/\/facebook.com\/billesandco\/","article_modified_time":"2025-10-08T18:41:51+00:00","og_image":[{"width":1610,"height":1822,"url":"https:\/\/i0.wp.com\/billesandco.paris\/wp-content\/uploads\/2024\/09\/MINIBOX-CALOTS-HAPPY-CACTUS-2025.png?fit=1610%2C1822&ssl=1","type":"image\/png"}],"twitter_card":"summary_large_image","schema":{"@context":"https:\/\/schema.org","@graph":[{"@type":"WebPage","@id":"https:\/\/billesandco.paris\/de\/produit\/calots-happy-cactus\/","url":"https:\/\/billesandco.paris\/de\/produit\/calots-happy-cactus\/","name":"gro\u00dfen Murmeln Mini Box Happy Cactus - Billes & Co.","isPartOf":{"@id":"https:\/\/billesandco.paris\/de\/#website"},"primaryImageOfPage":{"@id":"https:\/\/billesandco.paris\/de\/produit\/calots-happy-cactus\/#primaryimage"},"image":{"@id":"https:\/\/billesandco.paris\/de\/produit\/calots-happy-cactus\/#primaryimage"},"thumbnailUrl":"https:\/\/i0.wp.com\/billesandco.paris\/wp-content\/uploads\/2024\/09\/MINIBOX-CALOTS-HAPPY-CACTUS-2025.png?fit=1610%2C1822&ssl=1","datePublished":"2024-09-09T13:47:48+00:00","dateModified":"2025-10-08T18:41:51+00:00","description":"Happy Cactus 9er-Set - Fr\u00f6hliche und festliche Mischung aus gro\u00dfen Murmel in Prim\u00e4rfarben und Candy Pop Nuggets.","breadcrumb":{"@id":"https:\/\/billesandco.paris\/de\/produit\/calots-happy-cactus\/#breadcrumb"},"inLanguage":"de","potentialAction":[{"@type":"ReadAction","target":["https:\/\/billesandco.paris\/de\/produit\/calots-happy-cactus\/"]}]},{"@type":"ImageObject","inLanguage":"de","@id":"https:\/\/billesandco.paris\/de\/produit\/calots-happy-cactus\/#primaryimage","url":"https:\/\/i0.wp.com\/billesandco.paris\/wp-content\/uploads\/2024\/09\/MINIBOX-CALOTS-HAPPY-CACTUS-2025.png?fit=1610%2C1822&ssl=1","contentUrl":"https:\/\/i0.wp.com\/billesandco.paris\/wp-content\/uploads\/2024\/09\/MINIBOX-CALOTS-HAPPY-CACTUS-2025.png?fit=1610%2C1822&ssl=1","width":1610,"height":1822},{"@type":"BreadcrumbList","@id":"https:\/\/billesandco.paris\/de\/produit\/calots-happy-cactus\/#breadcrumb","itemListElement":[{"@type":"ListItem","position":1,"name":"Accueil","item":"https:\/\/billesandco.paris\/de\/"},{"@type":"ListItem","position":2,"name":"Startseite","item":"https:\/\/billesandco.paris\/de\/"},{"@type":"ListItem","position":3,"name":"Happy Cactus"}]},{"@type":"WebSite","@id":"https:\/\/billesandco.paris\/de\/#website","url":"https:\/\/billesandco.paris\/de\/","name":"Billes & Co.","description":"Universen zum Spielen und Sammeln","publisher":{"@id":"https:\/\/billesandco.paris\/de\/#organization"},"alternateName":"B&CO.","potentialAction":[{"@type":"SearchAction","target":{"@type":"EntryPoint","urlTemplate":"https:\/\/billesandco.paris\/de\/?s={search_term_string}"},"query-input":{"@type":"PropertyValueSpecification","valueRequired":true,"valueName":"search_term_string"}}],"inLanguage":"de"},{"@type":"Organization","@id":"https:\/\/billesandco.paris\/de\/#organization","name":"Billes & Co.","alternateName":"B&CO.","url":"https:\/\/billesandco.paris\/de\/","logo":{"@type":"ImageObject","inLanguage":"de","@id":"https:\/\/billesandco.paris\/de\/#\/schema\/logo\/image\/","url":"https:\/\/billesandco.paris\/wp-content\/uploads\/2023\/01\/cropped-logoBCO.png","contentUrl":"https:\/\/billesandco.paris\/wp-content\/uploads\/2023\/01\/cropped-logoBCO.png","width":512,"height":512,"caption":"Billes & Co."},"image":{"@id":"https:\/\/billesandco.paris\/de\/#\/schema\/logo\/image\/"},"sameAs":["https:\/\/facebook.com\/billesandco\/","https:\/\/instagram.com\/billesandco\/"]}]}},"_links":{"self":[{"href":"https:\/\/billesandco.paris\/de\/wp-json\/wp\/v2\/product\/268154","targetHints":{"allow":["GET"]}}],"collection":[{"href":"https:\/\/billesandco.paris\/de\/wp-json\/wp\/v2\/product"}],"about":[{"href":"https:\/\/billesandco.paris\/de\/wp-json\/wp\/v2\/types\/product"}],"wp:featuredmedia":[{"embeddable":true,"href":"https:\/\/billesandco.paris\/de\/wp-json\/wp\/v2\/media\/268155"}],"wp:attachment":[{"href":"https:\/\/billesandco.paris\/de\/wp-json\/wp\/v2\/media?parent=268154"}],"wp:term":[{"taxonomy":"product_brand","embeddable":true,"href":"https:\/\/billesandco.paris\/de\/wp-json\/wp\/v2\/product_brand?post=268154"},{"taxonomy":"product_cat","embeddable":true,"href":"https:\/\/billesandco.paris\/de\/wp-json\/wp\/v2\/product_cat?post=268154"},{"taxonomy":"product_tag","embeddable":true,"href":"https:\/\/billesandco.paris\/de\/wp-json\/wp\/v2\/product_tag?post=268154"}],"curies":[{"name":"wp","href":"https:\/\/api.w.org\/{rel}","templated":true}]}}