{"id":268148,"date":"2024-08-05T17:03:58","date_gmt":"2024-08-05T15:03:58","guid":{"rendered":"https:\/\/billesandco.paris\/produit\/box-collector-oggy-et-les-cafards\/"},"modified":"2025-10-08T20:56:04","modified_gmt":"2025-10-08T18:56:04","slug":"box-collector-oggy-et-les-cafards","status":"publish","type":"product","link":"https:\/\/billesandco.paris\/de\/produit\/box-collector-oggy-et-les-cafards\/","title":{"rendered":"Oggy und die Kakerlaken"},"content":{"rendered":"<p>Oggy und die Kakerlaken 64er Schatulle mit 4 verschiedenen Murmeln, 4 verschiedenen Muggelsteinen und 4 verschiedenen gro\u00dfen Murmeln:<br \/>\n36 Murmeln 16 mm, 24 Muggelsteine und 4 gro\u00dfe Murmeln 22\/25 mm.<\/p>\n<ul>\n<li>Produkt entworfen und zusammengesetzt in Frankreich &#8211; Murmeln hergestellt in Mexiko<\/li>\n<li>Zusammensetzung: 69% Glas &#8211; 3% Kunststoff &#8211; 28% Papier und Pappe<\/li>\n<li>Entspricht den CE- und ASTM\/CPSIA-Standards<\/li>\n<li>Verwendung ab 3 Jahren (Europa) oder 5 Jahren (USA)<\/li>\n<\/ul>\n<p><img data-recalc-dims=\"1\" decoding=\"async\" style=\"height: 20px;\" src=\"https:\/\/i0.wp.com\/billesandco.paris\/wp-content\/uploads\/2023\/03\/ce.png?w=1220&#038;ssl=1\" alt=\"CE\"><\/p>\n","protected":false},"excerpt":{"rendered":"<p>Set mit 64 Murmeln, Muggelsteinen und gro\u00dfen Murmeln<\/p>\n<p>Treffen Sie den blauen Kater Oggy und das verr\u00fcckteste Kakerlaken-Trio der Welt, Joey, Dee-Dee und Marky, in einer Sammlerbox in den Farben der ber\u00fchmten Zeichentrickserie, die vom franz\u00f6sischen Animationsstudio Xilam geschaffen wurde. Murmeln, Muggelsteinen, gro\u00dfen Murmeln, Muggelsteinen und einigen Papier\u00fcberraschungen sind im Inneren zu finden. <\/p>\n<p>2024 Xilam Animation<\/p>\n","protected":false},"featured_media":268149,"template":"","meta":[],"product_brand":[],"product_cat":[307],"product_tag":[356,361,326,364,363,362],"class_list":{"0":"post-268148","1":"product","2":"type-product","3":"status-publish","4":"has-post-thumbnail","6":"product_cat-box-de-2","7":"product_tag-mitarbeiter","8":"product_tag-oggyetlescafards-de","9":"product_tag-sammlerbox","10":"product_tag-seltene-murmeln","11":"product_tag-xilam-de","12":"product_tag-xilamanimation-de","14":"first","15":"instock","16":"shipping-taxable","17":"purchasable","18":"product-type-simple"},"yoast_head":"<!-- This site is optimized with the Yoast SEO plugin v27.2 - https:\/\/yoast.com\/product\/yoast-seo-wordpress\/ -->\n<title>Box Oggy und die Kakerlaken - Billes &amp; Co.<\/title>\n<meta name=\"description\" content=\"Oggy und die Kakerlaken Sammlerset mit 64 Murmeln, Muggelsteinen und gro\u00dfen Murmeln - Ein einzigartiges Sammlerset f\u00fcr verr\u00fcckte Verfolgungsjagden.\" \/>\n<meta name=\"robots\" content=\"index, follow, max-snippet:-1, max-image-preview:large, max-video-preview:-1\" \/>\n<link rel=\"canonical\" href=\"https:\/\/billesandco.paris\/de\/produit\/box-collector-oggy-et-les-cafards\/\" \/>\n<meta property=\"og:locale\" content=\"de_DE\" \/>\n<meta property=\"og:type\" content=\"article\" \/>\n<meta property=\"og:title\" content=\"Box Oggy und die Kakerlaken - Billes &amp; Co.\" \/>\n<meta property=\"og:description\" content=\"Oggy und die Kakerlaken Sammlerset mit 64 Murmeln, Muggelsteinen und gro\u00dfen Murmeln - Ein einzigartiges Sammlerset f\u00fcr verr\u00fcckte Verfolgungsjagden.\" \/>\n<meta property=\"og:url\" content=\"https:\/\/billesandco.paris\/de\/produit\/box-collector-oggy-et-les-cafards\/\" \/>\n<meta property=\"og:site_name\" content=\"Billes &amp; Co.\" \/>\n<meta property=\"article:publisher\" content=\"https:\/\/facebook.com\/billesandco\/\" \/>\n<meta property=\"article:modified_time\" content=\"2025-10-08T18:56:04+00:00\" \/>\n<meta property=\"og:image\" content=\"https:\/\/i0.wp.com\/billesandco.paris\/wp-content\/uploads\/2024\/08\/BOX-OGGY-ET-LES-CAFARDS.png?fit=1610%2C1822&ssl=1\" \/>\n\t<meta property=\"og:image:width\" content=\"1610\" \/>\n\t<meta property=\"og:image:height\" content=\"1822\" \/>\n\t<meta property=\"og:image:type\" content=\"image\/png\" \/>\n<meta name=\"twitter:card\" content=\"summary_large_image\" \/>\n<script type=\"application\/ld+json\" class=\"yoast-schema-graph\">{\"@context\":\"https:\/\/schema.org\",\"@graph\":[{\"@type\":\"WebPage\",\"@id\":\"https:\/\/billesandco.paris\/de\/produit\/box-collector-oggy-et-les-cafards\/\",\"url\":\"https:\/\/billesandco.paris\/de\/produit\/box-collector-oggy-et-les-cafards\/\",\"name\":\"Box Oggy und die Kakerlaken - Billes & Co.\",\"isPartOf\":{\"@id\":\"https:\/\/billesandco.paris\/de\/#website\"},\"primaryImageOfPage\":{\"@id\":\"https:\/\/billesandco.paris\/de\/produit\/box-collector-oggy-et-les-cafards\/#primaryimage\"},\"image\":{\"@id\":\"https:\/\/billesandco.paris\/de\/produit\/box-collector-oggy-et-les-cafards\/#primaryimage\"},\"thumbnailUrl\":\"https:\/\/i0.wp.com\/billesandco.paris\/wp-content\/uploads\/2024\/08\/BOX-OGGY-ET-LES-CAFARDS.png?fit=1610%2C1822&ssl=1\",\"datePublished\":\"2024-08-05T15:03:58+00:00\",\"dateModified\":\"2025-10-08T18:56:04+00:00\",\"description\":\"Oggy und die Kakerlaken Sammlerset mit 64 Murmeln, Muggelsteinen und gro\u00dfen Murmeln - Ein einzigartiges Sammlerset f\u00fcr verr\u00fcckte Verfolgungsjagden.\",\"breadcrumb\":{\"@id\":\"https:\/\/billesandco.paris\/de\/produit\/box-collector-oggy-et-les-cafards\/#breadcrumb\"},\"inLanguage\":\"de\",\"potentialAction\":[{\"@type\":\"ReadAction\",\"target\":[\"https:\/\/billesandco.paris\/de\/produit\/box-collector-oggy-et-les-cafards\/\"]}]},{\"@type\":\"ImageObject\",\"inLanguage\":\"de\",\"@id\":\"https:\/\/billesandco.paris\/de\/produit\/box-collector-oggy-et-les-cafards\/#primaryimage\",\"url\":\"https:\/\/i0.wp.com\/billesandco.paris\/wp-content\/uploads\/2024\/08\/BOX-OGGY-ET-LES-CAFARDS.png?fit=1610%2C1822&ssl=1\",\"contentUrl\":\"https:\/\/i0.wp.com\/billesandco.paris\/wp-content\/uploads\/2024\/08\/BOX-OGGY-ET-LES-CAFARDS.png?fit=1610%2C1822&ssl=1\",\"width\":1610,\"height\":1822},{\"@type\":\"BreadcrumbList\",\"@id\":\"https:\/\/billesandco.paris\/de\/produit\/box-collector-oggy-et-les-cafards\/#breadcrumb\",\"itemListElement\":[{\"@type\":\"ListItem\",\"position\":1,\"name\":\"Accueil\",\"item\":\"https:\/\/billesandco.paris\/de\/\"},{\"@type\":\"ListItem\",\"position\":2,\"name\":\"Startseite\",\"item\":\"https:\/\/billesandco.paris\/de\/\"},{\"@type\":\"ListItem\",\"position\":3,\"name\":\"Oggy und die Kakerlaken\"}]},{\"@type\":\"WebSite\",\"@id\":\"https:\/\/billesandco.paris\/de\/#website\",\"url\":\"https:\/\/billesandco.paris\/de\/\",\"name\":\"Billes & Co.\",\"description\":\"Universen zum Spielen und Sammeln\",\"publisher\":{\"@id\":\"https:\/\/billesandco.paris\/de\/#organization\"},\"alternateName\":\"B&CO.\",\"potentialAction\":[{\"@type\":\"SearchAction\",\"target\":{\"@type\":\"EntryPoint\",\"urlTemplate\":\"https:\/\/billesandco.paris\/de\/?s={search_term_string}\"},\"query-input\":{\"@type\":\"PropertyValueSpecification\",\"valueRequired\":true,\"valueName\":\"search_term_string\"}}],\"inLanguage\":\"de\"},{\"@type\":\"Organization\",\"@id\":\"https:\/\/billesandco.paris\/de\/#organization\",\"name\":\"Billes & Co.\",\"alternateName\":\"B&CO.\",\"url\":\"https:\/\/billesandco.paris\/de\/\",\"logo\":{\"@type\":\"ImageObject\",\"inLanguage\":\"de\",\"@id\":\"https:\/\/billesandco.paris\/de\/#\/schema\/logo\/image\/\",\"url\":\"https:\/\/billesandco.paris\/wp-content\/uploads\/2023\/01\/cropped-logoBCO.png\",\"contentUrl\":\"https:\/\/billesandco.paris\/wp-content\/uploads\/2023\/01\/cropped-logoBCO.png\",\"width\":512,\"height\":512,\"caption\":\"Billes & Co.\"},\"image\":{\"@id\":\"https:\/\/billesandco.paris\/de\/#\/schema\/logo\/image\/\"},\"sameAs\":[\"https:\/\/facebook.com\/billesandco\/\",\"https:\/\/instagram.com\/billesandco\/\"]}]}<\/script>\n<!-- \/ Yoast SEO plugin. -->","yoast_head_json":{"title":"Box Oggy und die Kakerlaken - Billes & Co.","description":"Oggy und die Kakerlaken Sammlerset mit 64 Murmeln, Muggelsteinen und gro\u00dfen Murmeln - Ein einzigartiges Sammlerset f\u00fcr verr\u00fcckte Verfolgungsjagden.","robots":{"index":"index","follow":"follow","max-snippet":"max-snippet:-1","max-image-preview":"max-image-preview:large","max-video-preview":"max-video-preview:-1"},"canonical":"https:\/\/billesandco.paris\/de\/produit\/box-collector-oggy-et-les-cafards\/","og_locale":"de_DE","og_type":"article","og_title":"Box Oggy und die Kakerlaken - Billes & Co.","og_description":"Oggy und die Kakerlaken Sammlerset mit 64 Murmeln, Muggelsteinen und gro\u00dfen Murmeln - Ein einzigartiges Sammlerset f\u00fcr verr\u00fcckte Verfolgungsjagden.","og_url":"https:\/\/billesandco.paris\/de\/produit\/box-collector-oggy-et-les-cafards\/","og_site_name":"Billes & Co.","article_publisher":"https:\/\/facebook.com\/billesandco\/","article_modified_time":"2025-10-08T18:56:04+00:00","og_image":[{"width":1610,"height":1822,"url":"https:\/\/i0.wp.com\/billesandco.paris\/wp-content\/uploads\/2024\/08\/BOX-OGGY-ET-LES-CAFARDS.png?fit=1610%2C1822&ssl=1","type":"image\/png"}],"twitter_card":"summary_large_image","schema":{"@context":"https:\/\/schema.org","@graph":[{"@type":"WebPage","@id":"https:\/\/billesandco.paris\/de\/produit\/box-collector-oggy-et-les-cafards\/","url":"https:\/\/billesandco.paris\/de\/produit\/box-collector-oggy-et-les-cafards\/","name":"Box Oggy und die Kakerlaken - Billes & Co.","isPartOf":{"@id":"https:\/\/billesandco.paris\/de\/#website"},"primaryImageOfPage":{"@id":"https:\/\/billesandco.paris\/de\/produit\/box-collector-oggy-et-les-cafards\/#primaryimage"},"image":{"@id":"https:\/\/billesandco.paris\/de\/produit\/box-collector-oggy-et-les-cafards\/#primaryimage"},"thumbnailUrl":"https:\/\/i0.wp.com\/billesandco.paris\/wp-content\/uploads\/2024\/08\/BOX-OGGY-ET-LES-CAFARDS.png?fit=1610%2C1822&ssl=1","datePublished":"2024-08-05T15:03:58+00:00","dateModified":"2025-10-08T18:56:04+00:00","description":"Oggy und die Kakerlaken Sammlerset mit 64 Murmeln, Muggelsteinen und gro\u00dfen Murmeln - Ein einzigartiges Sammlerset f\u00fcr verr\u00fcckte Verfolgungsjagden.","breadcrumb":{"@id":"https:\/\/billesandco.paris\/de\/produit\/box-collector-oggy-et-les-cafards\/#breadcrumb"},"inLanguage":"de","potentialAction":[{"@type":"ReadAction","target":["https:\/\/billesandco.paris\/de\/produit\/box-collector-oggy-et-les-cafards\/"]}]},{"@type":"ImageObject","inLanguage":"de","@id":"https:\/\/billesandco.paris\/de\/produit\/box-collector-oggy-et-les-cafards\/#primaryimage","url":"https:\/\/i0.wp.com\/billesandco.paris\/wp-content\/uploads\/2024\/08\/BOX-OGGY-ET-LES-CAFARDS.png?fit=1610%2C1822&ssl=1","contentUrl":"https:\/\/i0.wp.com\/billesandco.paris\/wp-content\/uploads\/2024\/08\/BOX-OGGY-ET-LES-CAFARDS.png?fit=1610%2C1822&ssl=1","width":1610,"height":1822},{"@type":"BreadcrumbList","@id":"https:\/\/billesandco.paris\/de\/produit\/box-collector-oggy-et-les-cafards\/#breadcrumb","itemListElement":[{"@type":"ListItem","position":1,"name":"Accueil","item":"https:\/\/billesandco.paris\/de\/"},{"@type":"ListItem","position":2,"name":"Startseite","item":"https:\/\/billesandco.paris\/de\/"},{"@type":"ListItem","position":3,"name":"Oggy und die Kakerlaken"}]},{"@type":"WebSite","@id":"https:\/\/billesandco.paris\/de\/#website","url":"https:\/\/billesandco.paris\/de\/","name":"Billes & Co.","description":"Universen zum Spielen und Sammeln","publisher":{"@id":"https:\/\/billesandco.paris\/de\/#organization"},"alternateName":"B&CO.","potentialAction":[{"@type":"SearchAction","target":{"@type":"EntryPoint","urlTemplate":"https:\/\/billesandco.paris\/de\/?s={search_term_string}"},"query-input":{"@type":"PropertyValueSpecification","valueRequired":true,"valueName":"search_term_string"}}],"inLanguage":"de"},{"@type":"Organization","@id":"https:\/\/billesandco.paris\/de\/#organization","name":"Billes & Co.","alternateName":"B&CO.","url":"https:\/\/billesandco.paris\/de\/","logo":{"@type":"ImageObject","inLanguage":"de","@id":"https:\/\/billesandco.paris\/de\/#\/schema\/logo\/image\/","url":"https:\/\/billesandco.paris\/wp-content\/uploads\/2023\/01\/cropped-logoBCO.png","contentUrl":"https:\/\/billesandco.paris\/wp-content\/uploads\/2023\/01\/cropped-logoBCO.png","width":512,"height":512,"caption":"Billes & Co."},"image":{"@id":"https:\/\/billesandco.paris\/de\/#\/schema\/logo\/image\/"},"sameAs":["https:\/\/facebook.com\/billesandco\/","https:\/\/instagram.com\/billesandco\/"]}]}},"_links":{"self":[{"href":"https:\/\/billesandco.paris\/de\/wp-json\/wp\/v2\/product\/268148","targetHints":{"allow":["GET"]}}],"collection":[{"href":"https:\/\/billesandco.paris\/de\/wp-json\/wp\/v2\/product"}],"about":[{"href":"https:\/\/billesandco.paris\/de\/wp-json\/wp\/v2\/types\/product"}],"wp:featuredmedia":[{"embeddable":true,"href":"https:\/\/billesandco.paris\/de\/wp-json\/wp\/v2\/media\/268149"}],"wp:attachment":[{"href":"https:\/\/billesandco.paris\/de\/wp-json\/wp\/v2\/media?parent=268148"}],"wp:term":[{"taxonomy":"product_brand","embeddable":true,"href":"https:\/\/billesandco.paris\/de\/wp-json\/wp\/v2\/product_brand?post=268148"},{"taxonomy":"product_cat","embeddable":true,"href":"https:\/\/billesandco.paris\/de\/wp-json\/wp\/v2\/product_cat?post=268148"},{"taxonomy":"product_tag","embeddable":true,"href":"https:\/\/billesandco.paris\/de\/wp-json\/wp\/v2\/product_tag?post=268148"}],"curies":[{"name":"wp","href":"https:\/\/api.w.org\/{rel}","templated":true}]}}