{"id":268142,"date":"2024-03-12T12:18:18","date_gmt":"2024-03-12T11:18:18","guid":{"rendered":"https:\/\/billesandco.paris\/produit\/box-fee-rose\/"},"modified":"2025-10-17T20:43:51","modified_gmt":"2025-10-17T18:43:51","slug":"box-fee-rose","status":"publish","type":"product","link":"https:\/\/billesandco.paris\/de\/produit\/box-fee-rose\/","title":{"rendered":"<strong>Der Schatz der Rosa Fee<\/strong>"},"content":{"rendered":"<p>66-teiliges Set &#8222;Rosa Fee&#8220; mit 5 Sorten Murmeln, 4 Sorten Gro\u00dfer Murmeln und 3 Sorten Muggelsteinen:<br \/>\n18 Murmeln 16 mm, davon 6 phosphoreszierende Murmeln, 21 Murmeln 14 mm, 23 Muggelsteinen und 4 Gro\u00dfen Murmeln 22\/25 mm, davon 1 phosphoreszierender Gro\u00dfe Murmel.<\/p>\n<ul>\n<li>Produkt entworfen und zusammengesetzt in Frankreich &#8211; Murmeln hergestellt in Mexiko<\/li>\n<li>Zusammensetzung: 69% Glas &#8211; 3% Kunststoff &#8211; 28% Papier und Pappe<\/li>\n<li>Entspricht den CE- und ASTM\/CPSIA-Standards<\/li>\n<li>Verwendung ab 3 Jahren (Europa) oder 5 Jahren (USA)<\/li>\n<\/ul>\n<p><img data-recalc-dims=\"1\" decoding=\"async\" style=\"height: 20px;\" src=\"https:\/\/i0.wp.com\/billesandco.paris\/wp-content\/uploads\/2023\/03\/ce.png?w=1220&#038;ssl=1\" alt=\"CE\"><\/p>\n","protected":false},"excerpt":{"rendered":"<p>Set mit 66 Murmeln, Muggelsteinen und Gro\u00dfen Murmeln, mit 6 Murmeln und 1 gro\u00dfen Murmel, die im Dunkeln leuchten.<\/p>\n<p>Um Ihre Feenausstattung zu vervollst\u00e4ndigen, finden Sie hier den Murmelschatz der Rosa Fee. Eine m\u00e4rchenhafte Auswahl von 66 Murmeln, Muggelsteinen und Gro\u00dfen Murmeln, sorgf\u00e4ltig arrangiert in einer pastellfarbenen Schachtel in zartem Rosa, Mandelgr\u00fcn, mit goldenen Motiven und kleinen m\u00e4rchenhaften \u00dcberraschungen. Rosa- und Blaut\u00f6ne vermischen sich mit Phosphor, um eine magische Atmosph\u00e4re und ein magisches Licht zu schaffen.  <\/p>\n","protected":false},"featured_media":269088,"template":"","meta":[],"product_brand":[],"product_cat":[307],"product_tag":[352],"class_list":{"0":"post-268142","1":"product","2":"type-product","3":"status-publish","4":"has-post-thumbnail","6":"product_cat-box-de-2","7":"product_tag-fantasy-de","9":"first","10":"instock","11":"shipping-taxable","12":"purchasable","13":"product-type-simple"},"yoast_head":"<!-- This site is optimized with the Yoast SEO plugin v27.2 - https:\/\/yoast.com\/product\/yoast-seo-wordpress\/ -->\n<title>Box Der Schatz der Rosa Fee - Billes &amp; Co.<\/title>\n<meta name=\"description\" content=\"Um Ihre Feenausr\u00fcstung zu vervollst\u00e4ndigen, entdecken Sie den Schatz der magischen Murmeln der Rosenfee. Eine m\u00e4rchenhafte Auswahl von 71 Murmeln, Muggelsteinen und gro\u00dfen Murmeln.\" \/>\n<meta name=\"robots\" content=\"index, follow, max-snippet:-1, max-image-preview:large, max-video-preview:-1\" \/>\n<link rel=\"canonical\" href=\"https:\/\/billesandco.paris\/de\/produit\/box-fee-rose\/\" \/>\n<meta property=\"og:locale\" content=\"de_DE\" \/>\n<meta property=\"og:type\" content=\"article\" \/>\n<meta property=\"og:title\" content=\"Box Der Schatz der Rosa Fee - Billes &amp; Co.\" \/>\n<meta property=\"og:description\" content=\"Um Ihre Feenausr\u00fcstung zu vervollst\u00e4ndigen, entdecken Sie den Schatz der magischen Murmeln der Rosenfee. Eine m\u00e4rchenhafte Auswahl von 71 Murmeln, Muggelsteinen und gro\u00dfen Murmeln.\" \/>\n<meta property=\"og:url\" content=\"https:\/\/billesandco.paris\/de\/produit\/box-fee-rose\/\" \/>\n<meta property=\"og:site_name\" content=\"Billes &amp; Co.\" \/>\n<meta property=\"article:publisher\" content=\"https:\/\/facebook.com\/billesandco\/\" \/>\n<meta property=\"article:modified_time\" content=\"2025-10-17T18:43:51+00:00\" \/>\n<meta property=\"og:image\" content=\"https:\/\/i0.wp.com\/billesandco.paris\/wp-content\/uploads\/2024\/03\/BOX-FEE-ROSE-2025.png?fit=1610%2C1822&ssl=1\" \/>\n\t<meta property=\"og:image:width\" content=\"1610\" \/>\n\t<meta property=\"og:image:height\" content=\"1822\" \/>\n\t<meta property=\"og:image:type\" content=\"image\/png\" \/>\n<meta name=\"twitter:card\" content=\"summary_large_image\" \/>\n<script type=\"application\/ld+json\" class=\"yoast-schema-graph\">{\"@context\":\"https:\/\/schema.org\",\"@graph\":[{\"@type\":\"WebPage\",\"@id\":\"https:\/\/billesandco.paris\/de\/produit\/box-fee-rose\/\",\"url\":\"https:\/\/billesandco.paris\/de\/produit\/box-fee-rose\/\",\"name\":\"Box Der Schatz der Rosa Fee - Billes & Co.\",\"isPartOf\":{\"@id\":\"https:\/\/billesandco.paris\/de\/#website\"},\"primaryImageOfPage\":{\"@id\":\"https:\/\/billesandco.paris\/de\/produit\/box-fee-rose\/#primaryimage\"},\"image\":{\"@id\":\"https:\/\/billesandco.paris\/de\/produit\/box-fee-rose\/#primaryimage\"},\"thumbnailUrl\":\"https:\/\/i0.wp.com\/billesandco.paris\/wp-content\/uploads\/2024\/03\/BOX-FEE-ROSE-2026.png?fit=1610%2C1822&ssl=1\",\"datePublished\":\"2024-03-12T11:18:18+00:00\",\"dateModified\":\"2025-10-17T18:43:51+00:00\",\"description\":\"Um Ihre Feenausr\u00fcstung zu vervollst\u00e4ndigen, entdecken Sie den Schatz der magischen Murmeln der Rosenfee. Eine m\u00e4rchenhafte Auswahl von 71 Murmeln, Muggelsteinen und gro\u00dfen Murmeln.\",\"breadcrumb\":{\"@id\":\"https:\/\/billesandco.paris\/de\/produit\/box-fee-rose\/#breadcrumb\"},\"inLanguage\":\"de\",\"potentialAction\":[{\"@type\":\"ReadAction\",\"target\":[\"https:\/\/billesandco.paris\/de\/produit\/box-fee-rose\/\"]}]},{\"@type\":\"ImageObject\",\"inLanguage\":\"de\",\"@id\":\"https:\/\/billesandco.paris\/de\/produit\/box-fee-rose\/#primaryimage\",\"url\":\"https:\/\/i0.wp.com\/billesandco.paris\/wp-content\/uploads\/2024\/03\/BOX-FEE-ROSE-2026.png?fit=1610%2C1822&ssl=1\",\"contentUrl\":\"https:\/\/i0.wp.com\/billesandco.paris\/wp-content\/uploads\/2024\/03\/BOX-FEE-ROSE-2026.png?fit=1610%2C1822&ssl=1\",\"width\":1610,\"height\":1822},{\"@type\":\"BreadcrumbList\",\"@id\":\"https:\/\/billesandco.paris\/de\/produit\/box-fee-rose\/#breadcrumb\",\"itemListElement\":[{\"@type\":\"ListItem\",\"position\":1,\"name\":\"Accueil\",\"item\":\"https:\/\/billesandco.paris\/de\/\"},{\"@type\":\"ListItem\",\"position\":2,\"name\":\"Startseite\",\"item\":\"https:\/\/billesandco.paris\/de\/\"},{\"@type\":\"ListItem\",\"position\":3,\"name\":\"Der Schatz der Rosa Fee\"}]},{\"@type\":\"WebSite\",\"@id\":\"https:\/\/billesandco.paris\/de\/#website\",\"url\":\"https:\/\/billesandco.paris\/de\/\",\"name\":\"Billes & Co.\",\"description\":\"Universen zum Spielen und Sammeln\",\"publisher\":{\"@id\":\"https:\/\/billesandco.paris\/de\/#organization\"},\"alternateName\":\"B&CO.\",\"potentialAction\":[{\"@type\":\"SearchAction\",\"target\":{\"@type\":\"EntryPoint\",\"urlTemplate\":\"https:\/\/billesandco.paris\/de\/?s={search_term_string}\"},\"query-input\":{\"@type\":\"PropertyValueSpecification\",\"valueRequired\":true,\"valueName\":\"search_term_string\"}}],\"inLanguage\":\"de\"},{\"@type\":\"Organization\",\"@id\":\"https:\/\/billesandco.paris\/de\/#organization\",\"name\":\"Billes & Co.\",\"alternateName\":\"B&CO.\",\"url\":\"https:\/\/billesandco.paris\/de\/\",\"logo\":{\"@type\":\"ImageObject\",\"inLanguage\":\"de\",\"@id\":\"https:\/\/billesandco.paris\/de\/#\/schema\/logo\/image\/\",\"url\":\"https:\/\/billesandco.paris\/wp-content\/uploads\/2023\/01\/cropped-logoBCO.png\",\"contentUrl\":\"https:\/\/billesandco.paris\/wp-content\/uploads\/2023\/01\/cropped-logoBCO.png\",\"width\":512,\"height\":512,\"caption\":\"Billes & Co.\"},\"image\":{\"@id\":\"https:\/\/billesandco.paris\/de\/#\/schema\/logo\/image\/\"},\"sameAs\":[\"https:\/\/facebook.com\/billesandco\/\",\"https:\/\/instagram.com\/billesandco\/\"]}]}<\/script>\n<!-- \/ Yoast SEO plugin. -->","yoast_head_json":{"title":"Box Der Schatz der Rosa Fee - Billes & Co.","description":"Um Ihre Feenausr\u00fcstung zu vervollst\u00e4ndigen, entdecken Sie den Schatz der magischen Murmeln der Rosenfee. Eine m\u00e4rchenhafte Auswahl von 71 Murmeln, Muggelsteinen und gro\u00dfen Murmeln.","robots":{"index":"index","follow":"follow","max-snippet":"max-snippet:-1","max-image-preview":"max-image-preview:large","max-video-preview":"max-video-preview:-1"},"canonical":"https:\/\/billesandco.paris\/de\/produit\/box-fee-rose\/","og_locale":"de_DE","og_type":"article","og_title":"Box Der Schatz der Rosa Fee - Billes & Co.","og_description":"Um Ihre Feenausr\u00fcstung zu vervollst\u00e4ndigen, entdecken Sie den Schatz der magischen Murmeln der Rosenfee. Eine m\u00e4rchenhafte Auswahl von 71 Murmeln, Muggelsteinen und gro\u00dfen Murmeln.","og_url":"https:\/\/billesandco.paris\/de\/produit\/box-fee-rose\/","og_site_name":"Billes & Co.","article_publisher":"https:\/\/facebook.com\/billesandco\/","article_modified_time":"2025-10-17T18:43:51+00:00","og_image":[{"width":1610,"height":1822,"url":"https:\/\/i0.wp.com\/billesandco.paris\/wp-content\/uploads\/2024\/03\/BOX-FEE-ROSE-2025.png?fit=1610%2C1822&ssl=1","type":"image\/png"}],"twitter_card":"summary_large_image","schema":{"@context":"https:\/\/schema.org","@graph":[{"@type":"WebPage","@id":"https:\/\/billesandco.paris\/de\/produit\/box-fee-rose\/","url":"https:\/\/billesandco.paris\/de\/produit\/box-fee-rose\/","name":"Box Der Schatz der Rosa Fee - Billes & Co.","isPartOf":{"@id":"https:\/\/billesandco.paris\/de\/#website"},"primaryImageOfPage":{"@id":"https:\/\/billesandco.paris\/de\/produit\/box-fee-rose\/#primaryimage"},"image":{"@id":"https:\/\/billesandco.paris\/de\/produit\/box-fee-rose\/#primaryimage"},"thumbnailUrl":"https:\/\/i0.wp.com\/billesandco.paris\/wp-content\/uploads\/2024\/03\/BOX-FEE-ROSE-2026.png?fit=1610%2C1822&ssl=1","datePublished":"2024-03-12T11:18:18+00:00","dateModified":"2025-10-17T18:43:51+00:00","description":"Um Ihre Feenausr\u00fcstung zu vervollst\u00e4ndigen, entdecken Sie den Schatz der magischen Murmeln der Rosenfee. Eine m\u00e4rchenhafte Auswahl von 71 Murmeln, Muggelsteinen und gro\u00dfen Murmeln.","breadcrumb":{"@id":"https:\/\/billesandco.paris\/de\/produit\/box-fee-rose\/#breadcrumb"},"inLanguage":"de","potentialAction":[{"@type":"ReadAction","target":["https:\/\/billesandco.paris\/de\/produit\/box-fee-rose\/"]}]},{"@type":"ImageObject","inLanguage":"de","@id":"https:\/\/billesandco.paris\/de\/produit\/box-fee-rose\/#primaryimage","url":"https:\/\/i0.wp.com\/billesandco.paris\/wp-content\/uploads\/2024\/03\/BOX-FEE-ROSE-2026.png?fit=1610%2C1822&ssl=1","contentUrl":"https:\/\/i0.wp.com\/billesandco.paris\/wp-content\/uploads\/2024\/03\/BOX-FEE-ROSE-2026.png?fit=1610%2C1822&ssl=1","width":1610,"height":1822},{"@type":"BreadcrumbList","@id":"https:\/\/billesandco.paris\/de\/produit\/box-fee-rose\/#breadcrumb","itemListElement":[{"@type":"ListItem","position":1,"name":"Accueil","item":"https:\/\/billesandco.paris\/de\/"},{"@type":"ListItem","position":2,"name":"Startseite","item":"https:\/\/billesandco.paris\/de\/"},{"@type":"ListItem","position":3,"name":"Der Schatz der Rosa Fee"}]},{"@type":"WebSite","@id":"https:\/\/billesandco.paris\/de\/#website","url":"https:\/\/billesandco.paris\/de\/","name":"Billes & Co.","description":"Universen zum Spielen und Sammeln","publisher":{"@id":"https:\/\/billesandco.paris\/de\/#organization"},"alternateName":"B&CO.","potentialAction":[{"@type":"SearchAction","target":{"@type":"EntryPoint","urlTemplate":"https:\/\/billesandco.paris\/de\/?s={search_term_string}"},"query-input":{"@type":"PropertyValueSpecification","valueRequired":true,"valueName":"search_term_string"}}],"inLanguage":"de"},{"@type":"Organization","@id":"https:\/\/billesandco.paris\/de\/#organization","name":"Billes & Co.","alternateName":"B&CO.","url":"https:\/\/billesandco.paris\/de\/","logo":{"@type":"ImageObject","inLanguage":"de","@id":"https:\/\/billesandco.paris\/de\/#\/schema\/logo\/image\/","url":"https:\/\/billesandco.paris\/wp-content\/uploads\/2023\/01\/cropped-logoBCO.png","contentUrl":"https:\/\/billesandco.paris\/wp-content\/uploads\/2023\/01\/cropped-logoBCO.png","width":512,"height":512,"caption":"Billes & Co."},"image":{"@id":"https:\/\/billesandco.paris\/de\/#\/schema\/logo\/image\/"},"sameAs":["https:\/\/facebook.com\/billesandco\/","https:\/\/instagram.com\/billesandco\/"]}]}},"_links":{"self":[{"href":"https:\/\/billesandco.paris\/de\/wp-json\/wp\/v2\/product\/268142","targetHints":{"allow":["GET"]}}],"collection":[{"href":"https:\/\/billesandco.paris\/de\/wp-json\/wp\/v2\/product"}],"about":[{"href":"https:\/\/billesandco.paris\/de\/wp-json\/wp\/v2\/types\/product"}],"wp:featuredmedia":[{"embeddable":true,"href":"https:\/\/billesandco.paris\/de\/wp-json\/wp\/v2\/media\/269088"}],"wp:attachment":[{"href":"https:\/\/billesandco.paris\/de\/wp-json\/wp\/v2\/media?parent=268142"}],"wp:term":[{"taxonomy":"product_brand","embeddable":true,"href":"https:\/\/billesandco.paris\/de\/wp-json\/wp\/v2\/product_brand?post=268142"},{"taxonomy":"product_cat","embeddable":true,"href":"https:\/\/billesandco.paris\/de\/wp-json\/wp\/v2\/product_cat?post=268142"},{"taxonomy":"product_tag","embeddable":true,"href":"https:\/\/billesandco.paris\/de\/wp-json\/wp\/v2\/product_tag?post=268142"}],"curies":[{"name":"wp","href":"https:\/\/api.w.org\/{rel}","templated":true}]}}