{"id":268120,"date":"2023-11-05T08:34:45","date_gmt":"2023-11-05T07:34:45","guid":{"rendered":"https:\/\/billesandco.paris\/produit\/minibox-santa-claus\/"},"modified":"2025-10-17T20:48:11","modified_gmt":"2025-10-17T18:48:11","slug":"minibox-santa-claus","status":"publish","type":"product","link":"https:\/\/billesandco.paris\/de\/produit\/minibox-santa-claus\/","title":{"rendered":"<strong>Santa Claus x BCO<\/strong>"},"content":{"rendered":"<p>Set mit 20 Murmeln und Muggelsteinen Santa Claus<\/p>\n<p>20 Murmeln 16 mm und 10 Muggelsteinen 18\/22 mm<\/p>\n<ul>\n<li>Produkt entworfen und zusammengesetzt in Frankreich &#8211; Murmeln hergestellt in Mexiko<\/li>\n<li>Zusammensetzung: 69% Glas &#8211; 3% Kunststoff &#8211; 28% Papier und Pappe<\/li>\n<li>Entspricht den CE- und ASTM\/CPSIA-Standards<\/li>\n<li>Verwendung ab 3 Jahren (Europa) oder 5 Jahren (USA)<\/li>\n<\/ul>\n<p><img data-recalc-dims=\"1\" decoding=\"async\" style=\"height: 20px;\" src=\"https:\/\/i0.wp.com\/billesandco.paris\/wp-content\/uploads\/2023\/03\/ce.png?w=1220&#038;ssl=1\" alt=\"CE\"><\/p>\n","protected":false},"excerpt":{"rendered":"<p>Set mit 30 Murmeln und Muggelsteinen + Widmung des Weihnachtsmanns<\/p>\n<p>Jetzt erh\u00e4ltlich f\u00fcr Bestellungen! Lieferung ab dem 15.11.<br \/>\nWir hatten schon lange davon getr\u00e4umt, ein sch\u00f6nes Geschenkset mit dem Weihnachtsmann zu machen. Wir erz\u00e4hlten ihm von unserem Traum und er erkl\u00e4rte sich bereit, ihn zu erf\u00fcllen. Er hat sich jedes Murmel im Atelier genau angesehen und seine Lieblingsfarben ausgew\u00e4hlt. Er nahm sich auch seine kostbare Zeit, um jedes Set handschriftlich zu signieren.    <\/p>\n","protected":false},"featured_media":268122,"template":"","meta":[],"product_brand":[],"product_cat":[314],"product_tag":[330,351],"class_list":{"0":"post-268120","1":"product","2":"type-product","3":"status-publish","4":"has-post-thumbnail","6":"product_cat-mini-box-de-2","7":"product_tag-santa-claus-de","8":"product_tag-weihnachtsmann","10":"first","11":"instock","12":"shipping-taxable","13":"purchasable","14":"product-type-simple"},"yoast_head":"<!-- This site is optimized with the Yoast SEO plugin v27.2 - https:\/\/yoast.com\/product\/yoast-seo-wordpress\/ -->\n<title>Mini-Box Santa Claus x BCO - Billes &amp; Co.<\/title>\n<meta name=\"description\" content=\"Set mit 30 Murmeln und Muggelsteinen - Ein Sortiment, das speziell in Zusammenarbeit mit dem Weihnachtsmann entworfen und hergestellt und von ihm signiert wurde.\" \/>\n<meta name=\"robots\" content=\"index, follow, max-snippet:-1, max-image-preview:large, max-video-preview:-1\" \/>\n<link rel=\"canonical\" href=\"https:\/\/billesandco.paris\/de\/produit\/minibox-santa-claus\/\" \/>\n<meta property=\"og:locale\" content=\"de_DE\" \/>\n<meta property=\"og:type\" content=\"article\" \/>\n<meta property=\"og:title\" content=\"Mini-Box Santa Claus x BCO - Billes &amp; Co.\" \/>\n<meta property=\"og:description\" content=\"Set mit 30 Murmeln und Muggelsteinen - Ein Sortiment, das speziell in Zusammenarbeit mit dem Weihnachtsmann entworfen und hergestellt und von ihm signiert wurde.\" \/>\n<meta property=\"og:url\" content=\"https:\/\/billesandco.paris\/de\/produit\/minibox-santa-claus\/\" \/>\n<meta property=\"og:site_name\" content=\"Billes &amp; Co.\" \/>\n<meta property=\"article:publisher\" content=\"https:\/\/facebook.com\/billesandco\/\" \/>\n<meta property=\"article:modified_time\" content=\"2025-10-17T18:48:11+00:00\" \/>\n<meta property=\"og:image\" content=\"https:\/\/i0.wp.com\/billesandco.paris\/wp-content\/uploads\/2023\/11\/MINI-BOX-SANTA-AVEC-CACHE.png?fit=1610%2C1822&ssl=1\" \/>\n\t<meta property=\"og:image:width\" content=\"1610\" \/>\n\t<meta property=\"og:image:height\" content=\"1822\" \/>\n\t<meta property=\"og:image:type\" content=\"image\/png\" \/>\n<meta name=\"twitter:card\" content=\"summary_large_image\" \/>\n<script type=\"application\/ld+json\" class=\"yoast-schema-graph\">{\"@context\":\"https:\/\/schema.org\",\"@graph\":[{\"@type\":\"WebPage\",\"@id\":\"https:\/\/billesandco.paris\/de\/produit\/minibox-santa-claus\/\",\"url\":\"https:\/\/billesandco.paris\/de\/produit\/minibox-santa-claus\/\",\"name\":\"Mini-Box Santa Claus x BCO - Billes & Co.\",\"isPartOf\":{\"@id\":\"https:\/\/billesandco.paris\/de\/#website\"},\"primaryImageOfPage\":{\"@id\":\"https:\/\/billesandco.paris\/de\/produit\/minibox-santa-claus\/#primaryimage\"},\"image\":{\"@id\":\"https:\/\/billesandco.paris\/de\/produit\/minibox-santa-claus\/#primaryimage\"},\"thumbnailUrl\":\"https:\/\/i0.wp.com\/billesandco.paris\/wp-content\/uploads\/2023\/11\/MINI-BOX-SANTA-AVEC-CACHE.png?fit=1610%2C1822&ssl=1\",\"datePublished\":\"2023-11-05T07:34:45+00:00\",\"dateModified\":\"2025-10-17T18:48:11+00:00\",\"description\":\"Set mit 30 Murmeln und Muggelsteinen - Ein Sortiment, das speziell in Zusammenarbeit mit dem Weihnachtsmann entworfen und hergestellt und von ihm signiert wurde.\",\"breadcrumb\":{\"@id\":\"https:\/\/billesandco.paris\/de\/produit\/minibox-santa-claus\/#breadcrumb\"},\"inLanguage\":\"de\",\"potentialAction\":[{\"@type\":\"ReadAction\",\"target\":[\"https:\/\/billesandco.paris\/de\/produit\/minibox-santa-claus\/\"]}]},{\"@type\":\"ImageObject\",\"inLanguage\":\"de\",\"@id\":\"https:\/\/billesandco.paris\/de\/produit\/minibox-santa-claus\/#primaryimage\",\"url\":\"https:\/\/i0.wp.com\/billesandco.paris\/wp-content\/uploads\/2023\/11\/MINI-BOX-SANTA-AVEC-CACHE.png?fit=1610%2C1822&ssl=1\",\"contentUrl\":\"https:\/\/i0.wp.com\/billesandco.paris\/wp-content\/uploads\/2023\/11\/MINI-BOX-SANTA-AVEC-CACHE.png?fit=1610%2C1822&ssl=1\",\"width\":1610,\"height\":1822},{\"@type\":\"BreadcrumbList\",\"@id\":\"https:\/\/billesandco.paris\/de\/produit\/minibox-santa-claus\/#breadcrumb\",\"itemListElement\":[{\"@type\":\"ListItem\",\"position\":1,\"name\":\"Accueil\",\"item\":\"https:\/\/billesandco.paris\/de\/\"},{\"@type\":\"ListItem\",\"position\":2,\"name\":\"Startseite\",\"item\":\"https:\/\/billesandco.paris\/de\/\"},{\"@type\":\"ListItem\",\"position\":3,\"name\":\"Santa Claus x BCO\"}]},{\"@type\":\"WebSite\",\"@id\":\"https:\/\/billesandco.paris\/de\/#website\",\"url\":\"https:\/\/billesandco.paris\/de\/\",\"name\":\"Billes & Co.\",\"description\":\"Universen zum Spielen und Sammeln\",\"publisher\":{\"@id\":\"https:\/\/billesandco.paris\/de\/#organization\"},\"alternateName\":\"B&CO.\",\"potentialAction\":[{\"@type\":\"SearchAction\",\"target\":{\"@type\":\"EntryPoint\",\"urlTemplate\":\"https:\/\/billesandco.paris\/de\/?s={search_term_string}\"},\"query-input\":{\"@type\":\"PropertyValueSpecification\",\"valueRequired\":true,\"valueName\":\"search_term_string\"}}],\"inLanguage\":\"de\"},{\"@type\":\"Organization\",\"@id\":\"https:\/\/billesandco.paris\/de\/#organization\",\"name\":\"Billes & Co.\",\"alternateName\":\"B&CO.\",\"url\":\"https:\/\/billesandco.paris\/de\/\",\"logo\":{\"@type\":\"ImageObject\",\"inLanguage\":\"de\",\"@id\":\"https:\/\/billesandco.paris\/de\/#\/schema\/logo\/image\/\",\"url\":\"https:\/\/billesandco.paris\/wp-content\/uploads\/2023\/01\/cropped-logoBCO.png\",\"contentUrl\":\"https:\/\/billesandco.paris\/wp-content\/uploads\/2023\/01\/cropped-logoBCO.png\",\"width\":512,\"height\":512,\"caption\":\"Billes & Co.\"},\"image\":{\"@id\":\"https:\/\/billesandco.paris\/de\/#\/schema\/logo\/image\/\"},\"sameAs\":[\"https:\/\/facebook.com\/billesandco\/\",\"https:\/\/instagram.com\/billesandco\/\"]}]}<\/script>\n<!-- \/ Yoast SEO plugin. -->","yoast_head_json":{"title":"Mini-Box Santa Claus x BCO - Billes & Co.","description":"Set mit 30 Murmeln und Muggelsteinen - Ein Sortiment, das speziell in Zusammenarbeit mit dem Weihnachtsmann entworfen und hergestellt und von ihm signiert wurde.","robots":{"index":"index","follow":"follow","max-snippet":"max-snippet:-1","max-image-preview":"max-image-preview:large","max-video-preview":"max-video-preview:-1"},"canonical":"https:\/\/billesandco.paris\/de\/produit\/minibox-santa-claus\/","og_locale":"de_DE","og_type":"article","og_title":"Mini-Box Santa Claus x BCO - Billes & Co.","og_description":"Set mit 30 Murmeln und Muggelsteinen - Ein Sortiment, das speziell in Zusammenarbeit mit dem Weihnachtsmann entworfen und hergestellt und von ihm signiert wurde.","og_url":"https:\/\/billesandco.paris\/de\/produit\/minibox-santa-claus\/","og_site_name":"Billes & Co.","article_publisher":"https:\/\/facebook.com\/billesandco\/","article_modified_time":"2025-10-17T18:48:11+00:00","og_image":[{"width":1610,"height":1822,"url":"https:\/\/i0.wp.com\/billesandco.paris\/wp-content\/uploads\/2023\/11\/MINI-BOX-SANTA-AVEC-CACHE.png?fit=1610%2C1822&ssl=1","type":"image\/png"}],"twitter_card":"summary_large_image","schema":{"@context":"https:\/\/schema.org","@graph":[{"@type":"WebPage","@id":"https:\/\/billesandco.paris\/de\/produit\/minibox-santa-claus\/","url":"https:\/\/billesandco.paris\/de\/produit\/minibox-santa-claus\/","name":"Mini-Box Santa Claus x BCO - Billes & Co.","isPartOf":{"@id":"https:\/\/billesandco.paris\/de\/#website"},"primaryImageOfPage":{"@id":"https:\/\/billesandco.paris\/de\/produit\/minibox-santa-claus\/#primaryimage"},"image":{"@id":"https:\/\/billesandco.paris\/de\/produit\/minibox-santa-claus\/#primaryimage"},"thumbnailUrl":"https:\/\/i0.wp.com\/billesandco.paris\/wp-content\/uploads\/2023\/11\/MINI-BOX-SANTA-AVEC-CACHE.png?fit=1610%2C1822&ssl=1","datePublished":"2023-11-05T07:34:45+00:00","dateModified":"2025-10-17T18:48:11+00:00","description":"Set mit 30 Murmeln und Muggelsteinen - Ein Sortiment, das speziell in Zusammenarbeit mit dem Weihnachtsmann entworfen und hergestellt und von ihm signiert wurde.","breadcrumb":{"@id":"https:\/\/billesandco.paris\/de\/produit\/minibox-santa-claus\/#breadcrumb"},"inLanguage":"de","potentialAction":[{"@type":"ReadAction","target":["https:\/\/billesandco.paris\/de\/produit\/minibox-santa-claus\/"]}]},{"@type":"ImageObject","inLanguage":"de","@id":"https:\/\/billesandco.paris\/de\/produit\/minibox-santa-claus\/#primaryimage","url":"https:\/\/i0.wp.com\/billesandco.paris\/wp-content\/uploads\/2023\/11\/MINI-BOX-SANTA-AVEC-CACHE.png?fit=1610%2C1822&ssl=1","contentUrl":"https:\/\/i0.wp.com\/billesandco.paris\/wp-content\/uploads\/2023\/11\/MINI-BOX-SANTA-AVEC-CACHE.png?fit=1610%2C1822&ssl=1","width":1610,"height":1822},{"@type":"BreadcrumbList","@id":"https:\/\/billesandco.paris\/de\/produit\/minibox-santa-claus\/#breadcrumb","itemListElement":[{"@type":"ListItem","position":1,"name":"Accueil","item":"https:\/\/billesandco.paris\/de\/"},{"@type":"ListItem","position":2,"name":"Startseite","item":"https:\/\/billesandco.paris\/de\/"},{"@type":"ListItem","position":3,"name":"Santa Claus x BCO"}]},{"@type":"WebSite","@id":"https:\/\/billesandco.paris\/de\/#website","url":"https:\/\/billesandco.paris\/de\/","name":"Billes & Co.","description":"Universen zum Spielen und Sammeln","publisher":{"@id":"https:\/\/billesandco.paris\/de\/#organization"},"alternateName":"B&CO.","potentialAction":[{"@type":"SearchAction","target":{"@type":"EntryPoint","urlTemplate":"https:\/\/billesandco.paris\/de\/?s={search_term_string}"},"query-input":{"@type":"PropertyValueSpecification","valueRequired":true,"valueName":"search_term_string"}}],"inLanguage":"de"},{"@type":"Organization","@id":"https:\/\/billesandco.paris\/de\/#organization","name":"Billes & Co.","alternateName":"B&CO.","url":"https:\/\/billesandco.paris\/de\/","logo":{"@type":"ImageObject","inLanguage":"de","@id":"https:\/\/billesandco.paris\/de\/#\/schema\/logo\/image\/","url":"https:\/\/billesandco.paris\/wp-content\/uploads\/2023\/01\/cropped-logoBCO.png","contentUrl":"https:\/\/billesandco.paris\/wp-content\/uploads\/2023\/01\/cropped-logoBCO.png","width":512,"height":512,"caption":"Billes & Co."},"image":{"@id":"https:\/\/billesandco.paris\/de\/#\/schema\/logo\/image\/"},"sameAs":["https:\/\/facebook.com\/billesandco\/","https:\/\/instagram.com\/billesandco\/"]}]}},"_links":{"self":[{"href":"https:\/\/billesandco.paris\/de\/wp-json\/wp\/v2\/product\/268120","targetHints":{"allow":["GET"]}}],"collection":[{"href":"https:\/\/billesandco.paris\/de\/wp-json\/wp\/v2\/product"}],"about":[{"href":"https:\/\/billesandco.paris\/de\/wp-json\/wp\/v2\/types\/product"}],"wp:featuredmedia":[{"embeddable":true,"href":"https:\/\/billesandco.paris\/de\/wp-json\/wp\/v2\/media\/268122"}],"wp:attachment":[{"href":"https:\/\/billesandco.paris\/de\/wp-json\/wp\/v2\/media?parent=268120"}],"wp:term":[{"taxonomy":"product_brand","embeddable":true,"href":"https:\/\/billesandco.paris\/de\/wp-json\/wp\/v2\/product_brand?post=268120"},{"taxonomy":"product_cat","embeddable":true,"href":"https:\/\/billesandco.paris\/de\/wp-json\/wp\/v2\/product_cat?post=268120"},{"taxonomy":"product_tag","embeddable":true,"href":"https:\/\/billesandco.paris\/de\/wp-json\/wp\/v2\/product_tag?post=268120"}],"curies":[{"name":"wp","href":"https:\/\/api.w.org\/{rel}","templated":true}]}}