{"id":268118,"date":"2025-06-19T16:27:27","date_gmt":"2025-06-19T14:27:27","guid":{"rendered":"https:\/\/billesandco.paris\/produit\/summer-colors-towel\/"},"modified":"2025-10-09T16:07:43","modified_gmt":"2025-10-09T14:07:43","slug":"summer-colors-towel","status":"publish","type":"product","link":"https:\/\/billesandco.paris\/de\/produit\/summer-colors-towel\/","title":{"rendered":"Summer Colors Towel"},"content":{"rendered":"<p>Summer Colors Towel 25er-Pack, enth\u00e4lt 5 verschiedene Sorten von Murmeln:<br \/>\n25 Murmeln (16 mm)<\/p>\n<ul>\n<li>Produkt entworfen und zusammengebaut in Frankreich &#8211; Murmeln hergestellt in Mexiko<\/li>\n<li>Zusammensetzung: 69% Glas &#8211; 3% Kunststoff &#8211; 28% Papier und Pappe<\/li>\n<li>Entspricht den CE- und ASTM\/CPSIA-Standards<\/li>\n<li>Verwendung ab 3 Jahren (Europa) oder 5 Jahren (USA)<\/li>\n<\/ul>\n<p><img data-recalc-dims=\"1\" decoding=\"async\" style=\"height: 20px;\" src=\"https:\/\/i0.wp.com\/billesandco.paris\/wp-content\/uploads\/2023\/03\/ce.png?w=1220&#038;ssl=1\" alt=\"CE\"><\/p>\n","protected":false},"excerpt":{"rendered":"<p>Das kleine Summer Colors Towel Set enth\u00e4lt eine Auswahl sorgf\u00e4ltig ausgew\u00e4hlter gelber und blauer Murmeln. Zusammen mit den beiden anderen Summer Colors Sets k\u00f6nnen Sie die ideale Ausstattung f\u00fcr einen gelungenen Sommer sammeln. <\/p>\n<p>Bestellen Sie jetzt! Versand ab dem 26.06.2025 <\/p>\n","protected":false},"featured_media":268119,"template":"","meta":[],"product_brand":[],"product_cat":[314],"product_tag":[327,343,350,344,336,345,349],"class_list":{"0":"post-268118","1":"product","2":"type-product","3":"status-publish","4":"has-post-thumbnail","6":"product_cat-mini-box-de-2","7":"product_tag-blaue-murmeln","8":"product_tag-design-de","9":"product_tag-gelbe-murmeln","10":"product_tag-nugget-de","11":"product_tag-nugget-murmel","12":"product_tag-sommer","13":"product_tag-strand","15":"first","16":"instock","17":"shipping-taxable","18":"purchasable","19":"product-type-simple"},"yoast_head":"<!-- This site is optimized with the Yoast SEO plugin v27.2 - https:\/\/yoast.com\/product\/yoast-seo-wordpress\/ -->\n<title>Mini-Box Summer Colors Towel - Billes &amp; Co.<\/title>\n<meta name=\"description\" content=\"Summer Colors Towel 25 Murmeln - Eine Auswahl an gelben und blauen Murmeln, die Sie in die Farben und Strukturen des Sommers eintauchen lassen.\" \/>\n<meta name=\"robots\" content=\"index, follow, max-snippet:-1, max-image-preview:large, max-video-preview:-1\" \/>\n<link rel=\"canonical\" href=\"https:\/\/billesandco.paris\/de\/produit\/summer-colors-towel\/\" \/>\n<meta property=\"og:locale\" content=\"de_DE\" \/>\n<meta property=\"og:type\" content=\"article\" \/>\n<meta property=\"og:title\" content=\"Mini-Box Summer Colors Towel - Billes &amp; Co.\" \/>\n<meta property=\"og:description\" content=\"Summer Colors Towel 25 Murmeln - Eine Auswahl an gelben und blauen Murmeln, die Sie in die Farben und Strukturen des Sommers eintauchen lassen.\" \/>\n<meta property=\"og:url\" content=\"https:\/\/billesandco.paris\/de\/produit\/summer-colors-towel\/\" \/>\n<meta property=\"og:site_name\" content=\"Billes &amp; Co.\" \/>\n<meta property=\"article:publisher\" content=\"https:\/\/facebook.com\/billesandco\/\" \/>\n<meta property=\"article:modified_time\" content=\"2025-10-09T14:07:43+00:00\" \/>\n<meta property=\"og:image\" content=\"https:\/\/i0.wp.com\/billesandco.paris\/wp-content\/uploads\/2025\/06\/MINIBOX-SUMMER-COLORS-TOWEL.png?fit=1610%2C1822&ssl=1\" \/>\n\t<meta property=\"og:image:width\" content=\"1610\" \/>\n\t<meta property=\"og:image:height\" content=\"1822\" \/>\n\t<meta property=\"og:image:type\" content=\"image\/png\" \/>\n<meta name=\"twitter:card\" content=\"summary_large_image\" \/>\n<script type=\"application\/ld+json\" class=\"yoast-schema-graph\">{\"@context\":\"https:\/\/schema.org\",\"@graph\":[{\"@type\":\"WebPage\",\"@id\":\"https:\/\/billesandco.paris\/de\/produit\/summer-colors-towel\/\",\"url\":\"https:\/\/billesandco.paris\/de\/produit\/summer-colors-towel\/\",\"name\":\"Mini-Box Summer Colors Towel - Billes & Co.\",\"isPartOf\":{\"@id\":\"https:\/\/billesandco.paris\/de\/#website\"},\"primaryImageOfPage\":{\"@id\":\"https:\/\/billesandco.paris\/de\/produit\/summer-colors-towel\/#primaryimage\"},\"image\":{\"@id\":\"https:\/\/billesandco.paris\/de\/produit\/summer-colors-towel\/#primaryimage\"},\"thumbnailUrl\":\"https:\/\/i0.wp.com\/billesandco.paris\/wp-content\/uploads\/2025\/06\/MINIBOX-SUMMER-COLORS-TOWEL.png?fit=1610%2C1822&ssl=1\",\"datePublished\":\"2025-06-19T14:27:27+00:00\",\"dateModified\":\"2025-10-09T14:07:43+00:00\",\"description\":\"Summer Colors Towel 25 Murmeln - Eine Auswahl an gelben und blauen Murmeln, die Sie in die Farben und Strukturen des Sommers eintauchen lassen.\",\"breadcrumb\":{\"@id\":\"https:\/\/billesandco.paris\/de\/produit\/summer-colors-towel\/#breadcrumb\"},\"inLanguage\":\"de\",\"potentialAction\":[{\"@type\":\"ReadAction\",\"target\":[\"https:\/\/billesandco.paris\/de\/produit\/summer-colors-towel\/\"]}]},{\"@type\":\"ImageObject\",\"inLanguage\":\"de\",\"@id\":\"https:\/\/billesandco.paris\/de\/produit\/summer-colors-towel\/#primaryimage\",\"url\":\"https:\/\/i0.wp.com\/billesandco.paris\/wp-content\/uploads\/2025\/06\/MINIBOX-SUMMER-COLORS-TOWEL.png?fit=1610%2C1822&ssl=1\",\"contentUrl\":\"https:\/\/i0.wp.com\/billesandco.paris\/wp-content\/uploads\/2025\/06\/MINIBOX-SUMMER-COLORS-TOWEL.png?fit=1610%2C1822&ssl=1\",\"width\":1610,\"height\":1822},{\"@type\":\"BreadcrumbList\",\"@id\":\"https:\/\/billesandco.paris\/de\/produit\/summer-colors-towel\/#breadcrumb\",\"itemListElement\":[{\"@type\":\"ListItem\",\"position\":1,\"name\":\"Accueil\",\"item\":\"https:\/\/billesandco.paris\/de\/\"},{\"@type\":\"ListItem\",\"position\":2,\"name\":\"Startseite\",\"item\":\"https:\/\/billesandco.paris\/de\/\"},{\"@type\":\"ListItem\",\"position\":3,\"name\":\"Summer Colors Towel\"}]},{\"@type\":\"WebSite\",\"@id\":\"https:\/\/billesandco.paris\/de\/#website\",\"url\":\"https:\/\/billesandco.paris\/de\/\",\"name\":\"Billes & Co.\",\"description\":\"Universen zum Spielen und Sammeln\",\"publisher\":{\"@id\":\"https:\/\/billesandco.paris\/de\/#organization\"},\"alternateName\":\"B&CO.\",\"potentialAction\":[{\"@type\":\"SearchAction\",\"target\":{\"@type\":\"EntryPoint\",\"urlTemplate\":\"https:\/\/billesandco.paris\/de\/?s={search_term_string}\"},\"query-input\":{\"@type\":\"PropertyValueSpecification\",\"valueRequired\":true,\"valueName\":\"search_term_string\"}}],\"inLanguage\":\"de\"},{\"@type\":\"Organization\",\"@id\":\"https:\/\/billesandco.paris\/de\/#organization\",\"name\":\"Billes & Co.\",\"alternateName\":\"B&CO.\",\"url\":\"https:\/\/billesandco.paris\/de\/\",\"logo\":{\"@type\":\"ImageObject\",\"inLanguage\":\"de\",\"@id\":\"https:\/\/billesandco.paris\/de\/#\/schema\/logo\/image\/\",\"url\":\"https:\/\/billesandco.paris\/wp-content\/uploads\/2023\/01\/cropped-logoBCO.png\",\"contentUrl\":\"https:\/\/billesandco.paris\/wp-content\/uploads\/2023\/01\/cropped-logoBCO.png\",\"width\":512,\"height\":512,\"caption\":\"Billes & Co.\"},\"image\":{\"@id\":\"https:\/\/billesandco.paris\/de\/#\/schema\/logo\/image\/\"},\"sameAs\":[\"https:\/\/facebook.com\/billesandco\/\",\"https:\/\/instagram.com\/billesandco\/\"]}]}<\/script>\n<!-- \/ Yoast SEO plugin. -->","yoast_head_json":{"title":"Mini-Box Summer Colors Towel - Billes & Co.","description":"Summer Colors Towel 25 Murmeln - Eine Auswahl an gelben und blauen Murmeln, die Sie in die Farben und Strukturen des Sommers eintauchen lassen.","robots":{"index":"index","follow":"follow","max-snippet":"max-snippet:-1","max-image-preview":"max-image-preview:large","max-video-preview":"max-video-preview:-1"},"canonical":"https:\/\/billesandco.paris\/de\/produit\/summer-colors-towel\/","og_locale":"de_DE","og_type":"article","og_title":"Mini-Box Summer Colors Towel - Billes & Co.","og_description":"Summer Colors Towel 25 Murmeln - Eine Auswahl an gelben und blauen Murmeln, die Sie in die Farben und Strukturen des Sommers eintauchen lassen.","og_url":"https:\/\/billesandco.paris\/de\/produit\/summer-colors-towel\/","og_site_name":"Billes & Co.","article_publisher":"https:\/\/facebook.com\/billesandco\/","article_modified_time":"2025-10-09T14:07:43+00:00","og_image":[{"width":1610,"height":1822,"url":"https:\/\/i0.wp.com\/billesandco.paris\/wp-content\/uploads\/2025\/06\/MINIBOX-SUMMER-COLORS-TOWEL.png?fit=1610%2C1822&ssl=1","type":"image\/png"}],"twitter_card":"summary_large_image","schema":{"@context":"https:\/\/schema.org","@graph":[{"@type":"WebPage","@id":"https:\/\/billesandco.paris\/de\/produit\/summer-colors-towel\/","url":"https:\/\/billesandco.paris\/de\/produit\/summer-colors-towel\/","name":"Mini-Box Summer Colors Towel - Billes & Co.","isPartOf":{"@id":"https:\/\/billesandco.paris\/de\/#website"},"primaryImageOfPage":{"@id":"https:\/\/billesandco.paris\/de\/produit\/summer-colors-towel\/#primaryimage"},"image":{"@id":"https:\/\/billesandco.paris\/de\/produit\/summer-colors-towel\/#primaryimage"},"thumbnailUrl":"https:\/\/i0.wp.com\/billesandco.paris\/wp-content\/uploads\/2025\/06\/MINIBOX-SUMMER-COLORS-TOWEL.png?fit=1610%2C1822&ssl=1","datePublished":"2025-06-19T14:27:27+00:00","dateModified":"2025-10-09T14:07:43+00:00","description":"Summer Colors Towel 25 Murmeln - Eine Auswahl an gelben und blauen Murmeln, die Sie in die Farben und Strukturen des Sommers eintauchen lassen.","breadcrumb":{"@id":"https:\/\/billesandco.paris\/de\/produit\/summer-colors-towel\/#breadcrumb"},"inLanguage":"de","potentialAction":[{"@type":"ReadAction","target":["https:\/\/billesandco.paris\/de\/produit\/summer-colors-towel\/"]}]},{"@type":"ImageObject","inLanguage":"de","@id":"https:\/\/billesandco.paris\/de\/produit\/summer-colors-towel\/#primaryimage","url":"https:\/\/i0.wp.com\/billesandco.paris\/wp-content\/uploads\/2025\/06\/MINIBOX-SUMMER-COLORS-TOWEL.png?fit=1610%2C1822&ssl=1","contentUrl":"https:\/\/i0.wp.com\/billesandco.paris\/wp-content\/uploads\/2025\/06\/MINIBOX-SUMMER-COLORS-TOWEL.png?fit=1610%2C1822&ssl=1","width":1610,"height":1822},{"@type":"BreadcrumbList","@id":"https:\/\/billesandco.paris\/de\/produit\/summer-colors-towel\/#breadcrumb","itemListElement":[{"@type":"ListItem","position":1,"name":"Accueil","item":"https:\/\/billesandco.paris\/de\/"},{"@type":"ListItem","position":2,"name":"Startseite","item":"https:\/\/billesandco.paris\/de\/"},{"@type":"ListItem","position":3,"name":"Summer Colors Towel"}]},{"@type":"WebSite","@id":"https:\/\/billesandco.paris\/de\/#website","url":"https:\/\/billesandco.paris\/de\/","name":"Billes & Co.","description":"Universen zum Spielen und Sammeln","publisher":{"@id":"https:\/\/billesandco.paris\/de\/#organization"},"alternateName":"B&CO.","potentialAction":[{"@type":"SearchAction","target":{"@type":"EntryPoint","urlTemplate":"https:\/\/billesandco.paris\/de\/?s={search_term_string}"},"query-input":{"@type":"PropertyValueSpecification","valueRequired":true,"valueName":"search_term_string"}}],"inLanguage":"de"},{"@type":"Organization","@id":"https:\/\/billesandco.paris\/de\/#organization","name":"Billes & Co.","alternateName":"B&CO.","url":"https:\/\/billesandco.paris\/de\/","logo":{"@type":"ImageObject","inLanguage":"de","@id":"https:\/\/billesandco.paris\/de\/#\/schema\/logo\/image\/","url":"https:\/\/billesandco.paris\/wp-content\/uploads\/2023\/01\/cropped-logoBCO.png","contentUrl":"https:\/\/billesandco.paris\/wp-content\/uploads\/2023\/01\/cropped-logoBCO.png","width":512,"height":512,"caption":"Billes & Co."},"image":{"@id":"https:\/\/billesandco.paris\/de\/#\/schema\/logo\/image\/"},"sameAs":["https:\/\/facebook.com\/billesandco\/","https:\/\/instagram.com\/billesandco\/"]}]}},"_links":{"self":[{"href":"https:\/\/billesandco.paris\/de\/wp-json\/wp\/v2\/product\/268118","targetHints":{"allow":["GET"]}}],"collection":[{"href":"https:\/\/billesandco.paris\/de\/wp-json\/wp\/v2\/product"}],"about":[{"href":"https:\/\/billesandco.paris\/de\/wp-json\/wp\/v2\/types\/product"}],"wp:featuredmedia":[{"embeddable":true,"href":"https:\/\/billesandco.paris\/de\/wp-json\/wp\/v2\/media\/268119"}],"wp:attachment":[{"href":"https:\/\/billesandco.paris\/de\/wp-json\/wp\/v2\/media?parent=268118"}],"wp:term":[{"taxonomy":"product_brand","embeddable":true,"href":"https:\/\/billesandco.paris\/de\/wp-json\/wp\/v2\/product_brand?post=268118"},{"taxonomy":"product_cat","embeddable":true,"href":"https:\/\/billesandco.paris\/de\/wp-json\/wp\/v2\/product_cat?post=268118"},{"taxonomy":"product_tag","embeddable":true,"href":"https:\/\/billesandco.paris\/de\/wp-json\/wp\/v2\/product_tag?post=268118"}],"curies":[{"name":"wp","href":"https:\/\/api.w.org\/{rel}","templated":true}]}}