{"id":268109,"date":"2025-06-30T16:28:03","date_gmt":"2025-06-30T14:28:03","guid":{"rendered":"https:\/\/billesandco.paris\/produit\/box-pochon-tresor-pirate\/"},"modified":"2025-10-09T16:07:44","modified_gmt":"2025-10-09T14:07:44","slug":"box-pochon-tresor-pirate","status":"publish","type":"product","link":"https:\/\/billesandco.paris\/de\/produit\/box-pochon-tresor-pirate\/","title":{"rendered":"Piratenschatz"},"content":{"rendered":"<p>17er-Schatulle Piratenmurmeln mit einer Kapit\u00e4nbeutel, 3 Sorten Murmeln, 1 Sorte Muggelsteinen und 2 Sorten gro\u00dfen Murmeln:<br \/>\n9 Murmeln (16 mm), 6 Muggelsteinen und 4 gro\u00dfen Murmeln (22\/25 mm) , davon 1 gro\u00dfe Murmel mit Piratenaufdruck.<\/p>\n<ul>\n<li>Produkt entworfen, zusammengesetzt und gen\u00e4ht in Frankreich &#8211; Murmeln hergestellt in Mexiko<\/li>\n<li>Zusammensetzung: 49% Bio-Baumwolle &#8211; 20% Glas &#8211; 3% Kunststoff &#8211; 28% Papier und Pappe<\/li>\n<li>Entspricht den CE- und ASTM\/CPSIA-Standards<\/li>\n<li>Verwendung ab 3 Jahren (Europa) oder 5 Jahren (USA)<\/li>\n<li>TAUCHEN SIE DIE BEDRUCKTE MURMEL NICHT IN WASSER ODER REINIGEN SIE SIE NICHT: SIE IST EIN SAMMLERST\u00dcCK, DAS SICH VOR FEUCHTIGKEIT F\u00dcRCHTET.<\/li>\n<\/ul>\n<p><img data-recalc-dims=\"1\" decoding=\"async\" style=\"height: 20px;\" src=\"https:\/\/i0.wp.com\/billesandco.paris\/wp-content\/uploads\/2023\/03\/ce.png?w=1220&#038;ssl=1\" alt=\"CE\"><\/p>\n","protected":false},"excerpt":{"rendered":"<p>Beutel Schatulle mit 17 Murmeln, Muggelsteinen und gro\u00dfen Murmeln<\/p>\n<p>In einem handgefertigten Beutel aus Baumwoll-Gabardine, der mit rotem Jersey gef\u00fcttert ist, k\u00f6nnen Sie die Murmeln, Muggelsteinen und gro\u00dfen Murmeln aufbewahren, die Sie auf der Schatzinsel gefunden haben. Mit einer exklusiven, bedruckten gro\u00dfe Murmeln.  <\/p>\n<p>Bestellen Sie jetzt! Lieferbar ab dem 10. Juli 2025 <\/p>\n","protected":false},"featured_media":268110,"template":"","meta":[],"product_brand":[],"product_cat":[334],"product_tag":[337,341,339,336,335,338,340],"class_list":{"0":"post-268109","1":"product","2":"type-product","3":"status-publish","4":"has-post-thumbnail","6":"product_cat-box-schatulle","7":"product_tag-bedruckte-kalotte","8":"product_tag-schablone","9":"product_tag-gesprenkelte-murmeln","10":"product_tag-nugget-murmel","11":"product_tag-pirat","12":"product_tag-piratenschatz","13":"product_tag-schatzsuche","15":"first","16":"instock","17":"shipping-taxable","18":"purchasable","19":"product-type-simple"},"yoast_head":"<!-- This site is optimized with the Yoast SEO plugin v27.2 - https:\/\/yoast.com\/product\/yoast-seo-wordpress\/ -->\n<title>Beutel Box Piratenschatz - Billes &amp; Co.<\/title>\n<meta name=\"description\" content=\"Piraten-Schatzbeutel mit 17 Murmeln, Muggelsteinen und gro\u00dfen Murmeln - Gehen Sie auf eine abenteuerliche Schatzsuche mit Captain Billes &amp; Co.\" \/>\n<meta name=\"robots\" content=\"index, follow, max-snippet:-1, max-image-preview:large, max-video-preview:-1\" \/>\n<link rel=\"canonical\" href=\"https:\/\/billesandco.paris\/de\/produit\/box-pochon-tresor-pirate\/\" \/>\n<meta property=\"og:locale\" content=\"de_DE\" \/>\n<meta property=\"og:type\" content=\"article\" \/>\n<meta property=\"og:title\" content=\"Beutel Box Piratenschatz - Billes &amp; Co.\" \/>\n<meta property=\"og:description\" content=\"Piraten-Schatzbeutel mit 17 Murmeln, Muggelsteinen und gro\u00dfen Murmeln - Gehen Sie auf eine abenteuerliche Schatzsuche mit Captain Billes &amp; Co.\" \/>\n<meta property=\"og:url\" content=\"https:\/\/billesandco.paris\/de\/produit\/box-pochon-tresor-pirate\/\" \/>\n<meta property=\"og:site_name\" content=\"Billes &amp; Co.\" \/>\n<meta property=\"article:publisher\" content=\"https:\/\/facebook.com\/billesandco\/\" \/>\n<meta property=\"article:modified_time\" content=\"2025-10-09T14:07:44+00:00\" \/>\n<meta property=\"og:image\" content=\"https:\/\/billesandco.paris\/wp-content\/uploads\/2025\/06\/BOX-POCHON-PIRATE-1-905x1024.png\" \/>\n\t<meta property=\"og:image:width\" content=\"905\" \/>\n\t<meta property=\"og:image:height\" content=\"1024\" \/>\n\t<meta property=\"og:image:type\" content=\"image\/png\" \/>\n<meta name=\"twitter:card\" content=\"summary_large_image\" \/>\n<script type=\"application\/ld+json\" class=\"yoast-schema-graph\">{\"@context\":\"https:\/\/schema.org\",\"@graph\":[{\"@type\":\"WebPage\",\"@id\":\"https:\/\/billesandco.paris\/de\/produit\/box-pochon-tresor-pirate\/\",\"url\":\"https:\/\/billesandco.paris\/de\/produit\/box-pochon-tresor-pirate\/\",\"name\":\"Beutel Box Piratenschatz - Billes & Co.\",\"isPartOf\":{\"@id\":\"https:\/\/billesandco.paris\/de\/#website\"},\"primaryImageOfPage\":{\"@id\":\"https:\/\/billesandco.paris\/de\/produit\/box-pochon-tresor-pirate\/#primaryimage\"},\"image\":{\"@id\":\"https:\/\/billesandco.paris\/de\/produit\/box-pochon-tresor-pirate\/#primaryimage\"},\"thumbnailUrl\":\"https:\/\/i0.wp.com\/billesandco.paris\/wp-content\/uploads\/2025\/06\/BOX-POCHON-PIRATE-1.png?fit=1610%2C1822&ssl=1\",\"datePublished\":\"2025-06-30T14:28:03+00:00\",\"dateModified\":\"2025-10-09T14:07:44+00:00\",\"description\":\"Piraten-Schatzbeutel mit 17 Murmeln, Muggelsteinen und gro\u00dfen Murmeln - Gehen Sie auf eine abenteuerliche Schatzsuche mit Captain Billes & Co.\",\"breadcrumb\":{\"@id\":\"https:\/\/billesandco.paris\/de\/produit\/box-pochon-tresor-pirate\/#breadcrumb\"},\"inLanguage\":\"de\",\"potentialAction\":[{\"@type\":\"ReadAction\",\"target\":[\"https:\/\/billesandco.paris\/de\/produit\/box-pochon-tresor-pirate\/\"]}]},{\"@type\":\"ImageObject\",\"inLanguage\":\"de\",\"@id\":\"https:\/\/billesandco.paris\/de\/produit\/box-pochon-tresor-pirate\/#primaryimage\",\"url\":\"https:\/\/i0.wp.com\/billesandco.paris\/wp-content\/uploads\/2025\/06\/BOX-POCHON-PIRATE-1.png?fit=1610%2C1822&ssl=1\",\"contentUrl\":\"https:\/\/i0.wp.com\/billesandco.paris\/wp-content\/uploads\/2025\/06\/BOX-POCHON-PIRATE-1.png?fit=1610%2C1822&ssl=1\",\"width\":1610,\"height\":1822},{\"@type\":\"BreadcrumbList\",\"@id\":\"https:\/\/billesandco.paris\/de\/produit\/box-pochon-tresor-pirate\/#breadcrumb\",\"itemListElement\":[{\"@type\":\"ListItem\",\"position\":1,\"name\":\"Accueil\",\"item\":\"https:\/\/billesandco.paris\/de\/\"},{\"@type\":\"ListItem\",\"position\":2,\"name\":\"Startseite\",\"item\":\"https:\/\/billesandco.paris\/de\/\"},{\"@type\":\"ListItem\",\"position\":3,\"name\":\"Piratenschatz\"}]},{\"@type\":\"WebSite\",\"@id\":\"https:\/\/billesandco.paris\/de\/#website\",\"url\":\"https:\/\/billesandco.paris\/de\/\",\"name\":\"Billes & Co.\",\"description\":\"Universen zum Spielen und Sammeln\",\"publisher\":{\"@id\":\"https:\/\/billesandco.paris\/de\/#organization\"},\"alternateName\":\"B&CO.\",\"potentialAction\":[{\"@type\":\"SearchAction\",\"target\":{\"@type\":\"EntryPoint\",\"urlTemplate\":\"https:\/\/billesandco.paris\/de\/?s={search_term_string}\"},\"query-input\":{\"@type\":\"PropertyValueSpecification\",\"valueRequired\":true,\"valueName\":\"search_term_string\"}}],\"inLanguage\":\"de\"},{\"@type\":\"Organization\",\"@id\":\"https:\/\/billesandco.paris\/de\/#organization\",\"name\":\"Billes & Co.\",\"alternateName\":\"B&CO.\",\"url\":\"https:\/\/billesandco.paris\/de\/\",\"logo\":{\"@type\":\"ImageObject\",\"inLanguage\":\"de\",\"@id\":\"https:\/\/billesandco.paris\/de\/#\/schema\/logo\/image\/\",\"url\":\"https:\/\/billesandco.paris\/wp-content\/uploads\/2023\/01\/cropped-logoBCO.png\",\"contentUrl\":\"https:\/\/billesandco.paris\/wp-content\/uploads\/2023\/01\/cropped-logoBCO.png\",\"width\":512,\"height\":512,\"caption\":\"Billes & Co.\"},\"image\":{\"@id\":\"https:\/\/billesandco.paris\/de\/#\/schema\/logo\/image\/\"},\"sameAs\":[\"https:\/\/facebook.com\/billesandco\/\",\"https:\/\/instagram.com\/billesandco\/\"]}]}<\/script>\n<!-- \/ Yoast SEO plugin. -->","yoast_head_json":{"title":"Beutel Box Piratenschatz - Billes & Co.","description":"Piraten-Schatzbeutel mit 17 Murmeln, Muggelsteinen und gro\u00dfen Murmeln - Gehen Sie auf eine abenteuerliche Schatzsuche mit Captain Billes & Co.","robots":{"index":"index","follow":"follow","max-snippet":"max-snippet:-1","max-image-preview":"max-image-preview:large","max-video-preview":"max-video-preview:-1"},"canonical":"https:\/\/billesandco.paris\/de\/produit\/box-pochon-tresor-pirate\/","og_locale":"de_DE","og_type":"article","og_title":"Beutel Box Piratenschatz - Billes & Co.","og_description":"Piraten-Schatzbeutel mit 17 Murmeln, Muggelsteinen und gro\u00dfen Murmeln - Gehen Sie auf eine abenteuerliche Schatzsuche mit Captain Billes & Co.","og_url":"https:\/\/billesandco.paris\/de\/produit\/box-pochon-tresor-pirate\/","og_site_name":"Billes & Co.","article_publisher":"https:\/\/facebook.com\/billesandco\/","article_modified_time":"2025-10-09T14:07:44+00:00","og_image":[{"width":905,"height":1024,"url":"https:\/\/billesandco.paris\/wp-content\/uploads\/2025\/06\/BOX-POCHON-PIRATE-1-905x1024.png","type":"image\/png"}],"twitter_card":"summary_large_image","schema":{"@context":"https:\/\/schema.org","@graph":[{"@type":"WebPage","@id":"https:\/\/billesandco.paris\/de\/produit\/box-pochon-tresor-pirate\/","url":"https:\/\/billesandco.paris\/de\/produit\/box-pochon-tresor-pirate\/","name":"Beutel Box Piratenschatz - Billes & Co.","isPartOf":{"@id":"https:\/\/billesandco.paris\/de\/#website"},"primaryImageOfPage":{"@id":"https:\/\/billesandco.paris\/de\/produit\/box-pochon-tresor-pirate\/#primaryimage"},"image":{"@id":"https:\/\/billesandco.paris\/de\/produit\/box-pochon-tresor-pirate\/#primaryimage"},"thumbnailUrl":"https:\/\/i0.wp.com\/billesandco.paris\/wp-content\/uploads\/2025\/06\/BOX-POCHON-PIRATE-1.png?fit=1610%2C1822&ssl=1","datePublished":"2025-06-30T14:28:03+00:00","dateModified":"2025-10-09T14:07:44+00:00","description":"Piraten-Schatzbeutel mit 17 Murmeln, Muggelsteinen und gro\u00dfen Murmeln - Gehen Sie auf eine abenteuerliche Schatzsuche mit Captain Billes & Co.","breadcrumb":{"@id":"https:\/\/billesandco.paris\/de\/produit\/box-pochon-tresor-pirate\/#breadcrumb"},"inLanguage":"de","potentialAction":[{"@type":"ReadAction","target":["https:\/\/billesandco.paris\/de\/produit\/box-pochon-tresor-pirate\/"]}]},{"@type":"ImageObject","inLanguage":"de","@id":"https:\/\/billesandco.paris\/de\/produit\/box-pochon-tresor-pirate\/#primaryimage","url":"https:\/\/i0.wp.com\/billesandco.paris\/wp-content\/uploads\/2025\/06\/BOX-POCHON-PIRATE-1.png?fit=1610%2C1822&ssl=1","contentUrl":"https:\/\/i0.wp.com\/billesandco.paris\/wp-content\/uploads\/2025\/06\/BOX-POCHON-PIRATE-1.png?fit=1610%2C1822&ssl=1","width":1610,"height":1822},{"@type":"BreadcrumbList","@id":"https:\/\/billesandco.paris\/de\/produit\/box-pochon-tresor-pirate\/#breadcrumb","itemListElement":[{"@type":"ListItem","position":1,"name":"Accueil","item":"https:\/\/billesandco.paris\/de\/"},{"@type":"ListItem","position":2,"name":"Startseite","item":"https:\/\/billesandco.paris\/de\/"},{"@type":"ListItem","position":3,"name":"Piratenschatz"}]},{"@type":"WebSite","@id":"https:\/\/billesandco.paris\/de\/#website","url":"https:\/\/billesandco.paris\/de\/","name":"Billes & Co.","description":"Universen zum Spielen und Sammeln","publisher":{"@id":"https:\/\/billesandco.paris\/de\/#organization"},"alternateName":"B&CO.","potentialAction":[{"@type":"SearchAction","target":{"@type":"EntryPoint","urlTemplate":"https:\/\/billesandco.paris\/de\/?s={search_term_string}"},"query-input":{"@type":"PropertyValueSpecification","valueRequired":true,"valueName":"search_term_string"}}],"inLanguage":"de"},{"@type":"Organization","@id":"https:\/\/billesandco.paris\/de\/#organization","name":"Billes & Co.","alternateName":"B&CO.","url":"https:\/\/billesandco.paris\/de\/","logo":{"@type":"ImageObject","inLanguage":"de","@id":"https:\/\/billesandco.paris\/de\/#\/schema\/logo\/image\/","url":"https:\/\/billesandco.paris\/wp-content\/uploads\/2023\/01\/cropped-logoBCO.png","contentUrl":"https:\/\/billesandco.paris\/wp-content\/uploads\/2023\/01\/cropped-logoBCO.png","width":512,"height":512,"caption":"Billes & Co."},"image":{"@id":"https:\/\/billesandco.paris\/de\/#\/schema\/logo\/image\/"},"sameAs":["https:\/\/facebook.com\/billesandco\/","https:\/\/instagram.com\/billesandco\/"]}]}},"_links":{"self":[{"href":"https:\/\/billesandco.paris\/de\/wp-json\/wp\/v2\/product\/268109","targetHints":{"allow":["GET"]}}],"collection":[{"href":"https:\/\/billesandco.paris\/de\/wp-json\/wp\/v2\/product"}],"about":[{"href":"https:\/\/billesandco.paris\/de\/wp-json\/wp\/v2\/types\/product"}],"wp:featuredmedia":[{"embeddable":true,"href":"https:\/\/billesandco.paris\/de\/wp-json\/wp\/v2\/media\/268110"}],"wp:attachment":[{"href":"https:\/\/billesandco.paris\/de\/wp-json\/wp\/v2\/media?parent=268109"}],"wp:term":[{"taxonomy":"product_brand","embeddable":true,"href":"https:\/\/billesandco.paris\/de\/wp-json\/wp\/v2\/product_brand?post=268109"},{"taxonomy":"product_cat","embeddable":true,"href":"https:\/\/billesandco.paris\/de\/wp-json\/wp\/v2\/product_cat?post=268109"},{"taxonomy":"product_tag","embeddable":true,"href":"https:\/\/billesandco.paris\/de\/wp-json\/wp\/v2\/product_tag?post=268109"}],"curies":[{"name":"wp","href":"https:\/\/api.w.org\/{rel}","templated":true}]}}