{"id":268100,"date":"2024-11-07T14:00:36","date_gmt":"2024-11-07T13:00:36","guid":{"rendered":"https:\/\/billesandco.paris\/produit\/calots-santa-claus\/"},"modified":"2025-10-08T20:37:16","modified_gmt":"2025-10-08T18:37:16","slug":"calots-santa-claus","status":"publish","type":"product","link":"https:\/\/billesandco.paris\/de\/produit\/calots-santa-claus\/","title":{"rendered":"Santa Claus x BCO"},"content":{"rendered":"<p>Schatulle mit 9 gro\u00dfen Murmeln Santa Claus 25 mm, davon 1 \u00dcberraschungs-Gro\u00dfe Murmel<\/p>\n<ul>\n<li>Produkt entworfen und zusammengesetzt in Frankreich &#8211; Murmeln hergestellt in Mexiko<\/li>\n<li>Zusammensetzung: 68 % Glas &#8211; 3 % Kunststoff &#8211; 28 % Papier und Pappe &#8211; 1 % gefilzte Schurwolle<\/li>\n<li>Entspricht den CE- und ASTM\/CPSIA-Standards<\/li>\n<li>Verwendung ab 3 Jahren (Europa) oder 5 Jahren (USA)<\/li>\n<\/ul>\n<p><img data-recalc-dims=\"1\" decoding=\"async\" style=\"height: 20px;\" src=\"https:\/\/i0.wp.com\/billesandco.paris\/wp-content\/uploads\/2023\/03\/ce.png?w=1220&#038;ssl=1\" alt=\"CE\"><\/p>\n","protected":false},"excerpt":{"rendered":"<p>Set mit 9 gro\u00dfen Murmel, darunter 1 nachleuchtende \u00dcberraschungs-Gro\u00dfe Murmel<\/p>\n<p>Entdecken Sie das neue Set Billes &amp; Co, das in Zusammenarbeit mit dem Weihnachtsmann entstanden ist. Der legend\u00e4re Held des Jahresendes hat dieses Jahr 9 gro\u00dfe Murmeln in weihnachtlichen Farben ausgew\u00e4hlt, um uns immer wieder in Staunen zu versetzen. Im Atelier haben wir sie in einer handgefertigten Schachtel mit rot-wei\u00df gestreiften Motiven auf einem Hintergrund aus weichem, wei\u00dfem Filz aus 100% Wolle verpackt. Und um Sie noch mehr zu verw\u00f6hnen, befindet sich unter diesen 9 gro\u00dfen Murmel eine \u00dcberraschungs-Gro\u00dfe Murmel, die Sie beim Auspacken des roten Seidenpapiers entdecken k\u00f6nnen. Frohe Weihnachten f\u00fcr alle kleinen und gro\u00dfen Liebhaber sch\u00f6ner Dinge!    <\/p>\n","protected":false},"featured_media":268103,"template":"","meta":[],"product_brand":[],"product_cat":[316],"product_tag":[325,321,331,330,320],"class_list":{"0":"post-268100","1":"product","2":"type-product","3":"status-publish","4":"has-post-thumbnail","6":"product_cat-grossen-murmeln-mini-box-de","7":"product_tag-pepite-calots","8":"product_tag-kalotten","9":"product_tag-phosphoreszierende-hauben","10":"product_tag-santa-claus-de","11":"product_tag-seltene-kalotten","13":"first","14":"instock","15":"shipping-taxable","16":"purchasable","17":"product-type-simple"},"yoast_head":"<!-- This site is optimized with the Yoast SEO plugin v27.2 - https:\/\/yoast.com\/product\/yoast-seo-wordpress\/ -->\n<title>gro\u00dfen Murmeln Mini Box Santa Claus x BCO - Billes &amp; Co.<\/title>\n<meta name=\"description\" content=\"Einzigartiges Sortiment von 9 gro\u00dfen Murmeln mit seltenen und unterschiedlichen Texturen, darunter eine phosphoreszierende Murmel.\" \/>\n<meta name=\"robots\" content=\"index, follow, max-snippet:-1, max-image-preview:large, max-video-preview:-1\" \/>\n<link rel=\"canonical\" href=\"https:\/\/billesandco.paris\/de\/produit\/calots-santa-claus\/\" \/>\n<meta property=\"og:locale\" content=\"de_DE\" \/>\n<meta property=\"og:type\" content=\"article\" \/>\n<meta property=\"og:title\" content=\"gro\u00dfen Murmeln Mini Box Santa Claus x BCO - Billes &amp; Co.\" \/>\n<meta property=\"og:description\" content=\"Einzigartiges Sortiment von 9 gro\u00dfen Murmeln mit seltenen und unterschiedlichen Texturen, darunter eine phosphoreszierende Murmel.\" \/>\n<meta property=\"og:url\" content=\"https:\/\/billesandco.paris\/de\/produit\/calots-santa-claus\/\" \/>\n<meta property=\"og:site_name\" content=\"Billes &amp; Co.\" \/>\n<meta property=\"article:publisher\" content=\"https:\/\/facebook.com\/billesandco\/\" \/>\n<meta property=\"article:modified_time\" content=\"2025-10-08T18:37:16+00:00\" \/>\n<meta property=\"og:image\" content=\"https:\/\/i0.wp.com\/billesandco.paris\/wp-content\/uploads\/2024\/11\/MINIBOX-CALOTS-SANTA-CLAUS.png?fit=1610%2C1822&ssl=1\" \/>\n\t<meta property=\"og:image:width\" content=\"1610\" \/>\n\t<meta property=\"og:image:height\" content=\"1822\" \/>\n\t<meta property=\"og:image:type\" content=\"image\/png\" \/>\n<meta name=\"twitter:card\" content=\"summary_large_image\" \/>\n<script type=\"application\/ld+json\" class=\"yoast-schema-graph\">{\"@context\":\"https:\/\/schema.org\",\"@graph\":[{\"@type\":\"WebPage\",\"@id\":\"https:\/\/billesandco.paris\/de\/produit\/calots-santa-claus\/\",\"url\":\"https:\/\/billesandco.paris\/de\/produit\/calots-santa-claus\/\",\"name\":\"gro\u00dfen Murmeln Mini Box Santa Claus x BCO - Billes & Co.\",\"isPartOf\":{\"@id\":\"https:\/\/billesandco.paris\/de\/#website\"},\"primaryImageOfPage\":{\"@id\":\"https:\/\/billesandco.paris\/de\/produit\/calots-santa-claus\/#primaryimage\"},\"image\":{\"@id\":\"https:\/\/billesandco.paris\/de\/produit\/calots-santa-claus\/#primaryimage\"},\"thumbnailUrl\":\"https:\/\/i0.wp.com\/billesandco.paris\/wp-content\/uploads\/2024\/11\/MINIBOX-CALOTS-SANTA-CLAUS.png?fit=1610%2C1822&ssl=1\",\"datePublished\":\"2024-11-07T13:00:36+00:00\",\"dateModified\":\"2025-10-08T18:37:16+00:00\",\"description\":\"Einzigartiges Sortiment von 9 gro\u00dfen Murmeln mit seltenen und unterschiedlichen Texturen, darunter eine phosphoreszierende Murmel.\",\"breadcrumb\":{\"@id\":\"https:\/\/billesandco.paris\/de\/produit\/calots-santa-claus\/#breadcrumb\"},\"inLanguage\":\"de\",\"potentialAction\":[{\"@type\":\"ReadAction\",\"target\":[\"https:\/\/billesandco.paris\/de\/produit\/calots-santa-claus\/\"]}]},{\"@type\":\"ImageObject\",\"inLanguage\":\"de\",\"@id\":\"https:\/\/billesandco.paris\/de\/produit\/calots-santa-claus\/#primaryimage\",\"url\":\"https:\/\/i0.wp.com\/billesandco.paris\/wp-content\/uploads\/2024\/11\/MINIBOX-CALOTS-SANTA-CLAUS.png?fit=1610%2C1822&ssl=1\",\"contentUrl\":\"https:\/\/i0.wp.com\/billesandco.paris\/wp-content\/uploads\/2024\/11\/MINIBOX-CALOTS-SANTA-CLAUS.png?fit=1610%2C1822&ssl=1\",\"width\":1610,\"height\":1822},{\"@type\":\"BreadcrumbList\",\"@id\":\"https:\/\/billesandco.paris\/de\/produit\/calots-santa-claus\/#breadcrumb\",\"itemListElement\":[{\"@type\":\"ListItem\",\"position\":1,\"name\":\"Accueil\",\"item\":\"https:\/\/billesandco.paris\/de\/\"},{\"@type\":\"ListItem\",\"position\":2,\"name\":\"Startseite\",\"item\":\"https:\/\/billesandco.paris\/de\/\"},{\"@type\":\"ListItem\",\"position\":3,\"name\":\"Santa Claus x BCO\"}]},{\"@type\":\"WebSite\",\"@id\":\"https:\/\/billesandco.paris\/de\/#website\",\"url\":\"https:\/\/billesandco.paris\/de\/\",\"name\":\"Billes & Co.\",\"description\":\"Universen zum Spielen und Sammeln\",\"publisher\":{\"@id\":\"https:\/\/billesandco.paris\/de\/#organization\"},\"alternateName\":\"B&CO.\",\"potentialAction\":[{\"@type\":\"SearchAction\",\"target\":{\"@type\":\"EntryPoint\",\"urlTemplate\":\"https:\/\/billesandco.paris\/de\/?s={search_term_string}\"},\"query-input\":{\"@type\":\"PropertyValueSpecification\",\"valueRequired\":true,\"valueName\":\"search_term_string\"}}],\"inLanguage\":\"de\"},{\"@type\":\"Organization\",\"@id\":\"https:\/\/billesandco.paris\/de\/#organization\",\"name\":\"Billes & Co.\",\"alternateName\":\"B&CO.\",\"url\":\"https:\/\/billesandco.paris\/de\/\",\"logo\":{\"@type\":\"ImageObject\",\"inLanguage\":\"de\",\"@id\":\"https:\/\/billesandco.paris\/de\/#\/schema\/logo\/image\/\",\"url\":\"https:\/\/billesandco.paris\/wp-content\/uploads\/2023\/01\/cropped-logoBCO.png\",\"contentUrl\":\"https:\/\/billesandco.paris\/wp-content\/uploads\/2023\/01\/cropped-logoBCO.png\",\"width\":512,\"height\":512,\"caption\":\"Billes & Co.\"},\"image\":{\"@id\":\"https:\/\/billesandco.paris\/de\/#\/schema\/logo\/image\/\"},\"sameAs\":[\"https:\/\/facebook.com\/billesandco\/\",\"https:\/\/instagram.com\/billesandco\/\"]}]}<\/script>\n<!-- \/ Yoast SEO plugin. -->","yoast_head_json":{"title":"gro\u00dfen Murmeln Mini Box Santa Claus x BCO - Billes & Co.","description":"Einzigartiges Sortiment von 9 gro\u00dfen Murmeln mit seltenen und unterschiedlichen Texturen, darunter eine phosphoreszierende Murmel.","robots":{"index":"index","follow":"follow","max-snippet":"max-snippet:-1","max-image-preview":"max-image-preview:large","max-video-preview":"max-video-preview:-1"},"canonical":"https:\/\/billesandco.paris\/de\/produit\/calots-santa-claus\/","og_locale":"de_DE","og_type":"article","og_title":"gro\u00dfen Murmeln Mini Box Santa Claus x BCO - Billes & Co.","og_description":"Einzigartiges Sortiment von 9 gro\u00dfen Murmeln mit seltenen und unterschiedlichen Texturen, darunter eine phosphoreszierende Murmel.","og_url":"https:\/\/billesandco.paris\/de\/produit\/calots-santa-claus\/","og_site_name":"Billes & Co.","article_publisher":"https:\/\/facebook.com\/billesandco\/","article_modified_time":"2025-10-08T18:37:16+00:00","og_image":[{"width":1610,"height":1822,"url":"https:\/\/i0.wp.com\/billesandco.paris\/wp-content\/uploads\/2024\/11\/MINIBOX-CALOTS-SANTA-CLAUS.png?fit=1610%2C1822&ssl=1","type":"image\/png"}],"twitter_card":"summary_large_image","schema":{"@context":"https:\/\/schema.org","@graph":[{"@type":"WebPage","@id":"https:\/\/billesandco.paris\/de\/produit\/calots-santa-claus\/","url":"https:\/\/billesandco.paris\/de\/produit\/calots-santa-claus\/","name":"gro\u00dfen Murmeln Mini Box Santa Claus x BCO - Billes & Co.","isPartOf":{"@id":"https:\/\/billesandco.paris\/de\/#website"},"primaryImageOfPage":{"@id":"https:\/\/billesandco.paris\/de\/produit\/calots-santa-claus\/#primaryimage"},"image":{"@id":"https:\/\/billesandco.paris\/de\/produit\/calots-santa-claus\/#primaryimage"},"thumbnailUrl":"https:\/\/i0.wp.com\/billesandco.paris\/wp-content\/uploads\/2024\/11\/MINIBOX-CALOTS-SANTA-CLAUS.png?fit=1610%2C1822&ssl=1","datePublished":"2024-11-07T13:00:36+00:00","dateModified":"2025-10-08T18:37:16+00:00","description":"Einzigartiges Sortiment von 9 gro\u00dfen Murmeln mit seltenen und unterschiedlichen Texturen, darunter eine phosphoreszierende Murmel.","breadcrumb":{"@id":"https:\/\/billesandco.paris\/de\/produit\/calots-santa-claus\/#breadcrumb"},"inLanguage":"de","potentialAction":[{"@type":"ReadAction","target":["https:\/\/billesandco.paris\/de\/produit\/calots-santa-claus\/"]}]},{"@type":"ImageObject","inLanguage":"de","@id":"https:\/\/billesandco.paris\/de\/produit\/calots-santa-claus\/#primaryimage","url":"https:\/\/i0.wp.com\/billesandco.paris\/wp-content\/uploads\/2024\/11\/MINIBOX-CALOTS-SANTA-CLAUS.png?fit=1610%2C1822&ssl=1","contentUrl":"https:\/\/i0.wp.com\/billesandco.paris\/wp-content\/uploads\/2024\/11\/MINIBOX-CALOTS-SANTA-CLAUS.png?fit=1610%2C1822&ssl=1","width":1610,"height":1822},{"@type":"BreadcrumbList","@id":"https:\/\/billesandco.paris\/de\/produit\/calots-santa-claus\/#breadcrumb","itemListElement":[{"@type":"ListItem","position":1,"name":"Accueil","item":"https:\/\/billesandco.paris\/de\/"},{"@type":"ListItem","position":2,"name":"Startseite","item":"https:\/\/billesandco.paris\/de\/"},{"@type":"ListItem","position":3,"name":"Santa Claus x BCO"}]},{"@type":"WebSite","@id":"https:\/\/billesandco.paris\/de\/#website","url":"https:\/\/billesandco.paris\/de\/","name":"Billes & Co.","description":"Universen zum Spielen und Sammeln","publisher":{"@id":"https:\/\/billesandco.paris\/de\/#organization"},"alternateName":"B&CO.","potentialAction":[{"@type":"SearchAction","target":{"@type":"EntryPoint","urlTemplate":"https:\/\/billesandco.paris\/de\/?s={search_term_string}"},"query-input":{"@type":"PropertyValueSpecification","valueRequired":true,"valueName":"search_term_string"}}],"inLanguage":"de"},{"@type":"Organization","@id":"https:\/\/billesandco.paris\/de\/#organization","name":"Billes & Co.","alternateName":"B&CO.","url":"https:\/\/billesandco.paris\/de\/","logo":{"@type":"ImageObject","inLanguage":"de","@id":"https:\/\/billesandco.paris\/de\/#\/schema\/logo\/image\/","url":"https:\/\/billesandco.paris\/wp-content\/uploads\/2023\/01\/cropped-logoBCO.png","contentUrl":"https:\/\/billesandco.paris\/wp-content\/uploads\/2023\/01\/cropped-logoBCO.png","width":512,"height":512,"caption":"Billes & Co."},"image":{"@id":"https:\/\/billesandco.paris\/de\/#\/schema\/logo\/image\/"},"sameAs":["https:\/\/facebook.com\/billesandco\/","https:\/\/instagram.com\/billesandco\/"]}]}},"_links":{"self":[{"href":"https:\/\/billesandco.paris\/de\/wp-json\/wp\/v2\/product\/268100","targetHints":{"allow":["GET"]}}],"collection":[{"href":"https:\/\/billesandco.paris\/de\/wp-json\/wp\/v2\/product"}],"about":[{"href":"https:\/\/billesandco.paris\/de\/wp-json\/wp\/v2\/types\/product"}],"wp:featuredmedia":[{"embeddable":true,"href":"https:\/\/billesandco.paris\/de\/wp-json\/wp\/v2\/media\/268103"}],"wp:attachment":[{"href":"https:\/\/billesandco.paris\/de\/wp-json\/wp\/v2\/media?parent=268100"}],"wp:term":[{"taxonomy":"product_brand","embeddable":true,"href":"https:\/\/billesandco.paris\/de\/wp-json\/wp\/v2\/product_brand?post=268100"},{"taxonomy":"product_cat","embeddable":true,"href":"https:\/\/billesandco.paris\/de\/wp-json\/wp\/v2\/product_cat?post=268100"},{"taxonomy":"product_tag","embeddable":true,"href":"https:\/\/billesandco.paris\/de\/wp-json\/wp\/v2\/product_tag?post=268100"}],"curies":[{"name":"wp","href":"https:\/\/api.w.org\/{rel}","templated":true}]}}