{"id":268070,"date":"2025-09-23T19:23:14","date_gmt":"2025-09-23T17:23:14","guid":{"rendered":"https:\/\/billesandco.paris\/produit\/anubis-2-2\/"},"modified":"2025-10-09T18:40:33","modified_gmt":"2025-10-09T16:40:33","slug":"anubis-2","status":"publish","type":"product","link":"https:\/\/billesandco.paris\/de\/produit\/anubis-2\/","title":{"rendered":"Anubis"},"content":{"rendered":"<p>29-teiliges Horus-Set, das 4 Sorten Murmeln und 3 Sorten Muggelsteinen enth\u00e4lt:<br \/>\n20 Murmeln (16 mm) und 9 Muggelsteinen (18-22 mm)<\/p>\n<ul>\n<li>Produkt entworfen und zusammengebaut in Frankreich &#8211; Murmeln hergestellt in Mexiko<\/li>\n<li>Zusammensetzung: 69% Glas &#8211; 3% Kunststoff &#8211; 28% Papier und Pappe<\/li>\n<li>Entspricht den CE- und ASTM\/CPSIA-Standards<\/li>\n<li>Verwendung ab 3 Jahren (Europa) oder 5 Jahren (USA)<\/li>\n<\/ul>\n<p><img data-recalc-dims=\"1\" decoding=\"async\" style=\"height: 20px;\" src=\"https:\/\/i0.wp.com\/billesandco.paris\/wp-content\/uploads\/2023\/03\/ce.png?w=1220&#038;ssl=1\" alt=\"CE\"><\/p>\n","protected":false},"excerpt":{"rendered":"<p>Die kleine Anubis-Schatulle enth\u00e4lt einen Schatz von 29 Murmeln und Muggelsteinen, die sorgf\u00e4ltig ausgew\u00e4hlt und von Hand in der Schatulle aufbewahrt werden. Ein einzigartiges Sortiment in den Farben des Gottes der Nekropole. Ein kleiner Schatz aus \u00c4gypten zum Spielen und Sammeln.  <\/p>\n<p>Auch in einer <a href=\"https:\/\/billesandco.paris\/produit\/anubis\/\">gro\u00dfen Schatulle<\/a> erh\u00e4ltlich.<\/p>\n","protected":false},"featured_media":268071,"template":"","meta":[],"product_brand":[],"product_cat":[314],"product_tag":[309,387,308,315,311,312],"class_list":{"0":"post-268070","1":"product","2":"type-product","3":"status-publish","4":"has-post-thumbnail","6":"product_cat-mini-box-de-2","7":"product_tag-agypten","8":"product_tag-anubis-de","9":"product_tag-nuggetmurmeln","10":"product_tag-sammlermurmeln","11":"product_tag-schatz","12":"product_tag-schatz-von-agypten","14":"first","15":"instock","16":"shipping-taxable","17":"purchasable","18":"product-type-simple"},"yoast_head":"<!-- This site is optimized with the Yoast SEO plugin v27.2 - https:\/\/yoast.com\/product\/yoast-seo-wordpress\/ -->\n<title>Mini-Box Anubis - Billes &amp; Co.<\/title>\n<meta name=\"description\" content=\"Anubis 29er Set - Eine einzigartige und seltene Auswahl von 29 Murmeln und Muggelsteinen in den Farben des \u00e4gyptischen Gottes der Nekropole.\" \/>\n<meta name=\"robots\" content=\"index, follow, max-snippet:-1, max-image-preview:large, max-video-preview:-1\" \/>\n<link rel=\"canonical\" href=\"https:\/\/billesandco.paris\/de\/produit\/anubis-2\/\" \/>\n<meta property=\"og:locale\" content=\"de_DE\" \/>\n<meta property=\"og:type\" content=\"article\" \/>\n<meta property=\"og:title\" content=\"Mini-Box Anubis - Billes &amp; Co.\" \/>\n<meta property=\"og:description\" content=\"Anubis 29er Set - Eine einzigartige und seltene Auswahl von 29 Murmeln und Muggelsteinen in den Farben des \u00e4gyptischen Gottes der Nekropole.\" \/>\n<meta property=\"og:url\" content=\"https:\/\/billesandco.paris\/de\/produit\/anubis-2\/\" \/>\n<meta property=\"og:site_name\" content=\"Billes &amp; Co.\" \/>\n<meta property=\"article:publisher\" content=\"https:\/\/facebook.com\/billesandco\/\" \/>\n<meta property=\"article:modified_time\" content=\"2025-10-09T16:40:33+00:00\" \/>\n<meta property=\"og:image\" content=\"https:\/\/i0.wp.com\/billesandco.paris\/wp-content\/uploads\/2025\/09\/MINIBOX-ANUBIS.png?fit=1610%2C1822&ssl=1\" \/>\n\t<meta property=\"og:image:width\" content=\"1610\" \/>\n\t<meta property=\"og:image:height\" content=\"1822\" \/>\n\t<meta property=\"og:image:type\" content=\"image\/png\" \/>\n<meta name=\"twitter:card\" content=\"summary_large_image\" \/>\n<script type=\"application\/ld+json\" class=\"yoast-schema-graph\">{\"@context\":\"https:\/\/schema.org\",\"@graph\":[{\"@type\":\"WebPage\",\"@id\":\"https:\/\/billesandco.paris\/de\/produit\/anubis-2\/\",\"url\":\"https:\/\/billesandco.paris\/de\/produit\/anubis-2\/\",\"name\":\"Mini-Box Anubis - Billes & Co.\",\"isPartOf\":{\"@id\":\"https:\/\/billesandco.paris\/de\/#website\"},\"primaryImageOfPage\":{\"@id\":\"https:\/\/billesandco.paris\/de\/produit\/anubis-2\/#primaryimage\"},\"image\":{\"@id\":\"https:\/\/billesandco.paris\/de\/produit\/anubis-2\/#primaryimage\"},\"thumbnailUrl\":\"https:\/\/i0.wp.com\/billesandco.paris\/wp-content\/uploads\/2025\/09\/MINIBOX-ANUBIS.png?fit=1610%2C1822&ssl=1\",\"datePublished\":\"2025-09-23T17:23:14+00:00\",\"dateModified\":\"2025-10-09T16:40:33+00:00\",\"description\":\"Anubis 29er Set - Eine einzigartige und seltene Auswahl von 29 Murmeln und Muggelsteinen in den Farben des \u00e4gyptischen Gottes der Nekropole.\",\"breadcrumb\":{\"@id\":\"https:\/\/billesandco.paris\/de\/produit\/anubis-2\/#breadcrumb\"},\"inLanguage\":\"de\",\"potentialAction\":[{\"@type\":\"ReadAction\",\"target\":[\"https:\/\/billesandco.paris\/de\/produit\/anubis-2\/\"]}]},{\"@type\":\"ImageObject\",\"inLanguage\":\"de\",\"@id\":\"https:\/\/billesandco.paris\/de\/produit\/anubis-2\/#primaryimage\",\"url\":\"https:\/\/i0.wp.com\/billesandco.paris\/wp-content\/uploads\/2025\/09\/MINIBOX-ANUBIS.png?fit=1610%2C1822&ssl=1\",\"contentUrl\":\"https:\/\/i0.wp.com\/billesandco.paris\/wp-content\/uploads\/2025\/09\/MINIBOX-ANUBIS.png?fit=1610%2C1822&ssl=1\",\"width\":1610,\"height\":1822},{\"@type\":\"BreadcrumbList\",\"@id\":\"https:\/\/billesandco.paris\/de\/produit\/anubis-2\/#breadcrumb\",\"itemListElement\":[{\"@type\":\"ListItem\",\"position\":1,\"name\":\"Accueil\",\"item\":\"https:\/\/billesandco.paris\/de\/\"},{\"@type\":\"ListItem\",\"position\":2,\"name\":\"Startseite\",\"item\":\"https:\/\/billesandco.paris\/de\/\"},{\"@type\":\"ListItem\",\"position\":3,\"name\":\"Anubis\"}]},{\"@type\":\"WebSite\",\"@id\":\"https:\/\/billesandco.paris\/de\/#website\",\"url\":\"https:\/\/billesandco.paris\/de\/\",\"name\":\"Billes & Co.\",\"description\":\"Universen zum Spielen und Sammeln\",\"publisher\":{\"@id\":\"https:\/\/billesandco.paris\/de\/#organization\"},\"alternateName\":\"B&CO.\",\"potentialAction\":[{\"@type\":\"SearchAction\",\"target\":{\"@type\":\"EntryPoint\",\"urlTemplate\":\"https:\/\/billesandco.paris\/de\/?s={search_term_string}\"},\"query-input\":{\"@type\":\"PropertyValueSpecification\",\"valueRequired\":true,\"valueName\":\"search_term_string\"}}],\"inLanguage\":\"de\"},{\"@type\":\"Organization\",\"@id\":\"https:\/\/billesandco.paris\/de\/#organization\",\"name\":\"Billes & Co.\",\"alternateName\":\"B&CO.\",\"url\":\"https:\/\/billesandco.paris\/de\/\",\"logo\":{\"@type\":\"ImageObject\",\"inLanguage\":\"de\",\"@id\":\"https:\/\/billesandco.paris\/de\/#\/schema\/logo\/image\/\",\"url\":\"https:\/\/billesandco.paris\/wp-content\/uploads\/2023\/01\/cropped-logoBCO.png\",\"contentUrl\":\"https:\/\/billesandco.paris\/wp-content\/uploads\/2023\/01\/cropped-logoBCO.png\",\"width\":512,\"height\":512,\"caption\":\"Billes & Co.\"},\"image\":{\"@id\":\"https:\/\/billesandco.paris\/de\/#\/schema\/logo\/image\/\"},\"sameAs\":[\"https:\/\/facebook.com\/billesandco\/\",\"https:\/\/instagram.com\/billesandco\/\"]}]}<\/script>\n<!-- \/ Yoast SEO plugin. -->","yoast_head_json":{"title":"Mini-Box Anubis - Billes & Co.","description":"Anubis 29er Set - Eine einzigartige und seltene Auswahl von 29 Murmeln und Muggelsteinen in den Farben des \u00e4gyptischen Gottes der Nekropole.","robots":{"index":"index","follow":"follow","max-snippet":"max-snippet:-1","max-image-preview":"max-image-preview:large","max-video-preview":"max-video-preview:-1"},"canonical":"https:\/\/billesandco.paris\/de\/produit\/anubis-2\/","og_locale":"de_DE","og_type":"article","og_title":"Mini-Box Anubis - Billes & Co.","og_description":"Anubis 29er Set - Eine einzigartige und seltene Auswahl von 29 Murmeln und Muggelsteinen in den Farben des \u00e4gyptischen Gottes der Nekropole.","og_url":"https:\/\/billesandco.paris\/de\/produit\/anubis-2\/","og_site_name":"Billes & Co.","article_publisher":"https:\/\/facebook.com\/billesandco\/","article_modified_time":"2025-10-09T16:40:33+00:00","og_image":[{"width":1610,"height":1822,"url":"https:\/\/i0.wp.com\/billesandco.paris\/wp-content\/uploads\/2025\/09\/MINIBOX-ANUBIS.png?fit=1610%2C1822&ssl=1","type":"image\/png"}],"twitter_card":"summary_large_image","schema":{"@context":"https:\/\/schema.org","@graph":[{"@type":"WebPage","@id":"https:\/\/billesandco.paris\/de\/produit\/anubis-2\/","url":"https:\/\/billesandco.paris\/de\/produit\/anubis-2\/","name":"Mini-Box Anubis - Billes & Co.","isPartOf":{"@id":"https:\/\/billesandco.paris\/de\/#website"},"primaryImageOfPage":{"@id":"https:\/\/billesandco.paris\/de\/produit\/anubis-2\/#primaryimage"},"image":{"@id":"https:\/\/billesandco.paris\/de\/produit\/anubis-2\/#primaryimage"},"thumbnailUrl":"https:\/\/i0.wp.com\/billesandco.paris\/wp-content\/uploads\/2025\/09\/MINIBOX-ANUBIS.png?fit=1610%2C1822&ssl=1","datePublished":"2025-09-23T17:23:14+00:00","dateModified":"2025-10-09T16:40:33+00:00","description":"Anubis 29er Set - Eine einzigartige und seltene Auswahl von 29 Murmeln und Muggelsteinen in den Farben des \u00e4gyptischen Gottes der Nekropole.","breadcrumb":{"@id":"https:\/\/billesandco.paris\/de\/produit\/anubis-2\/#breadcrumb"},"inLanguage":"de","potentialAction":[{"@type":"ReadAction","target":["https:\/\/billesandco.paris\/de\/produit\/anubis-2\/"]}]},{"@type":"ImageObject","inLanguage":"de","@id":"https:\/\/billesandco.paris\/de\/produit\/anubis-2\/#primaryimage","url":"https:\/\/i0.wp.com\/billesandco.paris\/wp-content\/uploads\/2025\/09\/MINIBOX-ANUBIS.png?fit=1610%2C1822&ssl=1","contentUrl":"https:\/\/i0.wp.com\/billesandco.paris\/wp-content\/uploads\/2025\/09\/MINIBOX-ANUBIS.png?fit=1610%2C1822&ssl=1","width":1610,"height":1822},{"@type":"BreadcrumbList","@id":"https:\/\/billesandco.paris\/de\/produit\/anubis-2\/#breadcrumb","itemListElement":[{"@type":"ListItem","position":1,"name":"Accueil","item":"https:\/\/billesandco.paris\/de\/"},{"@type":"ListItem","position":2,"name":"Startseite","item":"https:\/\/billesandco.paris\/de\/"},{"@type":"ListItem","position":3,"name":"Anubis"}]},{"@type":"WebSite","@id":"https:\/\/billesandco.paris\/de\/#website","url":"https:\/\/billesandco.paris\/de\/","name":"Billes & Co.","description":"Universen zum Spielen und Sammeln","publisher":{"@id":"https:\/\/billesandco.paris\/de\/#organization"},"alternateName":"B&CO.","potentialAction":[{"@type":"SearchAction","target":{"@type":"EntryPoint","urlTemplate":"https:\/\/billesandco.paris\/de\/?s={search_term_string}"},"query-input":{"@type":"PropertyValueSpecification","valueRequired":true,"valueName":"search_term_string"}}],"inLanguage":"de"},{"@type":"Organization","@id":"https:\/\/billesandco.paris\/de\/#organization","name":"Billes & Co.","alternateName":"B&CO.","url":"https:\/\/billesandco.paris\/de\/","logo":{"@type":"ImageObject","inLanguage":"de","@id":"https:\/\/billesandco.paris\/de\/#\/schema\/logo\/image\/","url":"https:\/\/billesandco.paris\/wp-content\/uploads\/2023\/01\/cropped-logoBCO.png","contentUrl":"https:\/\/billesandco.paris\/wp-content\/uploads\/2023\/01\/cropped-logoBCO.png","width":512,"height":512,"caption":"Billes & Co."},"image":{"@id":"https:\/\/billesandco.paris\/de\/#\/schema\/logo\/image\/"},"sameAs":["https:\/\/facebook.com\/billesandco\/","https:\/\/instagram.com\/billesandco\/"]}]}},"_links":{"self":[{"href":"https:\/\/billesandco.paris\/de\/wp-json\/wp\/v2\/product\/268070","targetHints":{"allow":["GET"]}}],"collection":[{"href":"https:\/\/billesandco.paris\/de\/wp-json\/wp\/v2\/product"}],"about":[{"href":"https:\/\/billesandco.paris\/de\/wp-json\/wp\/v2\/types\/product"}],"wp:featuredmedia":[{"embeddable":true,"href":"https:\/\/billesandco.paris\/de\/wp-json\/wp\/v2\/media\/268071"}],"wp:attachment":[{"href":"https:\/\/billesandco.paris\/de\/wp-json\/wp\/v2\/media?parent=268070"}],"wp:term":[{"taxonomy":"product_brand","embeddable":true,"href":"https:\/\/billesandco.paris\/de\/wp-json\/wp\/v2\/product_brand?post=268070"},{"taxonomy":"product_cat","embeddable":true,"href":"https:\/\/billesandco.paris\/de\/wp-json\/wp\/v2\/product_cat?post=268070"},{"taxonomy":"product_tag","embeddable":true,"href":"https:\/\/billesandco.paris\/de\/wp-json\/wp\/v2\/product_tag?post=268070"}],"curies":[{"name":"wp","href":"https:\/\/api.w.org\/{rel}","templated":true}]}}