{"id":268056,"date":"2023-05-30T17:13:18","date_gmt":"2023-05-30T15:13:18","guid":{"rendered":"https:\/\/billesandco.paris\/politique-de-confidentialite\/"},"modified":"2025-10-08T17:20:26","modified_gmt":"2025-10-08T15:20:26","slug":"politique-de-confidentialite","status":"publish","type":"page","link":"https:\/\/billesandco.paris\/de\/politique-de-confidentialite\/","title":{"rendered":"Datenschutzrichtlinie"},"content":{"rendered":"\t\t<div data-elementor-type=\"wp-page\" data-elementor-id=\"268056\" class=\"elementor elementor-268056 elementor-4399\">\n\t\t\t\t\t\t<section class=\"elementor-section elementor-top-section elementor-element elementor-element-5336cac elementor-section-boxed elementor-section-height-default elementor-section-height-default\" data-id=\"5336cac\" data-element_type=\"section\" data-e-type=\"section\">\n\t\t\t\t\t\t<div class=\"elementor-container elementor-column-gap-default\">\n\t\t\t\t\t<div class=\"elementor-column elementor-col-100 elementor-top-column elementor-element elementor-element-4efb849\" data-id=\"4efb849\" data-element_type=\"column\" data-e-type=\"column\">\n\t\t\t<div class=\"elementor-widget-wrap elementor-element-populated\">\n\t\t\t\t\t\t<div class=\"elementor-element elementor-element-04486d7 elementor-widget elementor-widget-spacer\" data-id=\"04486d7\" data-element_type=\"widget\" data-e-type=\"widget\" data-widget_type=\"spacer.default\">\n\t\t\t\t<div class=\"elementor-widget-container\">\n\t\t\t\t\t\t\t<div class=\"elementor-spacer\">\n\t\t\t<div class=\"elementor-spacer-inner\"><\/div>\n\t\t<\/div>\n\t\t\t\t\t\t<\/div>\n\t\t\t\t<\/div>\n\t\t\t\t<div class=\"elementor-element elementor-element-d278c0c elementor-widget elementor-widget-heading\" data-id=\"d278c0c\" data-element_type=\"widget\" data-e-type=\"widget\" data-widget_type=\"heading.default\">\n\t\t\t\t<div class=\"elementor-widget-container\">\n\t\t\t\t\t<h2 class=\"elementor-heading-title elementor-size-default\">Datenschutzpolitik<\/h2>\t\t\t\t<\/div>\n\t\t\t\t<\/div>\n\t\t\t\t<div class=\"elementor-element elementor-element-e798328 elementor-widget elementor-widget-spacer\" data-id=\"e798328\" data-element_type=\"widget\" data-e-type=\"widget\" data-widget_type=\"spacer.default\">\n\t\t\t\t<div class=\"elementor-widget-container\">\n\t\t\t\t\t\t\t<div class=\"elementor-spacer\">\n\t\t\t<div class=\"elementor-spacer-inner\"><\/div>\n\t\t<\/div>\n\t\t\t\t\t\t<\/div>\n\t\t\t\t<\/div>\n\t\t\t\t\t<\/div>\n\t\t<\/div>\n\t\t\t\t\t<\/div>\n\t\t<\/section>\n\t\t\t\t<section class=\"elementor-section elementor-top-section elementor-element elementor-element-1bfaf7a elementor-section-boxed elementor-section-height-default elementor-section-height-default\" data-id=\"1bfaf7a\" data-element_type=\"section\" data-e-type=\"section\">\n\t\t\t\t\t\t<div class=\"elementor-container elementor-column-gap-default\">\n\t\t\t\t\t<div class=\"elementor-column elementor-col-100 elementor-top-column elementor-element elementor-element-a1ed144\" data-id=\"a1ed144\" data-element_type=\"column\" data-e-type=\"column\">\n\t\t\t<div class=\"elementor-widget-wrap elementor-element-populated\">\n\t\t\t\t\t\t<div class=\"elementor-element elementor-element-b134f9d elementor-widget elementor-widget-heading\" data-id=\"b134f9d\" data-element_type=\"widget\" data-e-type=\"widget\" data-widget_type=\"heading.default\">\n\t\t\t\t<div class=\"elementor-widget-container\">\n\t\t\t\t\t<h4 class=\"elementor-heading-title elementor-size-default\">was wir sammeln und speichern<\/h4>\t\t\t\t<\/div>\n\t\t\t\t<\/div>\n\t\t\t\t<div class=\"elementor-element elementor-element-04c65cf elementor-widget elementor-widget-spacer\" data-id=\"04c65cf\" data-element_type=\"widget\" data-e-type=\"widget\" data-widget_type=\"spacer.default\">\n\t\t\t\t<div class=\"elementor-widget-container\">\n\t\t\t\t\t\t\t<div class=\"elementor-spacer\">\n\t\t\t<div class=\"elementor-spacer-inner\"><\/div>\n\t\t<\/div>\n\t\t\t\t\t\t<\/div>\n\t\t\t\t<\/div>\n\t\t\t\t<div class=\"elementor-element elementor-element-e240e64 elementor-widget elementor-widget-heading\" data-id=\"e240e64\" data-element_type=\"widget\" data-e-type=\"widget\" data-widget_type=\"heading.default\">\n\t\t\t\t<div class=\"elementor-widget-container\">\n\t\t\t\t\t<h5 class=\"elementor-heading-title elementor-size-default\">F\u00fcr Besucher :  \n<\/h5>\t\t\t\t<\/div>\n\t\t\t\t<\/div>\n\t\t\t\t<div class=\"elementor-element elementor-element-b800d8e elementor-widget elementor-widget-text-editor\" data-id=\"b800d8e\" data-element_type=\"widget\" data-e-type=\"widget\" data-widget_type=\"text-editor.default\">\n\t\t\t\t<div class=\"elementor-widget-container\">\n\t\t\t\t\t\t\t\t\t<p class=\"p1\">W\u00e4hrend Ihres Besuchs auf der Website verfolgen wir :<\/p><ul><li class=\"p1\">Produkte, die Sie gesehen haben: Hier k\u00f6nnen Sie z.B. Produkte anzeigen lassen, die Sie sich k\u00fcrzlich angesehen haben oder Ihnen Empfehlungen geben.<\/li><li class=\"p1\">Ihr Standort, IP-Adresse und Browsertyp: Wir verwenden diese f\u00fcr die Sch\u00e4tzung von Steuern und Versandkosten.<\/li><li class=\"p1\">Ihre Lieferadresse: Wir werden Sie bitten, diese einzugeben, um die Versandkosten zu berechnen, bevor Sie Ihre Bestellung aufgeben, und um Ihnen die Bestellung zuzusenden.<\/li><\/ul><p class=\"p1\">Wir erlauben Ihrem Browser, Informationen wie den Inhalt Ihres Warenkorbs, Ihre Wunschliste, Ihre bevorzugte Sprache oder Ihren Login-Status f\u00fcr Ihr Konto in Form von Cookies zu speichern, w\u00e4hrend Sie auf unserer Website surfen. Wenn Sie ein Konto einrichten, speichern wir Ihren Namen, Ihre Adresse, E-Mail-Adresse und Telefonnummer, die zur Vorausf\u00fcllung der Bestellbest\u00e4tigung f\u00fcr zuk\u00fcnftige Bestellungen verwendet werden. Sie k\u00f6nnen die L\u00f6schung dieser Informationen gem\u00e4\u00df dem franz\u00f6sischen Gesetz per E-Mail an folgende Adresse beantragen: contact@billesandco.paris  <\/p>\t\t\t\t\t\t\t\t<\/div>\n\t\t\t\t<\/div>\n\t\t\t\t<div class=\"elementor-element elementor-element-9d1be5b elementor-widget elementor-widget-spacer\" data-id=\"9d1be5b\" data-element_type=\"widget\" data-e-type=\"widget\" data-widget_type=\"spacer.default\">\n\t\t\t\t<div class=\"elementor-widget-container\">\n\t\t\t\t\t\t\t<div class=\"elementor-spacer\">\n\t\t\t<div class=\"elementor-spacer-inner\"><\/div>\n\t\t<\/div>\n\t\t\t\t\t\t<\/div>\n\t\t\t\t<\/div>\n\t\t\t\t<div class=\"elementor-element elementor-element-a7b9678 elementor-widget elementor-widget-heading\" data-id=\"a7b9678\" data-element_type=\"widget\" data-e-type=\"widget\" data-widget_type=\"heading.default\">\n\t\t\t\t<div class=\"elementor-widget-container\">\n\t\t\t\t\t<h5 class=\"elementor-heading-title elementor-size-default\">F\u00fcr Kunden :  \n<\/h5>\t\t\t\t<\/div>\n\t\t\t\t<\/div>\n\t\t\t\t<div class=\"elementor-element elementor-element-7a6ca40 elementor-widget elementor-widget-text-editor\" data-id=\"7a6ca40\" data-element_type=\"widget\" data-e-type=\"widget\" data-widget_type=\"text-editor.default\">\n\t\t\t\t<div class=\"elementor-widget-container\">\n\t\t\t\t\t\t\t\t\t<p class=\"p1\">Wenn Sie auf unserer Website einkaufen, werden Sie aufgefordert, Informationen wie Name, Rechnungsadresse, Lieferadresse, E-Mail-Adresse, Telefonnummer, Zahlungsdaten \/ Kreditkarte und eventuell Kontodaten wie Benutzername und Passwort anzugeben. Diese Informationen werden insbesondere f\u00fcr folgende Zwecke verwendet <\/p><ul><li class=\"p1\">Senden von Informationen \u00fcber Ihr Konto und Ihre Bestellung<\/li><li class=\"p1\">Beantwortung von Anfragen, einschlie\u00dflich Erstattungen und Beschwerden<\/li><li class=\"p1\">Zahlungsabwicklung und Betrugspr\u00e4vention<\/li><li class=\"p1\">Die Einrichtung Ihres Kontos f\u00fcr unseren Shop<\/li><li class=\"p1\">Erf\u00fcllung gesetzlicher Verpflichtungen, wie z. B. die Berechnung von Steuern<\/li><\/ul><p> <\/p><p class=\"p1\">Ihr Name, Ihre Adresse, Telefonnummer und E-Mail-Adresse werden auch an den von Ihnen gew\u00e4hlten Spediteur weitergeleitet, damit dieser Ihr Paket weiterleiten und Sie \u00fcber den Status des Pakets auf dem Laufenden halten kann. Wenn Sie Ihr Paket au\u00dferhalb des Schengen-Raums versenden lassen, werden wir auch Informationen \u00fcber den Inhalt Ihres Pakets an den Spediteur weiterleiten, um die Zollverfahren durchf\u00fchren zu k\u00f6nnen. Wir speichern Informationen einschlie\u00dflich Ihres Namens, Ihrer E-Mail-Adresse und Ihrer Anschrift auf unbestimmte Zeit, um unsere Buchhaltung zu f\u00fchren und Sie im Falle von Problemen kontaktieren zu k\u00f6nnen. Wir sind gesetzlich verpflichtet, alle Informationen auf Ihren Rechnungen f\u00fcr mindestens 10 Jahre aufzubewahren. Wir verpflichten uns, diese Informationen nicht an Dritte zu kommerziellen Zwecken oder zur Kundenwerbung weiterzugeben. Sie k\u00f6nnen die L\u00f6schung von Daten, die nicht f\u00fcr die Rechnung ben\u00f6tigt werden, sofort oder von allen Daten, die Sie nach Ablauf der 10 Jahre betreffen, per E-Mail an folgende Adresse beantragen: contact@billesandco.paris Wir speichern auch Kommentare oder Meinungen, wenn Sie sich daf\u00fcr entscheiden, diese zu senden.     <\/p><p class=\"p1\">Unsere Mitarbeiter und die Mitarbeiter unserer Buchhaltungsfirma haben Zugang zu den Informationen, die Sie uns zur Verf\u00fcgung stellen, damit sie z.B. Ihre Bestellung vorbereiten und versenden, R\u00fcckerstattungen vornehmen, Ihnen helfen und unsere Buchhaltung f\u00fchren k\u00f6nnen:<\/p><ul><li class=\"p1\">Bestellinformationen, wie z.B. was gekauft wurde, wann und wohin es versandt werden soll,<\/li><li class=\"p1\">Kundeninformationen wie Ihr Name, Ihre E-Mail-Adresse und Rechnungs- und Lieferinformationen.<\/li><\/ul><div> <\/div><p class=\"p1\">Wir akzeptieren Zahlungen per PayPal oder per Kreditkarte \u00fcber PayPal. Bei der Zahlungsabwicklung werden je nach gew\u00e4hlter Zahlungsmethode bestimmte Daten an unseren Partner weitergeleitet, darunter Informationen, die f\u00fcr die Ausf\u00fchrung der Zahlung erforderlich sind, wie z.B. der Gesamtbetrag oder die Rechnungsinformationen. Bitte lesen Sie die <a style=\"background-color: #ffffff;\" href=\"https:\/\/www.google.com\/url?sa=t&amp;rct=j&amp;q=&amp;esrc=s&amp;source=web&amp;cd=&amp;ved=2ahUKEwjokJebl53_AhW_T6QEHexfDXY4ChAWegQIBxAB&amp;url=https%3A%2F%2Fwww.paypalobjects.com%2Fwebstatic%2Fua%2Fpdf%2FEU%2Fprivacy.pdf&amp;usg=AOvVaw1XQWM-vqL4eITcef3Pncxi\">Datenschutzbestimmungen von PayPal<\/a> f\u00fcr weitere Einzelheiten.  <\/p>\t\t\t\t\t\t\t\t<\/div>\n\t\t\t\t<\/div>\n\t\t\t\t\t<\/div>\n\t\t<\/div>\n\t\t\t\t\t<\/div>\n\t\t<\/section>\n\t\t\t\t<section class=\"elementor-section elementor-top-section elementor-element elementor-element-5bf258e elementor-section-boxed elementor-section-height-default elementor-section-height-default\" data-id=\"5bf258e\" data-element_type=\"section\" data-e-type=\"section\">\n\t\t\t\t\t\t<div class=\"elementor-container elementor-column-gap-default\">\n\t\t\t\t\t<div class=\"elementor-column elementor-col-100 elementor-top-column elementor-element elementor-element-5b90e73\" data-id=\"5b90e73\" data-element_type=\"column\" data-e-type=\"column\">\n\t\t\t<div class=\"elementor-widget-wrap elementor-element-populated\">\n\t\t\t\t\t\t<div class=\"elementor-element elementor-element-b5246cb elementor-widget elementor-widget-spacer\" data-id=\"b5246cb\" data-element_type=\"widget\" data-e-type=\"widget\" data-widget_type=\"spacer.default\">\n\t\t\t\t<div class=\"elementor-widget-container\">\n\t\t\t\t\t\t\t<div class=\"elementor-spacer\">\n\t\t\t<div class=\"elementor-spacer-inner\"><\/div>\n\t\t<\/div>\n\t\t\t\t\t\t<\/div>\n\t\t\t\t<\/div>\n\t\t\t\t<div class=\"elementor-element elementor-element-4ecb7f4 elementor-widget elementor-widget-heading\" data-id=\"4ecb7f4\" data-element_type=\"widget\" data-e-type=\"widget\" data-widget_type=\"heading.default\">\n\t\t\t\t<div class=\"elementor-widget-container\">\n\t\t\t\t\t<h4 class=\"elementor-heading-title elementor-size-default\">Unsere Partner<\/h4>\t\t\t\t<\/div>\n\t\t\t\t<\/div>\n\t\t\t\t<div class=\"elementor-element elementor-element-e5f08aa elementor-widget elementor-widget-spacer\" data-id=\"e5f08aa\" data-element_type=\"widget\" data-e-type=\"widget\" data-widget_type=\"spacer.default\">\n\t\t\t\t<div class=\"elementor-widget-container\">\n\t\t\t\t\t\t\t<div class=\"elementor-spacer\">\n\t\t\t<div class=\"elementor-spacer-inner\"><\/div>\n\t\t<\/div>\n\t\t\t\t\t\t<\/div>\n\t\t\t\t<\/div>\n\t\t\t\t<div class=\"elementor-element elementor-element-d50db2f elementor-widget elementor-widget-text-editor\" data-id=\"d50db2f\" data-element_type=\"widget\" data-e-type=\"widget\" data-widget_type=\"text-editor.default\">\n\t\t\t\t<div class=\"elementor-widget-container\">\n\t\t\t\t\t\t\t\t\t<p class=\"p1\">Um die Spam-Filterung f\u00fcr unser Kontaktformular zu erm\u00f6glichen, verwenden wir den reCapcha-Service von Google, um Ihre Aktivit\u00e4ten auf unserer Website zu verfolgen und zu \u00fcberpr\u00fcfen, dass Sie kein Roboter sind. Diese Informationen werden in Cookies gespeichert und an Google weitergeleitet, so dass die Datenschutzrichtlinie und die Dienstleistungsbedingungen von Google gelten. PayPal ben\u00f6tigt ebenfalls Cookies auf unserer gesamten Website, um ordnungsgem\u00e4\u00df zu funktionieren. Die Datenschutzbestimmungen von PayPal finden ebenfalls Anwendung.   <\/p>\t\t\t\t\t\t\t\t<\/div>\n\t\t\t\t<\/div>\n\t\t\t\t<div class=\"elementor-element elementor-element-0b14aa9 elementor-widget elementor-widget-spacer\" data-id=\"0b14aa9\" data-element_type=\"widget\" data-e-type=\"widget\" data-widget_type=\"spacer.default\">\n\t\t\t\t<div class=\"elementor-widget-container\">\n\t\t\t\t\t\t\t<div class=\"elementor-spacer\">\n\t\t\t<div class=\"elementor-spacer-inner\"><\/div>\n\t\t<\/div>\n\t\t\t\t\t\t<\/div>\n\t\t\t\t<\/div>\n\t\t\t\t\t<\/div>\n\t\t<\/div>\n\t\t\t\t\t<\/div>\n\t\t<\/section>\n\t\t\t\t<\/div>\n\t\t","protected":false},"excerpt":{"rendered":"<p>Datenschutzpolitik was wir sammeln und speichern F\u00fcr Besucher : W\u00e4hrend Ihres Besuchs auf der Website verfolgen wir : Produkte, die Sie gesehen haben: Hier k\u00f6nnen Sie z.B. Produkte anzeigen lassen, die Sie sich k\u00fcrzlich angesehen haben oder Ihnen Empfehlungen geben. Ihr Standort, IP-Adresse und Browsertyp: Wir verwenden diese f\u00fcr die Sch\u00e4tzung von Steuern und Versandkosten. &hellip;<\/p>\n","protected":false},"author":1,"featured_media":0,"parent":0,"menu_order":0,"comment_status":"closed","ping_status":"closed","template":"","meta":{"footnotes":""},"class_list":["post-268056","page","type-page","status-publish","hentry"],"yoast_head":"<!-- This site is optimized with the Yoast SEO plugin v27.2 - https:\/\/yoast.com\/product\/yoast-seo-wordpress\/ -->\n<title>Datenschutzrichtlinie - Billes &amp; Co.<\/title>\n<meta name=\"robots\" content=\"index, follow, max-snippet:-1, max-image-preview:large, max-video-preview:-1\" \/>\n<link rel=\"canonical\" href=\"https:\/\/billesandco.paris\/de\/politique-de-confidentialite\/\" \/>\n<meta property=\"og:locale\" content=\"de_DE\" \/>\n<meta property=\"og:type\" content=\"article\" \/>\n<meta property=\"og:title\" content=\"Datenschutzrichtlinie - Billes &amp; Co.\" \/>\n<meta property=\"og:description\" content=\"Datenschutzpolitik was wir sammeln und speichern F\u00fcr Besucher : W\u00e4hrend Ihres Besuchs auf der Website verfolgen wir : Produkte, die Sie gesehen haben: Hier k\u00f6nnen Sie z.B. Produkte anzeigen lassen, die Sie sich k\u00fcrzlich angesehen haben oder Ihnen Empfehlungen geben. Ihr Standort, IP-Adresse und Browsertyp: Wir verwenden diese f\u00fcr die Sch\u00e4tzung von Steuern und Versandkosten. &hellip;\" \/>\n<meta property=\"og:url\" content=\"https:\/\/billesandco.paris\/de\/politique-de-confidentialite\/\" \/>\n<meta property=\"og:site_name\" content=\"Billes &amp; Co.\" \/>\n<meta property=\"article:publisher\" content=\"https:\/\/facebook.com\/billesandco\/\" \/>\n<meta property=\"article:modified_time\" content=\"2025-10-08T15:20:26+00:00\" \/>\n<meta name=\"twitter:card\" content=\"summary_large_image\" \/>\n<meta name=\"twitter:label1\" content=\"Gesch\u00e4tzte Lesezeit\" \/>\n\t<meta name=\"twitter:data1\" content=\"3\u00a0Minuten\" \/>\n<script type=\"application\/ld+json\" class=\"yoast-schema-graph\">{\"@context\":\"https:\/\/schema.org\",\"@graph\":[{\"@type\":\"WebPage\",\"@id\":\"https:\/\/billesandco.paris\/de\/politique-de-confidentialite\/\",\"url\":\"https:\/\/billesandco.paris\/de\/politique-de-confidentialite\/\",\"name\":\"Datenschutzrichtlinie - Billes & Co.\",\"isPartOf\":{\"@id\":\"https:\/\/billesandco.paris\/de\/#website\"},\"datePublished\":\"2023-05-30T15:13:18+00:00\",\"dateModified\":\"2025-10-08T15:20:26+00:00\",\"breadcrumb\":{\"@id\":\"https:\/\/billesandco.paris\/de\/politique-de-confidentialite\/#breadcrumb\"},\"inLanguage\":\"de\",\"potentialAction\":[{\"@type\":\"ReadAction\",\"target\":[\"https:\/\/billesandco.paris\/de\/politique-de-confidentialite\/\"]}]},{\"@type\":\"BreadcrumbList\",\"@id\":\"https:\/\/billesandco.paris\/de\/politique-de-confidentialite\/#breadcrumb\",\"itemListElement\":[{\"@type\":\"ListItem\",\"position\":1,\"name\":\"Accueil\",\"item\":\"https:\/\/billesandco.paris\/de\/\"},{\"@type\":\"ListItem\",\"position\":2,\"name\":\"Datenschutzrichtlinie\"}]},{\"@type\":\"WebSite\",\"@id\":\"https:\/\/billesandco.paris\/de\/#website\",\"url\":\"https:\/\/billesandco.paris\/de\/\",\"name\":\"Billes & Co.\",\"description\":\"Universen zum Spielen und Sammeln\",\"publisher\":{\"@id\":\"https:\/\/billesandco.paris\/de\/#organization\"},\"alternateName\":\"B&CO.\",\"potentialAction\":[{\"@type\":\"SearchAction\",\"target\":{\"@type\":\"EntryPoint\",\"urlTemplate\":\"https:\/\/billesandco.paris\/de\/?s={search_term_string}\"},\"query-input\":{\"@type\":\"PropertyValueSpecification\",\"valueRequired\":true,\"valueName\":\"search_term_string\"}}],\"inLanguage\":\"de\"},{\"@type\":\"Organization\",\"@id\":\"https:\/\/billesandco.paris\/de\/#organization\",\"name\":\"Billes & Co.\",\"alternateName\":\"B&CO.\",\"url\":\"https:\/\/billesandco.paris\/de\/\",\"logo\":{\"@type\":\"ImageObject\",\"inLanguage\":\"de\",\"@id\":\"https:\/\/billesandco.paris\/de\/#\/schema\/logo\/image\/\",\"url\":\"https:\/\/billesandco.paris\/wp-content\/uploads\/2023\/01\/cropped-logoBCO.png\",\"contentUrl\":\"https:\/\/billesandco.paris\/wp-content\/uploads\/2023\/01\/cropped-logoBCO.png\",\"width\":512,\"height\":512,\"caption\":\"Billes & Co.\"},\"image\":{\"@id\":\"https:\/\/billesandco.paris\/de\/#\/schema\/logo\/image\/\"},\"sameAs\":[\"https:\/\/facebook.com\/billesandco\/\",\"https:\/\/instagram.com\/billesandco\/\"]}]}<\/script>\n<!-- \/ Yoast SEO plugin. -->","yoast_head_json":{"title":"Datenschutzrichtlinie - Billes & Co.","robots":{"index":"index","follow":"follow","max-snippet":"max-snippet:-1","max-image-preview":"max-image-preview:large","max-video-preview":"max-video-preview:-1"},"canonical":"https:\/\/billesandco.paris\/de\/politique-de-confidentialite\/","og_locale":"de_DE","og_type":"article","og_title":"Datenschutzrichtlinie - Billes & Co.","og_description":"Datenschutzpolitik was wir sammeln und speichern F\u00fcr Besucher : W\u00e4hrend Ihres Besuchs auf der Website verfolgen wir : Produkte, die Sie gesehen haben: Hier k\u00f6nnen Sie z.B. Produkte anzeigen lassen, die Sie sich k\u00fcrzlich angesehen haben oder Ihnen Empfehlungen geben. Ihr Standort, IP-Adresse und Browsertyp: Wir verwenden diese f\u00fcr die Sch\u00e4tzung von Steuern und Versandkosten. &hellip;","og_url":"https:\/\/billesandco.paris\/de\/politique-de-confidentialite\/","og_site_name":"Billes & Co.","article_publisher":"https:\/\/facebook.com\/billesandco\/","article_modified_time":"2025-10-08T15:20:26+00:00","twitter_card":"summary_large_image","twitter_misc":{"Gesch\u00e4tzte Lesezeit":"3\u00a0Minuten"},"schema":{"@context":"https:\/\/schema.org","@graph":[{"@type":"WebPage","@id":"https:\/\/billesandco.paris\/de\/politique-de-confidentialite\/","url":"https:\/\/billesandco.paris\/de\/politique-de-confidentialite\/","name":"Datenschutzrichtlinie - Billes & Co.","isPartOf":{"@id":"https:\/\/billesandco.paris\/de\/#website"},"datePublished":"2023-05-30T15:13:18+00:00","dateModified":"2025-10-08T15:20:26+00:00","breadcrumb":{"@id":"https:\/\/billesandco.paris\/de\/politique-de-confidentialite\/#breadcrumb"},"inLanguage":"de","potentialAction":[{"@type":"ReadAction","target":["https:\/\/billesandco.paris\/de\/politique-de-confidentialite\/"]}]},{"@type":"BreadcrumbList","@id":"https:\/\/billesandco.paris\/de\/politique-de-confidentialite\/#breadcrumb","itemListElement":[{"@type":"ListItem","position":1,"name":"Accueil","item":"https:\/\/billesandco.paris\/de\/"},{"@type":"ListItem","position":2,"name":"Datenschutzrichtlinie"}]},{"@type":"WebSite","@id":"https:\/\/billesandco.paris\/de\/#website","url":"https:\/\/billesandco.paris\/de\/","name":"Billes & Co.","description":"Universen zum Spielen und Sammeln","publisher":{"@id":"https:\/\/billesandco.paris\/de\/#organization"},"alternateName":"B&CO.","potentialAction":[{"@type":"SearchAction","target":{"@type":"EntryPoint","urlTemplate":"https:\/\/billesandco.paris\/de\/?s={search_term_string}"},"query-input":{"@type":"PropertyValueSpecification","valueRequired":true,"valueName":"search_term_string"}}],"inLanguage":"de"},{"@type":"Organization","@id":"https:\/\/billesandco.paris\/de\/#organization","name":"Billes & Co.","alternateName":"B&CO.","url":"https:\/\/billesandco.paris\/de\/","logo":{"@type":"ImageObject","inLanguage":"de","@id":"https:\/\/billesandco.paris\/de\/#\/schema\/logo\/image\/","url":"https:\/\/billesandco.paris\/wp-content\/uploads\/2023\/01\/cropped-logoBCO.png","contentUrl":"https:\/\/billesandco.paris\/wp-content\/uploads\/2023\/01\/cropped-logoBCO.png","width":512,"height":512,"caption":"Billes & Co."},"image":{"@id":"https:\/\/billesandco.paris\/de\/#\/schema\/logo\/image\/"},"sameAs":["https:\/\/facebook.com\/billesandco\/","https:\/\/instagram.com\/billesandco\/"]}]}},"_links":{"self":[{"href":"https:\/\/billesandco.paris\/de\/wp-json\/wp\/v2\/pages\/268056","targetHints":{"allow":["GET"]}}],"collection":[{"href":"https:\/\/billesandco.paris\/de\/wp-json\/wp\/v2\/pages"}],"about":[{"href":"https:\/\/billesandco.paris\/de\/wp-json\/wp\/v2\/types\/page"}],"author":[{"embeddable":true,"href":"https:\/\/billesandco.paris\/de\/wp-json\/wp\/v2\/users\/1"}],"replies":[{"embeddable":true,"href":"https:\/\/billesandco.paris\/de\/wp-json\/wp\/v2\/comments?post=268056"}],"version-history":[{"count":2,"href":"https:\/\/billesandco.paris\/de\/wp-json\/wp\/v2\/pages\/268056\/revisions"}],"predecessor-version":[{"id":268058,"href":"https:\/\/billesandco.paris\/de\/wp-json\/wp\/v2\/pages\/268056\/revisions\/268058"}],"wp:attachment":[{"href":"https:\/\/billesandco.paris\/de\/wp-json\/wp\/v2\/media?parent=268056"}],"curies":[{"name":"wp","href":"https:\/\/api.w.org\/{rel}","templated":true}]}}