{"id":268050,"date":"2023-04-19T16:59:36","date_gmt":"2023-04-19T14:59:36","guid":{"rendered":"https:\/\/billesandco.paris\/conditions-de-livraison\/"},"modified":"2025-10-08T17:20:13","modified_gmt":"2025-10-08T15:20:13","slug":"conditions-de-livraison","status":"publish","type":"page","link":"https:\/\/billesandco.paris\/de\/conditions-de-livraison\/","title":{"rendered":"Lieferbedingungen"},"content":{"rendered":"\t\t<div data-elementor-type=\"wp-page\" data-elementor-id=\"268050\" class=\"elementor elementor-268050 elementor-4167\">\n\t\t\t\t\t\t<section class=\"elementor-section elementor-top-section elementor-element elementor-element-7d274eb elementor-section-boxed elementor-section-height-default elementor-section-height-default\" data-id=\"7d274eb\" data-element_type=\"section\" data-e-type=\"section\">\n\t\t\t\t\t\t<div class=\"elementor-container elementor-column-gap-default\">\n\t\t\t\t\t<div class=\"elementor-column elementor-col-100 elementor-top-column elementor-element elementor-element-83649d0\" data-id=\"83649d0\" data-element_type=\"column\" data-e-type=\"column\">\n\t\t\t<div class=\"elementor-widget-wrap elementor-element-populated\">\n\t\t\t\t\t\t<div class=\"elementor-element elementor-element-989bbf5 elementor-widget elementor-widget-spacer\" data-id=\"989bbf5\" data-element_type=\"widget\" data-e-type=\"widget\" data-widget_type=\"spacer.default\">\n\t\t\t\t<div class=\"elementor-widget-container\">\n\t\t\t\t\t\t\t<div class=\"elementor-spacer\">\n\t\t\t<div class=\"elementor-spacer-inner\"><\/div>\n\t\t<\/div>\n\t\t\t\t\t\t<\/div>\n\t\t\t\t<\/div>\n\t\t\t\t<div class=\"elementor-element elementor-element-c56b4ea elementor-widget elementor-widget-heading\" data-id=\"c56b4ea\" data-element_type=\"widget\" data-e-type=\"widget\" data-widget_type=\"heading.default\">\n\t\t\t\t<div class=\"elementor-widget-container\">\n\t\t\t\t\t<h1 class=\"elementor-heading-title elementor-size-default\">unsere Lieferbedingungen<\/h1>\t\t\t\t<\/div>\n\t\t\t\t<\/div>\n\t\t\t\t<div class=\"elementor-element elementor-element-bb79cff elementor-widget elementor-widget-spacer\" data-id=\"bb79cff\" data-element_type=\"widget\" data-e-type=\"widget\" data-widget_type=\"spacer.default\">\n\t\t\t\t<div class=\"elementor-widget-container\">\n\t\t\t\t\t\t\t<div class=\"elementor-spacer\">\n\t\t\t<div class=\"elementor-spacer-inner\"><\/div>\n\t\t<\/div>\n\t\t\t\t\t\t<\/div>\n\t\t\t\t<\/div>\n\t\t\t\t<div class=\"elementor-element elementor-element-6539a64 elementor-widget elementor-widget-text-editor\" data-id=\"6539a64\" data-element_type=\"widget\" data-e-type=\"widget\" data-widget_type=\"text-editor.default\">\n\t\t\t\t<div class=\"elementor-widget-container\">\n\t\t\t\t\t\t\t\t\t<p>Ab 2 gekauften Produkten ist die Lieferung nach Hause innerhalb Frankreichs, der Europ\u00e4ischen Union und Gro\u00dfbritanniens kostenlos.<\/p><p>Ihre Bestellungen werden nach Erhalt der Auftragsbest\u00e4tigung und der Zahlung bearbeitet. Der Versand erfolgt am Tag der Bestellung f\u00fcr Bestellungen, die vor 12 Uhr aufgegeben werden, oder am n\u00e4chsten Tag f\u00fcr Bestellungen, die nach 12 Uhr aufgegeben werden.   <\/p>\t\t\t\t\t\t\t\t<\/div>\n\t\t\t\t<\/div>\n\t\t\t\t<div class=\"elementor-element elementor-element-f758fac elementor-widget elementor-widget-spacer\" data-id=\"f758fac\" data-element_type=\"widget\" data-e-type=\"widget\" data-widget_type=\"spacer.default\">\n\t\t\t\t<div class=\"elementor-widget-container\">\n\t\t\t\t\t\t\t<div class=\"elementor-spacer\">\n\t\t\t<div class=\"elementor-spacer-inner\"><\/div>\n\t\t<\/div>\n\t\t\t\t\t\t<\/div>\n\t\t\t\t<\/div>\n\t\t\t\t<div class=\"elementor-element elementor-element-8f298ed elementor-widget elementor-widget-heading\" data-id=\"8f298ed\" data-element_type=\"widget\" data-e-type=\"widget\" data-widget_type=\"heading.default\">\n\t\t\t\t<div class=\"elementor-widget-container\">\n\t\t\t\t\t<h5 class=\"elementor-heading-title elementor-size-default\">Was passiert, nachdem ich meine Bestellung aufgegeben habe?  <\/h5>\t\t\t\t<\/div>\n\t\t\t\t<\/div>\n\t\t\t\t<div class=\"elementor-element elementor-element-a32f8e6 elementor-widget elementor-widget-text-editor\" data-id=\"a32f8e6\" data-element_type=\"widget\" data-e-type=\"widget\" data-widget_type=\"text-editor.default\">\n\t\t\t\t<div class=\"elementor-widget-container\">\n\t\t\t\t\t\t\t\t\t<p>Sobald das Paket an den Colissimo-Spediteur \u00fcbergeben wurde, erhalten Sie eine E-Mail, die Sie \u00fcber den Versand Ihrer Bestellung informiert und ggf. die Tracking-Nummer enth\u00e4lt. In allen F\u00e4llen und gem\u00e4\u00df den geltenden Normen k\u00f6nnen unsere Lieferfristen 30 Tage ab dem Datum der Best\u00e4tigung und Bezahlung Ihrer Bestellung nicht \u00fcberschreiten. <\/p>\t\t\t\t\t\t\t\t<\/div>\n\t\t\t\t<\/div>\n\t\t\t\t<div class=\"elementor-element elementor-element-d412d49 elementor-widget elementor-widget-spacer\" data-id=\"d412d49\" data-element_type=\"widget\" data-e-type=\"widget\" data-widget_type=\"spacer.default\">\n\t\t\t\t<div class=\"elementor-widget-container\">\n\t\t\t\t\t\t\t<div class=\"elementor-spacer\">\n\t\t\t<div class=\"elementor-spacer-inner\"><\/div>\n\t\t<\/div>\n\t\t\t\t\t\t<\/div>\n\t\t\t\t<\/div>\n\t\t\t\t<div class=\"elementor-element elementor-element-8b3e30f elementor-widget elementor-widget-heading\" data-id=\"8b3e30f\" data-element_type=\"widget\" data-e-type=\"widget\" data-widget_type=\"heading.default\">\n\t\t\t\t<div class=\"elementor-widget-container\">\n\t\t\t\t\t<h5 class=\"elementor-heading-title elementor-size-default\">Lieferung in Frankreich (Metropolitan)<\/h5>\t\t\t\t<\/div>\n\t\t\t\t<\/div>\n\t\t\t\t<div class=\"elementor-element elementor-element-6610f6f elementor-widget elementor-widget-text-editor\" data-id=\"6610f6f\" data-element_type=\"widget\" data-e-type=\"widget\" data-widget_type=\"text-editor.default\">\n\t\t\t\t<div class=\"elementor-widget-container\">\n\t\t\t\t\t\t\t\t\t<ul><li>1 Produkt gro\u00dfes Modell : 8,37\u20ac &#8211; 1 Produkt kleines Modell :7,59\u20ac.<\/li><li>Die Lieferung ist innerhalb Frankreichs ab 2 gekauften Produkten kostenlos.  <\/li><li>Die allgemeine Lieferzeit betr\u00e4gt zwischen 1 und 2 Werktagen.  <\/li><\/ul><p>Im Falle der Abwesenheit bei der Lieferung hinterl\u00e4sst der Zusteller einen Benachrichtigungsschein, um Sie \u00fcber den Status des Pakets zu informieren. Das Paket kann :   <\/p><ul><li>Abgabe am n\u00e4chstgelegenen Relais-Punkt<\/li><li>Neulieferung am n\u00e4chsten Tag zum angegebenen Zeitpunkt<\/li><\/ul><p>Sie k\u00f6nnen auch eine Lieferung an Ihren Arbeitsplatz w\u00e4hlen, wenn Sie den Namen des Unternehmens in Ihrer Lieferadresse deutlich angeben.  <\/p>\t\t\t\t\t\t\t\t<\/div>\n\t\t\t\t<\/div>\n\t\t\t\t<div class=\"elementor-element elementor-element-56a2012 elementor-widget elementor-widget-spacer\" data-id=\"56a2012\" data-element_type=\"widget\" data-e-type=\"widget\" data-widget_type=\"spacer.default\">\n\t\t\t\t<div class=\"elementor-widget-container\">\n\t\t\t\t\t\t\t<div class=\"elementor-spacer\">\n\t\t\t<div class=\"elementor-spacer-inner\"><\/div>\n\t\t<\/div>\n\t\t\t\t\t\t<\/div>\n\t\t\t\t<\/div>\n\t\t\t\t<div class=\"elementor-element elementor-element-aaca620 elementor-widget elementor-widget-heading\" data-id=\"aaca620\" data-element_type=\"widget\" data-e-type=\"widget\" data-widget_type=\"heading.default\">\n\t\t\t\t<div class=\"elementor-widget-container\">\n\t\t\t\t\t<h5 class=\"elementor-heading-title elementor-size-default\">Internationale Lieferung<\/h5>\t\t\t\t<\/div>\n\t\t\t\t<\/div>\n\t\t\t\t<div class=\"elementor-element elementor-element-4510235 elementor-widget elementor-widget-text-editor\" data-id=\"4510235\" data-element_type=\"widget\" data-e-type=\"widget\" data-widget_type=\"text-editor.default\">\n\t\t\t\t<div class=\"elementor-widget-container\">\n\t\t\t\t\t\t\t\t\t<ul><li>Wir liefern in mehr als 50 L\u00e4nder! Die Fristen sind die vom Colissimo International Service angegebenen.   <\/li><li>F\u00fcr die Mitgliedsstaaten der Europ\u00e4ischen Union und das Vereinigte K\u00f6nigreich ist die Lieferung ab 2 bestellten Produkten kostenlos.<\/li><li>F\u00fcr andere Bestimmungsorte oder Mengen beachten Sie bitte den Versandkostenrechner, der auf der <a href=\"https:\/\/billesandco.paris\/panier\/\">Warenkorbseite<\/a> verf\u00fcgbar ist.<\/li><li>In L\u00e4nder au\u00dferhalb der Europ\u00e4ischen Union erfolgt die Lieferung auf DDU-Basis (Delivery Duty Unpaid). Der Empf\u00e4nger muss dann beim Spediteur die Import- oder lokalen Steuern f\u00fcr seine Bestellung gem\u00e4\u00df den Vorschriften seines Landes entrichten. Wir liefern nicht an Postf\u00e4cher.  <\/li><\/ul>\t\t\t\t\t\t\t\t<\/div>\n\t\t\t\t<\/div>\n\t\t\t\t\t<\/div>\n\t\t<\/div>\n\t\t\t\t\t<\/div>\n\t\t<\/section>\n\t\t\t\t<section class=\"elementor-section elementor-top-section elementor-element elementor-element-57a1153 elementor-section-boxed elementor-section-height-default elementor-section-height-default\" data-id=\"57a1153\" data-element_type=\"section\" data-e-type=\"section\">\n\t\t\t\t\t\t<div class=\"elementor-container elementor-column-gap-default\">\n\t\t\t\t\t<div class=\"elementor-column elementor-col-100 elementor-top-column elementor-element elementor-element-0d5d25e\" data-id=\"0d5d25e\" data-element_type=\"column\" data-e-type=\"column\">\n\t\t\t<div class=\"elementor-widget-wrap elementor-element-populated\">\n\t\t\t\t\t\t<div class=\"elementor-element elementor-element-c8a6541 elementor-widget elementor-widget-spacer\" data-id=\"c8a6541\" data-element_type=\"widget\" data-e-type=\"widget\" data-widget_type=\"spacer.default\">\n\t\t\t\t<div class=\"elementor-widget-container\">\n\t\t\t\t\t\t\t<div class=\"elementor-spacer\">\n\t\t\t<div class=\"elementor-spacer-inner\"><\/div>\n\t\t<\/div>\n\t\t\t\t\t\t<\/div>\n\t\t\t\t<\/div>\n\t\t\t\t\t<\/div>\n\t\t<\/div>\n\t\t\t\t\t<\/div>\n\t\t<\/section>\n\t\t\t\t<\/div>\n\t\t","protected":false},"excerpt":{"rendered":"<p>unsere Lieferbedingungen Ab 2 gekauften Produkten ist die Lieferung nach Hause innerhalb Frankreichs, der Europ\u00e4ischen Union und Gro\u00dfbritanniens kostenlos. Ihre Bestellungen werden nach Erhalt der Auftragsbest\u00e4tigung und der Zahlung bearbeitet. Der Versand erfolgt am Tag der Bestellung f\u00fcr Bestellungen, die vor 12 Uhr aufgegeben werden, oder am n\u00e4chsten Tag f\u00fcr Bestellungen, die nach 12 Uhr &hellip;<\/p>\n","protected":false},"author":1,"featured_media":0,"parent":0,"menu_order":0,"comment_status":"closed","ping_status":"closed","template":"","meta":{"footnotes":""},"class_list":["post-268050","page","type-page","status-publish","hentry"],"yoast_head":"<!-- This site is optimized with the Yoast SEO plugin v27.2 - https:\/\/yoast.com\/product\/yoast-seo-wordpress\/ -->\n<title>Lieferbedingungen - Billes &amp; Co.<\/title>\n<meta name=\"robots\" content=\"index, follow, max-snippet:-1, max-image-preview:large, max-video-preview:-1\" \/>\n<link rel=\"canonical\" href=\"https:\/\/billesandco.paris\/de\/conditions-de-livraison\/\" \/>\n<meta property=\"og:locale\" content=\"de_DE\" \/>\n<meta property=\"og:type\" content=\"article\" \/>\n<meta property=\"og:title\" content=\"Lieferbedingungen - Billes &amp; Co.\" \/>\n<meta property=\"og:description\" content=\"unsere Lieferbedingungen Ab 2 gekauften Produkten ist die Lieferung nach Hause innerhalb Frankreichs, der Europ\u00e4ischen Union und Gro\u00dfbritanniens kostenlos. Ihre Bestellungen werden nach Erhalt der Auftragsbest\u00e4tigung und der Zahlung bearbeitet. Der Versand erfolgt am Tag der Bestellung f\u00fcr Bestellungen, die vor 12 Uhr aufgegeben werden, oder am n\u00e4chsten Tag f\u00fcr Bestellungen, die nach 12 Uhr &hellip;\" \/>\n<meta property=\"og:url\" content=\"https:\/\/billesandco.paris\/de\/conditions-de-livraison\/\" \/>\n<meta property=\"og:site_name\" content=\"Billes &amp; Co.\" \/>\n<meta property=\"article:publisher\" content=\"https:\/\/facebook.com\/billesandco\/\" \/>\n<meta property=\"article:modified_time\" content=\"2025-10-08T15:20:13+00:00\" \/>\n<meta name=\"twitter:card\" content=\"summary_large_image\" \/>\n<meta name=\"twitter:label1\" content=\"Gesch\u00e4tzte Lesezeit\" \/>\n\t<meta name=\"twitter:data1\" content=\"2\u00a0Minuten\" \/>\n<script type=\"application\/ld+json\" class=\"yoast-schema-graph\">{\"@context\":\"https:\/\/schema.org\",\"@graph\":[{\"@type\":\"WebPage\",\"@id\":\"https:\/\/billesandco.paris\/de\/conditions-de-livraison\/\",\"url\":\"https:\/\/billesandco.paris\/de\/conditions-de-livraison\/\",\"name\":\"Lieferbedingungen - Billes & Co.\",\"isPartOf\":{\"@id\":\"https:\/\/billesandco.paris\/de\/#website\"},\"datePublished\":\"2023-04-19T14:59:36+00:00\",\"dateModified\":\"2025-10-08T15:20:13+00:00\",\"breadcrumb\":{\"@id\":\"https:\/\/billesandco.paris\/de\/conditions-de-livraison\/#breadcrumb\"},\"inLanguage\":\"de\",\"potentialAction\":[{\"@type\":\"ReadAction\",\"target\":[\"https:\/\/billesandco.paris\/de\/conditions-de-livraison\/\"]}]},{\"@type\":\"BreadcrumbList\",\"@id\":\"https:\/\/billesandco.paris\/de\/conditions-de-livraison\/#breadcrumb\",\"itemListElement\":[{\"@type\":\"ListItem\",\"position\":1,\"name\":\"Accueil\",\"item\":\"https:\/\/billesandco.paris\/de\/\"},{\"@type\":\"ListItem\",\"position\":2,\"name\":\"Lieferbedingungen\"}]},{\"@type\":\"WebSite\",\"@id\":\"https:\/\/billesandco.paris\/de\/#website\",\"url\":\"https:\/\/billesandco.paris\/de\/\",\"name\":\"Billes & Co.\",\"description\":\"Universen zum Spielen und Sammeln\",\"publisher\":{\"@id\":\"https:\/\/billesandco.paris\/de\/#organization\"},\"alternateName\":\"B&CO.\",\"potentialAction\":[{\"@type\":\"SearchAction\",\"target\":{\"@type\":\"EntryPoint\",\"urlTemplate\":\"https:\/\/billesandco.paris\/de\/?s={search_term_string}\"},\"query-input\":{\"@type\":\"PropertyValueSpecification\",\"valueRequired\":true,\"valueName\":\"search_term_string\"}}],\"inLanguage\":\"de\"},{\"@type\":\"Organization\",\"@id\":\"https:\/\/billesandco.paris\/de\/#organization\",\"name\":\"Billes & Co.\",\"alternateName\":\"B&CO.\",\"url\":\"https:\/\/billesandco.paris\/de\/\",\"logo\":{\"@type\":\"ImageObject\",\"inLanguage\":\"de\",\"@id\":\"https:\/\/billesandco.paris\/de\/#\/schema\/logo\/image\/\",\"url\":\"https:\/\/billesandco.paris\/wp-content\/uploads\/2023\/01\/cropped-logoBCO.png\",\"contentUrl\":\"https:\/\/billesandco.paris\/wp-content\/uploads\/2023\/01\/cropped-logoBCO.png\",\"width\":512,\"height\":512,\"caption\":\"Billes & Co.\"},\"image\":{\"@id\":\"https:\/\/billesandco.paris\/de\/#\/schema\/logo\/image\/\"},\"sameAs\":[\"https:\/\/facebook.com\/billesandco\/\",\"https:\/\/instagram.com\/billesandco\/\"]}]}<\/script>\n<!-- \/ Yoast SEO plugin. -->","yoast_head_json":{"title":"Lieferbedingungen - Billes & Co.","robots":{"index":"index","follow":"follow","max-snippet":"max-snippet:-1","max-image-preview":"max-image-preview:large","max-video-preview":"max-video-preview:-1"},"canonical":"https:\/\/billesandco.paris\/de\/conditions-de-livraison\/","og_locale":"de_DE","og_type":"article","og_title":"Lieferbedingungen - Billes & Co.","og_description":"unsere Lieferbedingungen Ab 2 gekauften Produkten ist die Lieferung nach Hause innerhalb Frankreichs, der Europ\u00e4ischen Union und Gro\u00dfbritanniens kostenlos. Ihre Bestellungen werden nach Erhalt der Auftragsbest\u00e4tigung und der Zahlung bearbeitet. Der Versand erfolgt am Tag der Bestellung f\u00fcr Bestellungen, die vor 12 Uhr aufgegeben werden, oder am n\u00e4chsten Tag f\u00fcr Bestellungen, die nach 12 Uhr &hellip;","og_url":"https:\/\/billesandco.paris\/de\/conditions-de-livraison\/","og_site_name":"Billes & Co.","article_publisher":"https:\/\/facebook.com\/billesandco\/","article_modified_time":"2025-10-08T15:20:13+00:00","twitter_card":"summary_large_image","twitter_misc":{"Gesch\u00e4tzte Lesezeit":"2\u00a0Minuten"},"schema":{"@context":"https:\/\/schema.org","@graph":[{"@type":"WebPage","@id":"https:\/\/billesandco.paris\/de\/conditions-de-livraison\/","url":"https:\/\/billesandco.paris\/de\/conditions-de-livraison\/","name":"Lieferbedingungen - Billes & Co.","isPartOf":{"@id":"https:\/\/billesandco.paris\/de\/#website"},"datePublished":"2023-04-19T14:59:36+00:00","dateModified":"2025-10-08T15:20:13+00:00","breadcrumb":{"@id":"https:\/\/billesandco.paris\/de\/conditions-de-livraison\/#breadcrumb"},"inLanguage":"de","potentialAction":[{"@type":"ReadAction","target":["https:\/\/billesandco.paris\/de\/conditions-de-livraison\/"]}]},{"@type":"BreadcrumbList","@id":"https:\/\/billesandco.paris\/de\/conditions-de-livraison\/#breadcrumb","itemListElement":[{"@type":"ListItem","position":1,"name":"Accueil","item":"https:\/\/billesandco.paris\/de\/"},{"@type":"ListItem","position":2,"name":"Lieferbedingungen"}]},{"@type":"WebSite","@id":"https:\/\/billesandco.paris\/de\/#website","url":"https:\/\/billesandco.paris\/de\/","name":"Billes & Co.","description":"Universen zum Spielen und Sammeln","publisher":{"@id":"https:\/\/billesandco.paris\/de\/#organization"},"alternateName":"B&CO.","potentialAction":[{"@type":"SearchAction","target":{"@type":"EntryPoint","urlTemplate":"https:\/\/billesandco.paris\/de\/?s={search_term_string}"},"query-input":{"@type":"PropertyValueSpecification","valueRequired":true,"valueName":"search_term_string"}}],"inLanguage":"de"},{"@type":"Organization","@id":"https:\/\/billesandco.paris\/de\/#organization","name":"Billes & Co.","alternateName":"B&CO.","url":"https:\/\/billesandco.paris\/de\/","logo":{"@type":"ImageObject","inLanguage":"de","@id":"https:\/\/billesandco.paris\/de\/#\/schema\/logo\/image\/","url":"https:\/\/billesandco.paris\/wp-content\/uploads\/2023\/01\/cropped-logoBCO.png","contentUrl":"https:\/\/billesandco.paris\/wp-content\/uploads\/2023\/01\/cropped-logoBCO.png","width":512,"height":512,"caption":"Billes & Co."},"image":{"@id":"https:\/\/billesandco.paris\/de\/#\/schema\/logo\/image\/"},"sameAs":["https:\/\/facebook.com\/billesandco\/","https:\/\/instagram.com\/billesandco\/"]}]}},"_links":{"self":[{"href":"https:\/\/billesandco.paris\/de\/wp-json\/wp\/v2\/pages\/268050","targetHints":{"allow":["GET"]}}],"collection":[{"href":"https:\/\/billesandco.paris\/de\/wp-json\/wp\/v2\/pages"}],"about":[{"href":"https:\/\/billesandco.paris\/de\/wp-json\/wp\/v2\/types\/page"}],"author":[{"embeddable":true,"href":"https:\/\/billesandco.paris\/de\/wp-json\/wp\/v2\/users\/1"}],"replies":[{"embeddable":true,"href":"https:\/\/billesandco.paris\/de\/wp-json\/wp\/v2\/comments?post=268050"}],"version-history":[{"count":2,"href":"https:\/\/billesandco.paris\/de\/wp-json\/wp\/v2\/pages\/268050\/revisions"}],"predecessor-version":[{"id":268052,"href":"https:\/\/billesandco.paris\/de\/wp-json\/wp\/v2\/pages\/268050\/revisions\/268052"}],"wp:attachment":[{"href":"https:\/\/billesandco.paris\/de\/wp-json\/wp\/v2\/media?parent=268050"}],"curies":[{"name":"wp","href":"https:\/\/api.w.org\/{rel}","templated":true}]}}