{"id":268022,"date":"2020-07-07T21:15:29","date_gmt":"2020-07-07T19:15:29","guid":{"rendered":"https:\/\/billesandco.paris\/home-banner\/"},"modified":"2025-11-19T21:04:23","modified_gmt":"2025-11-19T20:04:23","slug":"home-banner","status":"publish","type":"page","link":"https:\/\/billesandco.paris\/de\/home-banner\/","title":{"rendered":"Startseite"},"content":{"rendered":"\t\t<div data-elementor-type=\"wp-page\" data-elementor-id=\"268022\" class=\"elementor elementor-268022 elementor-1065\">\n\t\t\t\t\t\t<section class=\"elementor-section elementor-top-section elementor-element elementor-element-7b62a32 elementor-section-full_width elementor-section-height-default elementor-section-height-default\" data-id=\"7b62a32\" data-element_type=\"section\" data-e-type=\"section\">\n\t\t\t\t\t\t<div class=\"elementor-container elementor-column-gap-no\">\n\t\t\t\t\t<div class=\"elementor-column elementor-col-100 elementor-top-column elementor-element elementor-element-244bac0\" data-id=\"244bac0\" data-element_type=\"column\" data-e-type=\"column\">\n\t\t\t<div class=\"elementor-widget-wrap elementor-element-populated\">\n\t\t\t\t\t\t<div class=\"elementor-element elementor-element-7ea4ef6 elementor-widget__width-inherit elementor-widget-tablet__width-inherit elementor-widget elementor-widget-text-editor\" data-id=\"7ea4ef6\" data-element_type=\"widget\" data-e-type=\"widget\" data-widget_type=\"text-editor.default\">\n\t\t\t\t<div class=\"elementor-widget-container\">\n\t\t\t\t\t\t\t\t\t<picture><source srcset=\"\/wp-content\/uploads\/2025\/11\/bco-banner-dino-desktop.jpg\" media=\"(orientation: landscape)\"><\/source><source srcset=\"\/wp-content\/uploads\/2025\/11\/bco-banner-dino-mobile-e1763582377981.jpg\" media=\"(orientation: portrait)\"><\/source><img decoding=\"async\" style=\"width: 100%\" src=\"\/wp-content\/uploads\/2025\/11\/bco-banner-dino-desktop.jpg\" alt=\"\"><\/picture>\t\t\t\t\t\t\t\t<\/div>\n\t\t\t\t<\/div>\n\t\t\t\t\t<\/div>\n\t\t<\/div>\n\t\t\t\t\t<\/div>\n\t\t<\/section>\n\t\t\t\t<section class=\"elementor-section elementor-top-section elementor-element elementor-element-446cc56 elementor-section-boxed elementor-section-height-default elementor-section-height-default\" data-id=\"446cc56\" data-element_type=\"section\" data-e-type=\"section\">\n\t\t\t\t\t\t<div class=\"elementor-container elementor-column-gap-default\">\n\t\t\t\t\t<div class=\"elementor-column elementor-col-100 elementor-top-column elementor-element elementor-element-ed0aa27\" data-id=\"ed0aa27\" data-element_type=\"column\" data-e-type=\"column\">\n\t\t\t<div class=\"elementor-widget-wrap elementor-element-populated\">\n\t\t\t\t\t\t<div class=\"elementor-element elementor-element-b3af80c elementor-widget elementor-widget-text-editor\" data-id=\"b3af80c\" data-element_type=\"widget\" data-e-type=\"widget\" data-widget_type=\"text-editor.default\">\n\t\t\t\t<div class=\"elementor-widget-container\">\n\t\t\t\t\t\t\t\t\t<h1 class=\"homepage-header-title\" style=\"letter-spacing:0.3em\">SCHATZKISTEN<\/h1>\t\t\t\t\t\t\t\t<\/div>\n\t\t\t\t<\/div>\n\t\t\t\t<div class=\"elementor-element elementor-element-e690eb7 elementor-widget-divider--view-line elementor-widget elementor-widget-divider\" data-id=\"e690eb7\" data-element_type=\"widget\" data-e-type=\"widget\" data-widget_type=\"divider.default\">\n\t\t\t\t<div class=\"elementor-widget-container\">\n\t\t\t\t\t\t\t<div class=\"elementor-divider\">\n\t\t\t<span class=\"elementor-divider-separator\">\n\t\t\t\t\t\t<\/span>\n\t\t<\/div>\n\t\t\t\t\t\t<\/div>\n\t\t\t\t<\/div>\n\t\t\t\t\t<\/div>\n\t\t<\/div>\n\t\t\t\t\t<\/div>\n\t\t<\/section>\n\t\t\t\t<section class=\"elementor-section elementor-top-section elementor-element elementor-element-bbaaf9e elementor-section-boxed elementor-section-height-default elementor-section-height-default\" data-id=\"bbaaf9e\" data-element_type=\"section\" data-e-type=\"section\">\n\t\t\t\t\t\t<div class=\"elementor-container elementor-column-gap-default\">\n\t\t\t\t\t<div class=\"elementor-column elementor-col-100 elementor-top-column elementor-element elementor-element-bc155d7\" data-id=\"bc155d7\" data-element_type=\"column\" data-e-type=\"column\">\n\t\t\t<div class=\"elementor-widget-wrap elementor-element-populated\">\n\t\t\t\t\t\t<div class=\"elementor-element elementor-element-a5b9e74 elementor-widget__width-initial elementor-widget elementor-widget-text-editor\" data-id=\"a5b9e74\" data-element_type=\"widget\" data-e-type=\"widget\" data-widget_type=\"text-editor.default\">\n\t\t\t\t<div class=\"elementor-widget-container\">\n\t\t\t\t\t\t\t\t\t<p class=\"homepage-header-body\">ENTDECKEN SIE DIE MAGIE DER MURMELN WIEDER, DIE SEIT JEHER DIE AUGEN VON GROSS UND KLEIN ZUM LEUCHTEN BRINGEN. BILLES &amp; CO. BIETET EIN ORIGINELLES, AUTHENTISCHES UND KREATIVES KONZEPT. DIE MURMELN WERDEN SORGF\u00c4LTIG AUSGEW\u00c4HLT UND IN SCH\u00d6NEN, BUNTEN UND ILLUSTRIERTEN SCHACHTELN AUFBEWAHRT, SO DASS SIE ZU KLEINEN SCH\u00c4TZEN WERDEN, DIE MAN BEWUNDERN, SPIELEN UND SAMMELN KANN.   <\/p>\t\t\t\t\t\t\t\t<\/div>\n\t\t\t\t<\/div>\n\t\t\t\t\t<\/div>\n\t\t<\/div>\n\t\t\t\t\t<\/div>\n\t\t<\/section>\n\t\t\t\t<\/div>\n\t\t","protected":false},"excerpt":{"rendered":"<p>SCHATZKISTEN ENTDECKEN SIE DIE MAGIE DER MURMELN WIEDER, DIE SEIT JEHER DIE AUGEN VON GROSS UND KLEIN ZUM LEUCHTEN BRINGEN. BILLES &amp; CO. BIETET EIN ORIGINELLES, AUTHENTISCHES UND KREATIVES KONZEPT. DIE MURMELN WERDEN SORGF\u00c4LTIG AUSGEW\u00c4HLT UND IN SCH\u00d6NEN, BUNTEN UND ILLUSTRIERTEN SCHACHTELN AUFBEWAHRT, SO DASS SIE ZU KLEINEN SCH\u00c4TZEN WERDEN, DIE MAN BEWUNDERN, SPIELEN UND &hellip;<\/p>\n","protected":false},"author":1,"featured_media":0,"parent":0,"menu_order":0,"comment_status":"closed","ping_status":"closed","template":"templates\/page-full.php","meta":{"footnotes":""},"class_list":["post-268022","page","type-page","status-publish","hentry"],"yoast_head":"<!-- This site is optimized with the Yoast SEO plugin v27.2 - https:\/\/yoast.com\/product\/yoast-seo-wordpress\/ -->\n<title>Startseite - Billes &amp; Co.<\/title>\n<meta name=\"robots\" content=\"index, follow, max-snippet:-1, max-image-preview:large, max-video-preview:-1\" \/>\n<link rel=\"canonical\" href=\"https:\/\/billesandco.paris\/de\/home-banner\/\" \/>\n<meta property=\"og:locale\" content=\"de_DE\" \/>\n<meta property=\"og:type\" content=\"article\" \/>\n<meta property=\"og:title\" content=\"Startseite - Billes &amp; Co.\" \/>\n<meta property=\"og:description\" content=\"SCHATZKISTEN ENTDECKEN SIE DIE MAGIE DER MURMELN WIEDER, DIE SEIT JEHER DIE AUGEN VON GROSS UND KLEIN ZUM LEUCHTEN BRINGEN. BILLES &amp; CO. BIETET EIN ORIGINELLES, AUTHENTISCHES UND KREATIVES KONZEPT. DIE MURMELN WERDEN SORGF\u00c4LTIG AUSGEW\u00c4HLT UND IN SCH\u00d6NEN, BUNTEN UND ILLUSTRIERTEN SCHACHTELN AUFBEWAHRT, SO DASS SIE ZU KLEINEN SCH\u00c4TZEN WERDEN, DIE MAN BEWUNDERN, SPIELEN UND &hellip;\" \/>\n<meta property=\"og:url\" content=\"https:\/\/billesandco.paris\/de\/home-banner\/\" \/>\n<meta property=\"og:site_name\" content=\"Billes &amp; Co.\" \/>\n<meta property=\"article:publisher\" content=\"https:\/\/facebook.com\/billesandco\/\" \/>\n<meta property=\"article:modified_time\" content=\"2025-11-19T20:04:23+00:00\" \/>\n<meta name=\"twitter:card\" content=\"summary_large_image\" \/>\n<script type=\"application\/ld+json\" class=\"yoast-schema-graph\">{\"@context\":\"https:\/\/schema.org\",\"@graph\":[{\"@type\":\"WebPage\",\"@id\":\"https:\/\/billesandco.paris\/de\/home-banner\/\",\"url\":\"https:\/\/billesandco.paris\/de\/home-banner\/\",\"name\":\"Startseite - Billes & Co.\",\"isPartOf\":{\"@id\":\"https:\/\/billesandco.paris\/de\/#website\"},\"datePublished\":\"2020-07-07T19:15:29+00:00\",\"dateModified\":\"2025-11-19T20:04:23+00:00\",\"breadcrumb\":{\"@id\":\"https:\/\/billesandco.paris\/de\/home-banner\/#breadcrumb\"},\"inLanguage\":\"de\",\"potentialAction\":[{\"@type\":\"ReadAction\",\"target\":[\"https:\/\/billesandco.paris\/de\/home-banner\/\"]}]},{\"@type\":\"BreadcrumbList\",\"@id\":\"https:\/\/billesandco.paris\/de\/home-banner\/#breadcrumb\",\"itemListElement\":[{\"@type\":\"ListItem\",\"position\":1,\"name\":\"Accueil\",\"item\":\"https:\/\/billesandco.paris\/de\/\"},{\"@type\":\"ListItem\",\"position\":2,\"name\":\"Startseite\"}]},{\"@type\":\"WebSite\",\"@id\":\"https:\/\/billesandco.paris\/de\/#website\",\"url\":\"https:\/\/billesandco.paris\/de\/\",\"name\":\"Billes & Co.\",\"description\":\"Universen zum Spielen und Sammeln\",\"publisher\":{\"@id\":\"https:\/\/billesandco.paris\/de\/#organization\"},\"alternateName\":\"B&CO.\",\"potentialAction\":[{\"@type\":\"SearchAction\",\"target\":{\"@type\":\"EntryPoint\",\"urlTemplate\":\"https:\/\/billesandco.paris\/de\/?s={search_term_string}\"},\"query-input\":{\"@type\":\"PropertyValueSpecification\",\"valueRequired\":true,\"valueName\":\"search_term_string\"}}],\"inLanguage\":\"de\"},{\"@type\":\"Organization\",\"@id\":\"https:\/\/billesandco.paris\/de\/#organization\",\"name\":\"Billes & Co.\",\"alternateName\":\"B&CO.\",\"url\":\"https:\/\/billesandco.paris\/de\/\",\"logo\":{\"@type\":\"ImageObject\",\"inLanguage\":\"de\",\"@id\":\"https:\/\/billesandco.paris\/de\/#\/schema\/logo\/image\/\",\"url\":\"https:\/\/billesandco.paris\/wp-content\/uploads\/2023\/01\/cropped-logoBCO.png\",\"contentUrl\":\"https:\/\/billesandco.paris\/wp-content\/uploads\/2023\/01\/cropped-logoBCO.png\",\"width\":512,\"height\":512,\"caption\":\"Billes & Co.\"},\"image\":{\"@id\":\"https:\/\/billesandco.paris\/de\/#\/schema\/logo\/image\/\"},\"sameAs\":[\"https:\/\/facebook.com\/billesandco\/\",\"https:\/\/instagram.com\/billesandco\/\"]}]}<\/script>\n<!-- \/ Yoast SEO plugin. -->","yoast_head_json":{"title":"Startseite - Billes & Co.","robots":{"index":"index","follow":"follow","max-snippet":"max-snippet:-1","max-image-preview":"max-image-preview:large","max-video-preview":"max-video-preview:-1"},"canonical":"https:\/\/billesandco.paris\/de\/home-banner\/","og_locale":"de_DE","og_type":"article","og_title":"Startseite - Billes & Co.","og_description":"SCHATZKISTEN ENTDECKEN SIE DIE MAGIE DER MURMELN WIEDER, DIE SEIT JEHER DIE AUGEN VON GROSS UND KLEIN ZUM LEUCHTEN BRINGEN. BILLES &amp; CO. BIETET EIN ORIGINELLES, AUTHENTISCHES UND KREATIVES KONZEPT. DIE MURMELN WERDEN SORGF\u00c4LTIG AUSGEW\u00c4HLT UND IN SCH\u00d6NEN, BUNTEN UND ILLUSTRIERTEN SCHACHTELN AUFBEWAHRT, SO DASS SIE ZU KLEINEN SCH\u00c4TZEN WERDEN, DIE MAN BEWUNDERN, SPIELEN UND &hellip;","og_url":"https:\/\/billesandco.paris\/de\/home-banner\/","og_site_name":"Billes & Co.","article_publisher":"https:\/\/facebook.com\/billesandco\/","article_modified_time":"2025-11-19T20:04:23+00:00","twitter_card":"summary_large_image","schema":{"@context":"https:\/\/schema.org","@graph":[{"@type":"WebPage","@id":"https:\/\/billesandco.paris\/de\/home-banner\/","url":"https:\/\/billesandco.paris\/de\/home-banner\/","name":"Startseite - Billes & Co.","isPartOf":{"@id":"https:\/\/billesandco.paris\/de\/#website"},"datePublished":"2020-07-07T19:15:29+00:00","dateModified":"2025-11-19T20:04:23+00:00","breadcrumb":{"@id":"https:\/\/billesandco.paris\/de\/home-banner\/#breadcrumb"},"inLanguage":"de","potentialAction":[{"@type":"ReadAction","target":["https:\/\/billesandco.paris\/de\/home-banner\/"]}]},{"@type":"BreadcrumbList","@id":"https:\/\/billesandco.paris\/de\/home-banner\/#breadcrumb","itemListElement":[{"@type":"ListItem","position":1,"name":"Accueil","item":"https:\/\/billesandco.paris\/de\/"},{"@type":"ListItem","position":2,"name":"Startseite"}]},{"@type":"WebSite","@id":"https:\/\/billesandco.paris\/de\/#website","url":"https:\/\/billesandco.paris\/de\/","name":"Billes & Co.","description":"Universen zum Spielen und Sammeln","publisher":{"@id":"https:\/\/billesandco.paris\/de\/#organization"},"alternateName":"B&CO.","potentialAction":[{"@type":"SearchAction","target":{"@type":"EntryPoint","urlTemplate":"https:\/\/billesandco.paris\/de\/?s={search_term_string}"},"query-input":{"@type":"PropertyValueSpecification","valueRequired":true,"valueName":"search_term_string"}}],"inLanguage":"de"},{"@type":"Organization","@id":"https:\/\/billesandco.paris\/de\/#organization","name":"Billes & Co.","alternateName":"B&CO.","url":"https:\/\/billesandco.paris\/de\/","logo":{"@type":"ImageObject","inLanguage":"de","@id":"https:\/\/billesandco.paris\/de\/#\/schema\/logo\/image\/","url":"https:\/\/billesandco.paris\/wp-content\/uploads\/2023\/01\/cropped-logoBCO.png","contentUrl":"https:\/\/billesandco.paris\/wp-content\/uploads\/2023\/01\/cropped-logoBCO.png","width":512,"height":512,"caption":"Billes & Co."},"image":{"@id":"https:\/\/billesandco.paris\/de\/#\/schema\/logo\/image\/"},"sameAs":["https:\/\/facebook.com\/billesandco\/","https:\/\/instagram.com\/billesandco\/"]}]}},"_links":{"self":[{"href":"https:\/\/billesandco.paris\/de\/wp-json\/wp\/v2\/pages\/268022","targetHints":{"allow":["GET"]}}],"collection":[{"href":"https:\/\/billesandco.paris\/de\/wp-json\/wp\/v2\/pages"}],"about":[{"href":"https:\/\/billesandco.paris\/de\/wp-json\/wp\/v2\/types\/page"}],"author":[{"embeddable":true,"href":"https:\/\/billesandco.paris\/de\/wp-json\/wp\/v2\/users\/1"}],"replies":[{"embeddable":true,"href":"https:\/\/billesandco.paris\/de\/wp-json\/wp\/v2\/comments?post=268022"}],"version-history":[{"count":5,"href":"https:\/\/billesandco.paris\/de\/wp-json\/wp\/v2\/pages\/268022\/revisions"}],"predecessor-version":[{"id":268631,"href":"https:\/\/billesandco.paris\/de\/wp-json\/wp\/v2\/pages\/268022\/revisions\/268631"}],"wp:attachment":[{"href":"https:\/\/billesandco.paris\/de\/wp-json\/wp\/v2\/media?parent=268022"}],"curies":[{"name":"wp","href":"https:\/\/api.w.org\/{rel}","templated":true}]}}